{"id":4729,"date":"2025-03-17T11:48:22","date_gmt":"2025-03-17T11:48:22","guid":{"rendered":"https:\/\/corrgo.ch\/?page_id=4729"},"modified":"2026-04-17T10:54:52","modified_gmt":"2026-04-17T08:54:52","slug":"descaling-derusting","status":"publish","type":"page","link":"https:\/\/corrgo.ch\/en\/descaling-derusting\/","title":{"rendered":"DESCALING &#038; DERUSTING"},"content":{"rendered":"\t\t<div data-elementor-type=\"wp-page\" data-elementor-id=\"4729\" class=\"elementor elementor-4729\">\n\t\t\t\t<div class=\"elementor-element elementor-element-e3be643 e-con-full qodef-custom-cursor--activate animated-slow e-transform e-flex elementor-invisible e-con e-parent\" data-id=\"e3be643\" data-element_type=\"container\" data-settings=\"{&quot;background_background&quot;:&quot;classic&quot;,&quot;animation&quot;:&quot;zoomIn&quot;,&quot;animation_delay&quot;:500,&quot;_transform_rotateZ_effect&quot;:{&quot;unit&quot;:&quot;px&quot;,&quot;size&quot;:0,&quot;sizes&quot;:[]},&quot;_transform_rotateZ_effect_tablet&quot;:{&quot;unit&quot;:&quot;deg&quot;,&quot;size&quot;:&quot;&quot;,&quot;sizes&quot;:[]},&quot;_transform_rotateZ_effect_mobile&quot;:{&quot;unit&quot;:&quot;deg&quot;,&quot;size&quot;:&quot;&quot;,&quot;sizes&quot;:[]}}\">\n\t\t\t\t<div class=\"elementor-element elementor-element-0abc1e9 elementor-widget elementor-widget-text-editor\" data-id=\"0abc1e9\" data-element_type=\"widget\" data-widget_type=\"text-editor.default\">\n\t\t\t\t<div class=\"elementor-widget-container\">\n\t\t\t\t\t\t\t\t\t<h2>Entkalkung und Entrostung<\/h2>\t\t\t\t\t\t\t\t<\/div>\n\t\t\t\t<\/div>\n\t\t\t\t<div class=\"elementor-element elementor-element-0efc37c elementor-widget elementor-widget-spacer\" data-id=\"0efc37c\" data-element_type=\"widget\" data-widget_type=\"spacer.default\">\n\t\t\t\t<div class=\"elementor-widget-container\">\n\t\t\t\t\t\t\t<div class=\"elementor-spacer\">\n\t\t\t<div class=\"elementor-spacer-inner\"><\/div>\n\t\t<\/div>\n\t\t\t\t\t\t<\/div>\n\t\t\t\t<\/div>\n\t\t\t\t<\/div>\n\t\t<div class=\"elementor-element elementor-element-7551071 e-flex e-con-boxed qodef-custom-cursor--deactivate e-con e-parent\" data-id=\"7551071\" data-element_type=\"container\">\n\t\t\t\t\t<div class=\"e-con-inner\">\n\t\t\t\t<div class=\"elementor-element elementor-element-862c45a elementor-widget elementor-widget-spacer\" data-id=\"862c45a\" data-element_type=\"widget\" data-widget_type=\"spacer.default\">\n\t\t\t\t<div class=\"elementor-widget-container\">\n\t\t\t\t\t\t\t<div class=\"elementor-spacer\">\n\t\t\t<div class=\"elementor-spacer-inner\"><\/div>\n\t\t<\/div>\n\t\t\t\t\t\t<\/div>\n\t\t\t\t<\/div>\n\t\t\t\t\t<\/div>\n\t\t\t\t<\/div>\n\t\t<div class=\"elementor-element elementor-element-cbd252e e-con-full qodef-custom-cursor--activate e-flex e-con e-parent\" data-id=\"cbd252e\" data-element_type=\"container\" data-settings=\"{&quot;background_background&quot;:&quot;classic&quot;}\">\n\t\t\t\t<div class=\"elementor-element elementor-element-8118b3a elementor-widget elementor-widget-spacer\" data-id=\"8118b3a\" data-element_type=\"widget\" data-widget_type=\"spacer.default\">\n\t\t\t\t<div class=\"elementor-widget-container\">\n\t\t\t\t\t\t\t<div class=\"elementor-spacer\">\n\t\t\t<div class=\"elementor-spacer-inner\"><\/div>\n\t\t<\/div>\n\t\t\t\t\t\t<\/div>\n\t\t\t\t<\/div>\n\t\t\t\t<div class=\"elementor-element elementor-element-ce77a8e elementor-widget__width-initial elementor-invisible elementor-widget elementor-widget-text-editor\" data-id=\"ce77a8e\" data-element_type=\"widget\" data-settings=\"{&quot;_animation&quot;:&quot;fadeIn&quot;}\" data-widget_type=\"text-editor.default\">\n\t\t\t\t<div class=\"elementor-widget-container\">\n\t\t\t\t\t\t\t\t\t<h4>Wir entkalken und entrosten schnell und nachhaltig!<\/h4>\t\t\t\t\t\t\t\t<\/div>\n\t\t\t\t<\/div>\n\t\t\t\t<div class=\"elementor-element elementor-element-5af5c55 elementor-widget elementor-widget-spacer\" data-id=\"5af5c55\" data-element_type=\"widget\" data-widget_type=\"spacer.default\">\n\t\t\t\t<div class=\"elementor-widget-container\">\n\t\t\t\t\t\t\t<div class=\"elementor-spacer\">\n\t\t\t<div class=\"elementor-spacer-inner\"><\/div>\n\t\t<\/div>\n\t\t\t\t\t\t<\/div>\n\t\t\t\t<\/div>\n\t\t\t\t<\/div>\n\t\t<div class=\"elementor-element elementor-element-1c22f08 e-flex e-con-boxed qodef-custom-cursor--deactivate e-con e-parent\" data-id=\"1c22f08\" data-element_type=\"container\">\n\t\t\t\t\t<div class=\"e-con-inner\">\n\t\t\t\t<div class=\"elementor-element elementor-element-c0c958b elementor-widget elementor-widget-spacer\" data-id=\"c0c958b\" data-element_type=\"widget\" data-widget_type=\"spacer.default\">\n\t\t\t\t<div class=\"elementor-widget-container\">\n\t\t\t\t\t\t\t<div class=\"elementor-spacer\">\n\t\t\t<div class=\"elementor-spacer-inner\"><\/div>\n\t\t<\/div>\n\t\t\t\t\t\t<\/div>\n\t\t\t\t<\/div>\n\t\t\t\t<div class=\"elementor-element elementor-element-dd73dad elementor-invisible elementor-widget elementor-widget-text-editor\" data-id=\"dd73dad\" data-element_type=\"widget\" data-settings=\"{&quot;_animation&quot;:&quot;fadeIn&quot;}\" data-widget_type=\"text-editor.default\">\n\t\t\t\t<div class=\"elementor-widget-container\">\n\t\t\t\t\t\t\t\t\t<h6>Kalkablagerungen und Rost finden sich h\u00e4ufig in Versorgungs- und Produktionsleitungen, Technikbereichen, Aussenoberfl\u00e4chen sowie W\u00e4rmetauschern wieder und verringern Durchfluss, W\u00e4rme\u00fcbergang sowie die Lebensdauer von Anlagen. Zur Sanierung werden unter Ber\u00fccksichtigung von Werkstoff, Oberfl\u00e4chenspezifikation, Prozessen, Korrosionsart und Entstehungshistorie individuell angepasste ein- oder mehrstufige chemische Reinigungsprozesse eingesetzt. Falls notwendig finden mechanische Vorbehandlungsstufen statt, um die Oberfl\u00e4chen f\u00fcr die chemische Kontaktierung vorzubereiten.<\/h6>\t\t\t\t\t\t\t\t<\/div>\n\t\t\t\t<\/div>\n\t\t\t\t<div class=\"elementor-element elementor-element-1204f16 elementor-invisible elementor-widget elementor-widget-text-editor\" data-id=\"1204f16\" data-element_type=\"widget\" data-settings=\"{&quot;_animation&quot;:&quot;fadeIn&quot;}\" data-widget_type=\"text-editor.default\">\n\t\t\t\t<div class=\"elementor-widget-container\">\n\t\t\t\t\t\t\t\t\t<h6>\u2022 Ursachenanalyse bestimmt das Sanierungsverfahren, kein trial-and error<br \/>\u2022 Verfahren werden meist bei Umgebungstemperatur durchgef\u00fchrt<br \/>\u2022 Einsatz von minimalen Chemikalienvolumen, Beh\u00e4lter und Anlagen m\u00fcssen nicht geflutet werden<br \/>\u2022 Kann in Zirkulation oder segmentweise oder im Wischverfahren erfolgen<br \/>\u2022 Chemikalien\/Sp\u00fclw\u00e4sser k\u00f6nnen optional vor-Ort entsorgt werden<br \/>\u2022 Verfahren k\u00f6nnen beliebig oft wiederholt werden, ohne die Oberfl\u00e4che aufzurauen<br \/>\u2022 Chemikalien kompatibel mit allen g\u00e4ngigen Kunststoffen<\/h6>\t\t\t\t\t\t\t\t<\/div>\n\t\t\t\t<\/div>\n\t\t\t\t<div class=\"elementor-element elementor-element-5dffc92 elementor-invisible elementor-widget elementor-widget-text-editor\" data-id=\"5dffc92\" data-element_type=\"widget\" data-settings=\"{&quot;_animation&quot;:&quot;fadeIn&quot;}\" data-widget_type=\"text-editor.default\">\n\t\t\t\t<div class=\"elementor-widget-container\">\n\t\t\t\t\t\t\t\t\t<h6>Unsere <strong><em>preventive maintenance<\/em><\/strong> und <strong><em>monitoring<\/em><\/strong>-Konzepte begleiten Sie langfristig und unterst\u00fctzen Sie bei der regelm\u00e4ssigen Inspektion und Dokumentation des Zustandes Ihrer Systeme. Ein kontrollierter Zustand verleiht Ihnen Souver\u00e4nit\u00e4t und erm\u00f6glicht die weitsichtige Planung notwendiger Instandsetzungsmassnahmen bereits fr\u00fchzeitig nach Entstehung lokaler Ablagerungen oder von Korrosion mit realistischem Aufwand.<br \/>Das versetzt uns in die Lage, unter Ber\u00fccksichtigung von Umwelt- und Risikoaspekten komfortabel anwendbare Verfahren und Chemikalien auszuw\u00e4hlen.<\/h6>\t\t\t\t\t\t\t\t<\/div>\n\t\t\t\t<\/div>\n\t\t\t\t<div class=\"elementor-element elementor-element-6d6aaa4 elementor-widget elementor-widget-spacer\" data-id=\"6d6aaa4\" data-element_type=\"widget\" data-widget_type=\"spacer.default\">\n\t\t\t\t<div class=\"elementor-widget-container\">\n\t\t\t\t\t\t\t<div class=\"elementor-spacer\">\n\t\t\t<div class=\"elementor-spacer-inner\"><\/div>\n\t\t<\/div>\n\t\t\t\t\t\t<\/div>\n\t\t\t\t<\/div>\n\t\t\t\t\t<\/div>\n\t\t\t\t<\/div>\n\t\t<div class=\"elementor-element elementor-element-3a371c8 e-flex e-con-boxed qodef-custom-cursor--deactivate e-con e-parent\" data-id=\"3a371c8\" data-element_type=\"container\" data-settings=\"{&quot;background_background&quot;:&quot;classic&quot;}\">\n\t\t\t\t\t<div class=\"e-con-inner\">\n\t\t<div class=\"elementor-element elementor-element-65bb6f3 e-con-full e-flex qodef-custom-cursor--deactivate e-con e-child\" data-id=\"65bb6f3\" data-element_type=\"container\">\n\t\t\t\t<div class=\"elementor-element elementor-element-3e9b90c elementor-widget__width-initial elementor-invisible elementor-widget elementor-widget-text-editor\" data-id=\"3e9b90c\" data-element_type=\"widget\" data-settings=\"{&quot;_animation&quot;:&quot;slideInLeft&quot;}\" data-widget_type=\"text-editor.default\">\n\t\t\t\t<div class=\"elementor-widget-container\">\n\t\t\t\t\t\t\t\t\t<h5><em><strong>Gew\u00f6hnen Sie sich nicht erst an Kalk oder Rost \u2013 kontaktieren Sie uns<\/strong><\/em><\/h5>\t\t\t\t\t\t\t\t<\/div>\n\t\t\t\t<\/div>\n\t\t\t\t<\/div>\n\t\t<div class=\"elementor-element elementor-element-4d68162 e-con-full e-flex qodef-custom-cursor--deactivate e-con e-child\" data-id=\"4d68162\" data-element_type=\"container\">\n\t\t\t\t<div class=\"elementor-element elementor-element-614f742 elementor-invisible elementor-widget elementor-widget-qi_addons_for_elementor_button\" data-id=\"614f742\" data-element_type=\"widget\" data-settings=\"{&quot;_animation&quot;:&quot;zoomIn&quot;}\" data-widget_type=\"qi_addons_for_elementor_button.default\">\n\t\t\t\t<div class=\"elementor-widget-container\">\n\t\t\t\t\t<a class=\"qodef-shortcode qodef-m qodef-qi-button qodef-html--link qodef-layout--outlined qodef-type--standard qodef-size--large qodef-icon--right qodef-hover--icon-move-horizontal-short\" href=\"https:\/\/corrgo.ch\/kontakt\/\" target=\"_self\">\n\t<span class=\"qodef-m-text\">KONTAKT<\/span>\n\t<\/a>\n\t\t\t\t<\/div>\n\t\t\t\t<\/div>\n\t\t\t\t<\/div>\n\t\t\t\t\t<\/div>\n\t\t\t\t<\/div>\n\t\t<div class=\"elementor-element elementor-element-1083e51 e-con-full e-flex qodef-custom-cursor--deactivate e-con e-parent\" data-id=\"1083e51\" data-element_type=\"container\">\n\t\t\t\t<div class=\"elementor-element elementor-element-b747572 elementor-widget elementor-widget-slider_revolution\" data-id=\"b747572\" data-element_type=\"widget\" data-widget_type=\"slider_revolution.default\">\n\t\t\t\t<div class=\"elementor-widget-container\">\n\t\t\t\t\t\n\t\t<div class=\"wp-block-themepunch-revslider\">\n\t\t\t\t<p class=\"rs-p-wp-fix\"><\/p>\n\t\t\t\t<sr7-module data-alias=\"DESCALING--DERUSTING\" data-id=\"48\" id=\"SR7_48_1\" class=\"rs-ov-hidden\" data-version=\"6.7.41\">\n\t\t\t\t\t<sr7-adjuster><\/sr7-adjuster>\n\t\t\t\t\t<sr7-content>\n\t\t\t\t\t\t<sr7-slide id=\"SR7_48_1-197\" data-key=\"197\">\n\t\t\t\t\t\t\t<sr7-bg id=\"SR7_48_1-197-1\" class=\"sr7-layer\"><noscript><img decoding=\"async\" src=\"https:\/\/corrgo.ch\/wp-content\/uploads\/2025\/03\/descaling_derusting1.jpg\" alt=\"\" title=\"descaling_derusting1\"><\/noscript><\/sr7-bg>\n\t\t\t\t\t\t<\/sr7-slide>\n\t\t\t\t\t\t<sr7-slide id=\"SR7_48_1-198\" data-key=\"198\">\n\t\t\t\t\t\t\t<sr7-bg id=\"SR7_48_1-198-1\" class=\"sr7-layer\"><noscript><img decoding=\"async\" src=\"https:\/\/corrgo.ch\/wp-content\/uploads\/2025\/03\/descaling_derusting2.jpg\" alt=\"\" title=\"descaling_derusting2\"><\/noscript><\/sr7-bg>\n\t\t\t\t\t\t<\/sr7-slide>\n\t\t\t\t\t\t<sr7-slide id=\"SR7_48_1-200\" data-key=\"200\">\n\t\t\t\t\t\t\t<sr7-bg id=\"SR7_48_1-200-1\" class=\"sr7-layer\"><noscript><img decoding=\"async\" src=\"https:\/\/corrgo.ch\/wp-content\/uploads\/2025\/03\/descaling_derusting3.jpg\" alt=\"\" title=\"descaling_derusting3\"><\/noscript><\/sr7-bg>\n\t\t\t\t\t\t<\/sr7-slide>\n\t\t\t\t\t\t<sr7-slide id=\"SR7_48_1-230\" data-key=\"230\">\n\t\t\t\t\t\t\t<sr7-bg id=\"SR7_48_1-230-1\" class=\"sr7-layer\"><noscript><img decoding=\"async\" src=\"https:\/\/corrgo.ch\/wp-content\/uploads\/2025\/05\/Kalk-1.jpg\" alt=\"\" title=\"Kalk 1\"><\/noscript><\/sr7-bg>\n\t\t\t\t\t\t<\/sr7-slide>\n\t\t\t\t\t\t<sr7-slide id=\"SR7_48_1-231\" data-key=\"231\">\n\t\t\t\t\t\t\t<sr7-bg id=\"SR7_48_1-231-1\" class=\"sr7-layer\"><noscript><img decoding=\"async\" src=\"https:\/\/corrgo.ch\/wp-content\/uploads\/2025\/05\/Kalk-2.jpg\" alt=\"\" title=\"Kalk 2\"><\/noscript><\/sr7-bg>\n\t\t\t\t\t\t<\/sr7-slide>\n\t\t\t\t\t\t<sr7-slide id=\"SR7_48_1-199\" data-key=\"199\">\n\t\t\t\t\t\t<\/sr7-slide>\n\t\t\t\t\t<\/sr7-content>\n\t\t\t\t\t<image_lists style=\"display:none\">\n\t\t\t\t\t\t<img data-src=\"\/\/corrgo.ch\/wp-content\/uploads\/2025\/03\/descaling_derusting1.jpg\" data-libid=\"4742\" data-lib=\"medialibrary\" title=\"descaling_derusting1\" width=\"0\" height=\"0\" data-dbsrc=\"Ly9jb3JyZ28uY2gvd3AtY29udGVudC91cGxvYWRzLzIwMjUvMDMvZGVzY2FsaW5nX2RlcnVzdGluZzEuanBn\"\/>\n\t\t\t\t\t\t<img data-src=\"\/\/corrgo.ch\/wp-content\/uploads\/2025\/03\/descaling_derusting2.jpg\" data-libid=\"4743\" data-lib=\"medialibrary\" title=\"descaling_derusting2\" width=\"0\" height=\"0\" data-dbsrc=\"Ly9jb3JyZ28uY2gvd3AtY29udGVudC91cGxvYWRzLzIwMjUvMDMvZGVzY2FsaW5nX2RlcnVzdGluZzIuanBn\"\/>\n\t\t\t\t\t\t<img data-src=\"\/\/corrgo.ch\/wp-content\/uploads\/2025\/03\/descaling_derusting3.jpg\" data-libid=\"4741\" data-lib=\"medialibrary\" title=\"descaling_derusting3\" width=\"0\" height=\"0\" data-dbsrc=\"Ly9jb3JyZ28uY2gvd3AtY29udGVudC91cGxvYWRzLzIwMjUvMDMvZGVzY2FsaW5nX2RlcnVzdGluZzMuanBn\"\/>\n\t\t\t\t\t\t<img loading=\"lazy\" data-src=\"\/\/corrgo.ch\/wp-content\/uploads\/2025\/05\/Kalk-1.jpg\" data-libid=\"5064\" data-lib=\"medialibrary\" title=\"Kalk 1\" width=\"0\" height=\"0\" data-dbsrc=\"Ly9jb3JyZ28uY2gvd3AtY29udGVudC91cGxvYWRzLzIwMjUvMDUvS2Fsay0xLmpwZw==\"\/>\n\t\t\t\t\t\t<img loading=\"lazy\" data-src=\"\/\/corrgo.ch\/wp-content\/uploads\/2025\/05\/Kalk-2.jpg\" data-libid=\"5065\" data-lib=\"medialibrary\" title=\"Kalk 2\" width=\"0\" height=\"0\" data-dbsrc=\"Ly9jb3JyZ28uY2gvd3AtY29udGVudC91cGxvYWRzLzIwMjUvMDUvS2Fsay0yLmpwZw==\"\/>\n\t\t\t\t\t<\/image_lists>\n\t\t\t\t<\/sr7-module>\n\t\t\t\t<script>\n\t\t\t\t\tSR7.PMH ??={}; SR7.PMH[\"SR7_48_1\"] = {cn:100,state:false,fn: function() { if (_tpt!==undefined && _tpt.prepareModuleHeight !== undefined) {  _tpt.prepareModuleHeight({id:\"SR7_48_1\",el:[550,550,768,960,720],type:'standard',shdw:'0',gh:[550,550,550,550,550],gw:[1240,1240,1024,778,480],vpt:['-100px&#039;,&#039;-100px&#039;,&#039;-100px&#039;,&#039;-100px&#039;,&#039;-100px'],size:{fullWidth:true, fullHeight:false},mh:'0',onh:0,onw:0,bg:{color:'{\"orig\":\"transparent\",\"type\":\"solid\",\"string\":\"transparent\"}'}});   SR7.PMH[\"SR7_48_1\"].state=true;} else if(SR7.PMH[\"SR7_48_1\"].cn-->0)\tsetTimeout( SR7.PMH[\"SR7_48_1\"].fn,19);}};SR7.PMH[\"SR7_48_1\" ].fn();\n\t\t\t\t<\/script>\n<\/div>\n\n\t\t\t\t\t\t<\/div>\n\t\t\t\t<\/div>\n\t\t\t\t<\/div>\n\t\t\t\t<\/div>\n\t\t","protected":false},"excerpt":{"rendered":"<p>Entkalkung und Entrostung Wir entkalken und entrosten schnell und nachhaltig! Kalkablagerungen und Rost finden sich h\u00e4ufig in Versorgungs- und Produktionsleitungen, Technikbereichen, Aussenoberfl\u00e4chen sowie W\u00e4rmetauschern wieder und verringern Durchfluss, W\u00e4rme\u00fcbergang sowie die Lebensdauer von Anlagen. Zur Sanierung werden unter Ber\u00fccksichtigung von Werkstoff, Oberfl\u00e4chenspezifikation, Prozessen, Korrosionsart und Entstehungshistorie individuell angepasste ein- oder mehrstufige chemische Reinigungsprozesse eingesetzt. Falls [&hellip;]<\/p>\n","protected":false},"author":1,"featured_media":0,"parent":0,"menu_order":0,"comment_status":"closed","ping_status":"closed","template":"page-full-width.php","meta":[],"class_list":["post-4729","page","type-page","status-publish","hentry"],"_links":{"self":[{"href":"https:\/\/corrgo.ch\/en\/wp-json\/wp\/v2\/pages\/4729","targetHints":{"allow":["GET"]}}],"collection":[{"href":"https:\/\/corrgo.ch\/en\/wp-json\/wp\/v2\/pages"}],"about":[{"href":"https:\/\/corrgo.ch\/en\/wp-json\/wp\/v2\/types\/page"}],"author":[{"embeddable":true,"href":"https:\/\/corrgo.ch\/en\/wp-json\/wp\/v2\/users\/1"}],"replies":[{"embeddable":true,"href":"https:\/\/corrgo.ch\/en\/wp-json\/wp\/v2\/comments?post=4729"}],"version-history":[{"count":22,"href":"https:\/\/corrgo.ch\/en\/wp-json\/wp\/v2\/pages\/4729\/revisions"}],"predecessor-version":[{"id":5268,"href":"https:\/\/corrgo.ch\/en\/wp-json\/wp\/v2\/pages\/4729\/revisions\/5268"}],"wp:attachment":[{"href":"https:\/\/corrgo.ch\/en\/wp-json\/wp\/v2\/media?parent=4729"}],"curies":[{"name":"wp","href":"https:\/\/api.w.org\/{rel}","templated":true}]}}