{"id":4406,"date":"2025-01-15T17:40:57","date_gmt":"2025-01-15T17:40:57","guid":{"rendered":"https:\/\/corrgo.ch\/?page_id=4406"},"modified":"2026-04-17T10:57:32","modified_gmt":"2026-04-17T08:57:32","slug":"lab-analytics","status":"publish","type":"page","link":"https:\/\/corrgo.ch\/en\/lab-analytics\/","title":{"rendered":"LAB ANALYTICS"},"content":{"rendered":"\t\t<div data-elementor-type=\"wp-page\" data-elementor-id=\"4406\" class=\"elementor elementor-4406\">\n\t\t\t\t<div class=\"elementor-element elementor-element-e3be643 e-con-full qodef-custom-cursor--activate animated-slow e-transform e-flex elementor-invisible e-con e-parent\" data-id=\"e3be643\" data-element_type=\"container\" data-settings=\"{&quot;background_background&quot;:&quot;classic&quot;,&quot;animation&quot;:&quot;zoomIn&quot;,&quot;animation_delay&quot;:500,&quot;_transform_rotateZ_effect&quot;:{&quot;unit&quot;:&quot;px&quot;,&quot;size&quot;:0,&quot;sizes&quot;:[]},&quot;_transform_rotateZ_effect_tablet&quot;:{&quot;unit&quot;:&quot;deg&quot;,&quot;size&quot;:&quot;&quot;,&quot;sizes&quot;:[]},&quot;_transform_rotateZ_effect_mobile&quot;:{&quot;unit&quot;:&quot;deg&quot;,&quot;size&quot;:&quot;&quot;,&quot;sizes&quot;:[]}}\">\n\t\t\t\t<div class=\"elementor-element elementor-element-0abc1e9 elementor-widget elementor-widget-text-editor\" data-id=\"0abc1e9\" data-element_type=\"widget\" data-widget_type=\"text-editor.default\">\n\t\t\t\t<div class=\"elementor-widget-container\">\n\t\t\t\t\t\t\t\t\t<h2>Laboranalytik<\/h2>\t\t\t\t\t\t\t\t<\/div>\n\t\t\t\t<\/div>\n\t\t\t\t<div class=\"elementor-element elementor-element-0efc37c elementor-widget elementor-widget-spacer\" data-id=\"0efc37c\" data-element_type=\"widget\" data-widget_type=\"spacer.default\">\n\t\t\t\t<div class=\"elementor-widget-container\">\n\t\t\t\t\t\t\t<div class=\"elementor-spacer\">\n\t\t\t<div class=\"elementor-spacer-inner\"><\/div>\n\t\t<\/div>\n\t\t\t\t\t\t<\/div>\n\t\t\t\t<\/div>\n\t\t\t\t<\/div>\n\t\t<div class=\"elementor-element elementor-element-7551071 e-flex e-con-boxed qodef-custom-cursor--deactivate e-con e-parent\" data-id=\"7551071\" data-element_type=\"container\">\n\t\t\t\t\t<div class=\"e-con-inner\">\n\t\t\t\t<div class=\"elementor-element elementor-element-862c45a elementor-widget elementor-widget-spacer\" data-id=\"862c45a\" data-element_type=\"widget\" data-widget_type=\"spacer.default\">\n\t\t\t\t<div class=\"elementor-widget-container\">\n\t\t\t\t\t\t\t<div class=\"elementor-spacer\">\n\t\t\t<div class=\"elementor-spacer-inner\"><\/div>\n\t\t<\/div>\n\t\t\t\t\t\t<\/div>\n\t\t\t\t<\/div>\n\t\t\t\t\t<\/div>\n\t\t\t\t<\/div>\n\t\t<div class=\"elementor-element elementor-element-cbd252e e-con-full qodef-custom-cursor--activate e-flex e-con e-parent\" data-id=\"cbd252e\" data-element_type=\"container\" data-settings=\"{&quot;background_background&quot;:&quot;classic&quot;}\">\n\t\t\t\t<div class=\"elementor-element elementor-element-8118b3a elementor-widget elementor-widget-spacer\" data-id=\"8118b3a\" data-element_type=\"widget\" data-widget_type=\"spacer.default\">\n\t\t\t\t<div class=\"elementor-widget-container\">\n\t\t\t\t\t\t\t<div class=\"elementor-spacer\">\n\t\t\t<div class=\"elementor-spacer-inner\"><\/div>\n\t\t<\/div>\n\t\t\t\t\t\t<\/div>\n\t\t\t\t<\/div>\n\t\t\t\t<div class=\"elementor-element elementor-element-ce77a8e elementor-widget__width-initial elementor-invisible elementor-widget elementor-widget-text-editor\" data-id=\"ce77a8e\" data-element_type=\"widget\" data-settings=\"{&quot;_animation&quot;:&quot;fadeIn&quot;}\" data-widget_type=\"text-editor.default\">\n\t\t\t\t<div class=\"elementor-widget-container\">\n\t\t\t\t\t\t\t\t\t<h4>Moderne Analysen f\u00fcr fundierte Entscheidungen und schnelle Ergebnisse<\/h4>\t\t\t\t\t\t\t\t<\/div>\n\t\t\t\t<\/div>\n\t\t\t\t<div class=\"elementor-element elementor-element-5af5c55 elementor-widget elementor-widget-spacer\" data-id=\"5af5c55\" data-element_type=\"widget\" data-widget_type=\"spacer.default\">\n\t\t\t\t<div class=\"elementor-widget-container\">\n\t\t\t\t\t\t\t<div class=\"elementor-spacer\">\n\t\t\t<div class=\"elementor-spacer-inner\"><\/div>\n\t\t<\/div>\n\t\t\t\t\t\t<\/div>\n\t\t\t\t<\/div>\n\t\t\t\t<\/div>\n\t\t<div class=\"elementor-element elementor-element-1c22f08 e-flex e-con-boxed qodef-custom-cursor--deactivate e-con e-parent\" data-id=\"1c22f08\" data-element_type=\"container\">\n\t\t\t\t\t<div class=\"e-con-inner\">\n\t\t\t\t<div class=\"elementor-element elementor-element-c0c958b elementor-widget elementor-widget-spacer\" data-id=\"c0c958b\" data-element_type=\"widget\" data-widget_type=\"spacer.default\">\n\t\t\t\t<div class=\"elementor-widget-container\">\n\t\t\t\t\t\t\t<div class=\"elementor-spacer\">\n\t\t\t<div class=\"elementor-spacer-inner\"><\/div>\n\t\t<\/div>\n\t\t\t\t\t\t<\/div>\n\t\t\t\t<\/div>\n\t\t\t\t<div class=\"elementor-element elementor-element-dd73dad elementor-invisible elementor-widget elementor-widget-text-editor\" data-id=\"dd73dad\" data-element_type=\"widget\" data-settings=\"{&quot;_animation&quot;:&quot;fadeIn&quot;}\" data-widget_type=\"text-editor.default\">\n\t\t\t\t<div class=\"elementor-widget-container\">\n\t\t\t\t\t\t\t\t\t<h6>F\u00fcr alle Fragen in Sachen Korrosion,\u00a0 Metallurgie oder Mikrobiologie f\u00fchren wir f\u00fcr Sie gerne Laboruntersuchungen mit modernem Equipment durch. Dadurch, dass die meisten Untersuchungen in-house erledigt werden k\u00f6nnen, erreichen wir sehr kurze Reaktionszeiten. Wir bieten sowohl zerst\u00f6rende, als auch nicht zerst\u00f6rende Verfahren an. Es werden mehrtausendfache Vergr\u00f6sserungen erzielt, bis hin zur Visualisierung einzelner Atome.<br \/>Die Probennahme vor-Ort erfolgt entweder durch Sie oder durch unser geschultes Fachpersonal. F\u00fcr die fachgerechte Durchf\u00fchrung liefern wir gerne die passende Verfahrensanweisung und k\u00fcmmern uns um die notwendige Logistik. Sie erhalten alles, bis hin zum abschliessenden technischen Bericht aus einer Hand!<\/h6>\t\t\t\t\t\t\t\t<\/div>\n\t\t\t\t<\/div>\n\t\t\t\t<div class=\"elementor-element elementor-element-4336ac2 elementor-invisible elementor-widget elementor-widget-text-editor\" data-id=\"4336ac2\" data-element_type=\"widget\" data-settings=\"{&quot;_animation&quot;:&quot;fadeIn&quot;}\" data-widget_type=\"text-editor.default\">\n\t\t\t\t<div class=\"elementor-widget-container\">\n\t\t\t\t\t\t\t\t\t<h6>\u2022 Rasterelektronenmikroskopie &#8211; Energiedispersive R\u00f6ntgenanalyse (REM\/EDX)<br \/>\u2022 Messungen mittels ICP-MS (Induktiv gekoppelte Plasma &#8211; Massenspektrometrie) <br \/>\u00a0 \u00a0und\/oder ICP-OES (Induktiv gekoppeltes Plasma Optische Emissionsspektroskopie)<br \/>\u2022 Partikelmessung und Bestimmung<br \/>\u2022 Keimzahlbestimmung<br \/>\u2022 Keimzahlidentifizierung<br \/>\u2022 Bestimmung von Mikroorganismen<br \/>\u2022 Langzeitmessungen<\/h6>\t\t\t\t\t\t\t\t<\/div>\n\t\t\t\t<\/div>\n\t\t\t\t<div class=\"elementor-element elementor-element-9a2cca1 elementor-invisible elementor-widget elementor-widget-text-editor\" data-id=\"9a2cca1\" data-element_type=\"widget\" data-settings=\"{&quot;_animation&quot;:&quot;fadeIn&quot;}\" data-widget_type=\"text-editor.default\">\n\t\t\t\t<div class=\"elementor-widget-container\">\n\t\t\t\t\t\t\t\t\t<h6>In einigen F\u00e4llen ben\u00f6tigen Sie erg\u00e4nzend zur Instandsetzung Analysen f\u00fcr Ihre Dokumentation? Kein Problem \u2013 wir liefern schnell und zuverl\u00e4ssig und \u00fcberlassen nichts dem Zufall! Sie liefern die Termine \u2013 wir erledigen den Rest!<\/h6>\t\t\t\t\t\t\t\t<\/div>\n\t\t\t\t<\/div>\n\t\t\t\t<div class=\"elementor-element elementor-element-6d6aaa4 elementor-widget elementor-widget-spacer\" data-id=\"6d6aaa4\" data-element_type=\"widget\" data-widget_type=\"spacer.default\">\n\t\t\t\t<div class=\"elementor-widget-container\">\n\t\t\t\t\t\t\t<div class=\"elementor-spacer\">\n\t\t\t<div class=\"elementor-spacer-inner\"><\/div>\n\t\t<\/div>\n\t\t\t\t\t\t<\/div>\n\t\t\t\t<\/div>\n\t\t\t\t\t<\/div>\n\t\t\t\t<\/div>\n\t\t<div class=\"elementor-element elementor-element-3a371c8 e-flex e-con-boxed qodef-custom-cursor--deactivate e-con e-parent\" data-id=\"3a371c8\" data-element_type=\"container\" data-settings=\"{&quot;background_background&quot;:&quot;classic&quot;}\">\n\t\t\t\t\t<div class=\"e-con-inner\">\n\t\t<div class=\"elementor-element elementor-element-65bb6f3 e-con-full e-flex qodef-custom-cursor--deactivate e-con e-child\" data-id=\"65bb6f3\" data-element_type=\"container\">\n\t\t\t\t<div class=\"elementor-element elementor-element-3e9b90c elementor-invisible elementor-widget elementor-widget-text-editor\" data-id=\"3e9b90c\" data-element_type=\"widget\" data-settings=\"{&quot;_animation&quot;:&quot;slideInLeft&quot;}\" data-widget_type=\"text-editor.default\">\n\t\t\t\t<div class=\"elementor-widget-container\">\n\t\t\t\t\t\t\t\t\t<h5><em><strong>Direkt zum Labor<\/strong><\/em><\/h5>\t\t\t\t\t\t\t\t<\/div>\n\t\t\t\t<\/div>\n\t\t\t\t<\/div>\n\t\t<div class=\"elementor-element elementor-element-4d68162 e-con-full e-flex qodef-custom-cursor--deactivate e-con e-child\" data-id=\"4d68162\" data-element_type=\"container\">\n\t\t\t\t<div class=\"elementor-element elementor-element-470a854 elementor-invisible elementor-widget elementor-widget-qi_addons_for_elementor_button\" data-id=\"470a854\" data-element_type=\"widget\" data-settings=\"{&quot;_animation&quot;:&quot;zoomIn&quot;}\" data-widget_type=\"qi_addons_for_elementor_button.default\">\n\t\t\t\t<div class=\"elementor-widget-container\">\n\t\t\t\t\t<a class=\"qodef-shortcode qodef-m qodef-qi-button qodef-html--link qodef-layout--outlined qodef-type--standard qodef-size--large qodef-icon--right qodef-hover--icon-move-horizontal-short\" href=\"https:\/\/corrgo.ch\/kontakt\/\" target=\"_self\">\n\t<span class=\"qodef-m-text\">KONTAKT<\/span>\n\t<\/a>\n\t\t\t\t<\/div>\n\t\t\t\t<\/div>\n\t\t\t\t<\/div>\n\t\t\t\t\t<\/div>\n\t\t\t\t<\/div>\n\t\t<div class=\"elementor-element elementor-element-44a73de e-con-full e-flex qodef-custom-cursor--deactivate e-con e-parent\" data-id=\"44a73de\" data-element_type=\"container\">\n\t\t\t\t<div class=\"elementor-element elementor-element-46211e5 elementor-widget elementor-widget-slider_revolution\" data-id=\"46211e5\" data-element_type=\"widget\" data-widget_type=\"slider_revolution.default\">\n\t\t\t\t<div class=\"elementor-widget-container\">\n\t\t\t\t\t\n\t\t<div class=\"wp-block-themepunch-revslider\">\n\t\t\t\t<p class=\"rs-p-wp-fix\"><\/p>\n\t\t\t\t<sr7-module data-alias=\"LAB-ANALYTICS\" data-id=\"41\" id=\"SR7_41_1\" class=\"rs-ov-hidden\" data-version=\"6.7.41\">\n\t\t\t\t\t<sr7-adjuster><\/sr7-adjuster>\n\t\t\t\t\t<sr7-content>\n\t\t\t\t\t\t<sr7-slide id=\"SR7_41_1-159\" data-key=\"159\">\n\t\t\t\t\t\t\t<sr7-bg id=\"SR7_41_1-159-1\" class=\"sr7-layer\"><noscript><img decoding=\"async\" src=\"https:\/\/corrgo.ch\/wp-content\/uploads\/2025\/01\/lab_analytics_3.jpg\" alt=\"\" title=\"lab_analytics_3\"><\/noscript><\/sr7-bg>\n\t\t\t\t\t\t<\/sr7-slide>\n\t\t\t\t\t\t<sr7-slide id=\"SR7_41_1-161\" data-key=\"161\">\n\t\t\t\t\t\t\t<sr7-bg id=\"SR7_41_1-161-1\" class=\"sr7-layer\"><noscript><img decoding=\"async\" src=\"https:\/\/corrgo.ch\/wp-content\/uploads\/2025\/01\/lab_analytics_1.jpg\" alt=\"\" title=\"lab_analytics_1\"><\/noscript><\/sr7-bg>\n\t\t\t\t\t\t<\/sr7-slide>\n\t\t\t\t\t\t<sr7-slide id=\"SR7_41_1-158\" data-key=\"158\">\n\t\t\t\t\t\t\t<sr7-bg id=\"SR7_41_1-158-1\" class=\"sr7-layer\"><noscript><img decoding=\"async\" src=\"https:\/\/corrgo.ch\/wp-content\/uploads\/2025\/01\/lab_analytics_4.jpg\" alt=\"\" title=\"lab_analytics_4\"><\/noscript><\/sr7-bg>\n\t\t\t\t\t\t<\/sr7-slide>\n\t\t\t\t\t\t<sr7-slide id=\"SR7_41_1-203\" data-key=\"203\">\n\t\t\t\t\t\t\t<sr7-bg id=\"SR7_41_1-203-1\" class=\"sr7-layer\"><noscript><img decoding=\"async\" src=\"https:\/\/corrgo.ch\/wp-content\/uploads\/2025\/03\/lab_analytics_7.jpg\" alt=\"\" title=\"lab_analytics_7\"><\/noscript><\/sr7-bg>\n\t\t\t\t\t\t<\/sr7-slide>\n\t\t\t\t\t\t<sr7-slide id=\"SR7_41_1-160\" data-key=\"160\">\n\t\t\t\t\t\t\t<sr7-bg id=\"SR7_41_1-160-1\" class=\"sr7-layer\"><noscript><img decoding=\"async\" src=\"https:\/\/corrgo.ch\/wp-content\/uploads\/2025\/01\/lab_analytics_2.jpg\" alt=\"\" title=\"lab_analytics_2\"><\/noscript><\/sr7-bg>\n\t\t\t\t\t\t<\/sr7-slide>\n\t\t\t\t\t\t<sr7-slide id=\"SR7_41_1-201\" data-key=\"201\">\n\t\t\t\t\t\t\t<sr7-bg id=\"SR7_41_1-201-1\" class=\"sr7-layer\"><noscript><img decoding=\"async\" src=\"https:\/\/corrgo.ch\/wp-content\/uploads\/2025\/03\/lab_analytics_5.jpg\" alt=\"\" title=\"lab_analytics_5\"><\/noscript><\/sr7-bg>\n\t\t\t\t\t\t<\/sr7-slide>\n\t\t\t\t\t\t<sr7-slide id=\"SR7_41_1-202\" data-key=\"202\">\n\t\t\t\t\t\t\t<sr7-bg id=\"SR7_41_1-202-1\" class=\"sr7-layer\"><noscript><img decoding=\"async\" src=\"https:\/\/corrgo.ch\/wp-content\/uploads\/2025\/03\/lab_analytics_6.jpg\" alt=\"\" title=\"lab_analytics_6\"><\/noscript><\/sr7-bg>\n\t\t\t\t\t\t<\/sr7-slide>\n\t\t\t\t\t\t<sr7-slide id=\"SR7_41_1-162\" data-key=\"162\">\n\t\t\t\t\t\t<\/sr7-slide>\n\t\t\t\t\t<\/sr7-content>\n\t\t\t\t\t<image_lists style=\"display:none\">\n\t\t\t\t\t\t<img data-src=\"\/\/704.next-preview.com\/wp-content\/uploads\/2025\/01\/lab_analytics_4.jpg\" data-libid=\"4449\" data-lib=\"medialibrary\" title=\"lab_analytics_4\" width=\"0\" height=\"0\" data-dbsrc=\"Ly83MDQubmV4dC1wcmV2aWV3LmNvbS93cC1jb250ZW50L3VwbG9hZHMvMjAyNS8wMS9sYWJfYW5hbHl0aWNzXzQuanBn\"\/>\n\t\t\t\t\t\t<img data-src=\"\/\/704.next-preview.com\/wp-content\/uploads\/2025\/01\/lab_analytics_3.jpg\" data-libid=\"4448\" data-lib=\"medialibrary\" title=\"lab_analytics_3\" width=\"0\" height=\"0\" data-dbsrc=\"Ly83MDQubmV4dC1wcmV2aWV3LmNvbS93cC1jb250ZW50L3VwbG9hZHMvMjAyNS8wMS9sYWJfYW5hbHl0aWNzXzMuanBn\"\/>\n\t\t\t\t\t\t<img data-src=\"\/\/704.next-preview.com\/wp-content\/uploads\/2025\/01\/lab_analytics_2.jpg\" data-libid=\"4447\" data-lib=\"medialibrary\" title=\"lab_analytics_2\" width=\"0\" height=\"0\" data-dbsrc=\"Ly83MDQubmV4dC1wcmV2aWV3LmNvbS93cC1jb250ZW50L3VwbG9hZHMvMjAyNS8wMS9sYWJfYW5hbHl0aWNzXzIuanBn\"\/>\n\t\t\t\t\t\t<img loading=\"lazy\" data-src=\"\/\/704.next-preview.com\/wp-content\/uploads\/2025\/01\/lab_analytics_1.jpg\" data-libid=\"4446\" data-lib=\"medialibrary\" title=\"lab_analytics_1\" width=\"0\" height=\"0\" data-dbsrc=\"Ly83MDQubmV4dC1wcmV2aWV3LmNvbS93cC1jb250ZW50L3VwbG9hZHMvMjAyNS8wMS9sYWJfYW5hbHl0aWNzXzEuanBn\"\/>\n\t\t\t\t\t\t<img loading=\"lazy\" data-src=\"\/\/704.next-preview.com\/wp-content\/uploads\/2025\/03\/lab_analytics_5.jpg\" data-libid=\"4781\" data-lib=\"medialibrary\" title=\"lab_analytics_5\" width=\"0\" height=\"0\" data-dbsrc=\"Ly83MDQubmV4dC1wcmV2aWV3LmNvbS93cC1jb250ZW50L3VwbG9hZHMvMjAyNS8wMy9sYWJfYW5hbHl0aWNzXzUuanBn\"\/>\n\t\t\t\t\t\t<img loading=\"lazy\" data-src=\"\/\/704.next-preview.com\/wp-content\/uploads\/2025\/03\/lab_analytics_6.jpg\" data-libid=\"4779\" data-lib=\"medialibrary\" title=\"lab_analytics_6\" width=\"0\" height=\"0\" data-dbsrc=\"Ly83MDQubmV4dC1wcmV2aWV3LmNvbS93cC1jb250ZW50L3VwbG9hZHMvMjAyNS8wMy9sYWJfYW5hbHl0aWNzXzYuanBn\"\/>\n\t\t\t\t\t\t<img loading=\"lazy\" data-src=\"\/\/704.next-preview.com\/wp-content\/uploads\/2025\/03\/lab_analytics_7.jpg\" data-libid=\"4780\" data-lib=\"medialibrary\" title=\"lab_analytics_7\" width=\"0\" height=\"0\" data-dbsrc=\"Ly83MDQubmV4dC1wcmV2aWV3LmNvbS93cC1jb250ZW50L3VwbG9hZHMvMjAyNS8wMy9sYWJfYW5hbHl0aWNzXzcuanBn\"\/>\n\t\t\t\t\t<\/image_lists>\n\t\t\t\t<\/sr7-module>\n\t\t\t\t<script>\n\t\t\t\t\tSR7.PMH ??={}; SR7.PMH[\"SR7_41_1\"] = {cn:100,state:false,fn: function() { if (_tpt!==undefined && _tpt.prepareModuleHeight !== undefined) {  _tpt.prepareModuleHeight({id:\"SR7_41_1\",el:[549.994,549.994,768,960,720],type:'standard',shdw:'0',gh:[550,550,550,550,550],gw:[1240,1240,1024,778,480],vpt:['-100px&#039;,&#039;-100px&#039;,&#039;-100px&#039;,&#039;-100px&#039;,&#039;-100px'],size:{fullWidth:true, fullHeight:false},mh:'0',onh:0,onw:0,bg:{color:'{\"orig\":\"transparent\",\"type\":\"solid\",\"string\":\"transparent\"}'}});   SR7.PMH[\"SR7_41_1\"].state=true;} else if(SR7.PMH[\"SR7_41_1\"].cn-->0)\tsetTimeout( SR7.PMH[\"SR7_41_1\"].fn,19);}};SR7.PMH[\"SR7_41_1\" ].fn();\n\t\t\t\t<\/script>\n<\/div>\n\n\t\t\t\t\t\t<\/div>\n\t\t\t\t<\/div>\n\t\t\t\t<\/div>\n\t\t\t\t<\/div>\n\t\t","protected":false},"excerpt":{"rendered":"<p>Laboranalytik Moderne Analysen f\u00fcr fundierte Entscheidungen und schnelle Ergebnisse F\u00fcr alle Fragen in Sachen Korrosion,\u00a0 Metallurgie oder Mikrobiologie f\u00fchren wir f\u00fcr Sie gerne Laboruntersuchungen mit modernem Equipment durch. Dadurch, dass die meisten Untersuchungen in-house erledigt werden k\u00f6nnen, erreichen wir sehr kurze Reaktionszeiten. Wir bieten sowohl zerst\u00f6rende, als auch nicht zerst\u00f6rende Verfahren an. Es werden mehrtausendfache [&hellip;]<\/p>\n","protected":false},"author":2,"featured_media":0,"parent":0,"menu_order":0,"comment_status":"closed","ping_status":"closed","template":"page-full-width.php","meta":[],"class_list":["post-4406","page","type-page","status-publish","hentry"],"_links":{"self":[{"href":"https:\/\/corrgo.ch\/en\/wp-json\/wp\/v2\/pages\/4406","targetHints":{"allow":["GET"]}}],"collection":[{"href":"https:\/\/corrgo.ch\/en\/wp-json\/wp\/v2\/pages"}],"about":[{"href":"https:\/\/corrgo.ch\/en\/wp-json\/wp\/v2\/types\/page"}],"author":[{"embeddable":true,"href":"https:\/\/corrgo.ch\/en\/wp-json\/wp\/v2\/users\/2"}],"replies":[{"embeddable":true,"href":"https:\/\/corrgo.ch\/en\/wp-json\/wp\/v2\/comments?post=4406"}],"version-history":[{"count":32,"href":"https:\/\/corrgo.ch\/en\/wp-json\/wp\/v2\/pages\/4406\/revisions"}],"predecessor-version":[{"id":5283,"href":"https:\/\/corrgo.ch\/en\/wp-json\/wp\/v2\/pages\/4406\/revisions\/5283"}],"wp:attachment":[{"href":"https:\/\/corrgo.ch\/en\/wp-json\/wp\/v2\/media?parent=4406"}],"curies":[{"name":"wp","href":"https:\/\/api.w.org\/{rel}","templated":true}]}}