{"id":4386,"date":"2025-01-15T17:37:19","date_gmt":"2025-01-15T17:37:19","guid":{"rendered":"https:\/\/corrgo.ch\/?page_id=4386"},"modified":"2026-04-17T10:57:06","modified_gmt":"2026-04-17T08:57:06","slug":"sanitization-decontamination","status":"publish","type":"page","link":"https:\/\/corrgo.ch\/en\/sanitization-decontamination\/","title":{"rendered":"SANITIZATION &#038; DECONTAMINATION"},"content":{"rendered":"\t\t<div data-elementor-type=\"wp-page\" data-elementor-id=\"4386\" class=\"elementor elementor-4386\">\n\t\t\t\t<div class=\"elementor-element elementor-element-e3be643 e-con-full qodef-custom-cursor--activate animated-slow e-transform e-flex elementor-invisible e-con e-parent\" data-id=\"e3be643\" data-element_type=\"container\" data-settings=\"{&quot;background_background&quot;:&quot;classic&quot;,&quot;animation&quot;:&quot;zoomIn&quot;,&quot;animation_delay&quot;:500,&quot;_transform_rotateZ_effect&quot;:{&quot;unit&quot;:&quot;px&quot;,&quot;size&quot;:0,&quot;sizes&quot;:[]},&quot;_transform_rotateZ_effect_tablet&quot;:{&quot;unit&quot;:&quot;deg&quot;,&quot;size&quot;:&quot;&quot;,&quot;sizes&quot;:[]},&quot;_transform_rotateZ_effect_mobile&quot;:{&quot;unit&quot;:&quot;deg&quot;,&quot;size&quot;:&quot;&quot;,&quot;sizes&quot;:[]}}\">\n\t\t\t\t<div class=\"elementor-element elementor-element-0abc1e9 elementor-widget elementor-widget-text-editor\" data-id=\"0abc1e9\" data-element_type=\"widget\" data-widget_type=\"text-editor.default\">\n\t\t\t\t<div class=\"elementor-widget-container\">\n\t\t\t\t\t\t\t\t\t<h2>Sanitisierung<\/h2>\t\t\t\t\t\t\t\t<\/div>\n\t\t\t\t<\/div>\n\t\t\t\t<div class=\"elementor-element elementor-element-0efc37c elementor-widget elementor-widget-spacer\" data-id=\"0efc37c\" data-element_type=\"widget\" data-widget_type=\"spacer.default\">\n\t\t\t\t<div class=\"elementor-widget-container\">\n\t\t\t\t\t\t\t<div class=\"elementor-spacer\">\n\t\t\t<div class=\"elementor-spacer-inner\"><\/div>\n\t\t<\/div>\n\t\t\t\t\t\t<\/div>\n\t\t\t\t<\/div>\n\t\t\t\t<\/div>\n\t\t<div class=\"elementor-element elementor-element-7551071 e-flex e-con-boxed qodef-custom-cursor--deactivate e-con e-parent\" data-id=\"7551071\" data-element_type=\"container\">\n\t\t\t\t\t<div class=\"e-con-inner\">\n\t\t\t\t<div class=\"elementor-element elementor-element-862c45a elementor-widget elementor-widget-spacer\" data-id=\"862c45a\" data-element_type=\"widget\" data-widget_type=\"spacer.default\">\n\t\t\t\t<div class=\"elementor-widget-container\">\n\t\t\t\t\t\t\t<div class=\"elementor-spacer\">\n\t\t\t<div class=\"elementor-spacer-inner\"><\/div>\n\t\t<\/div>\n\t\t\t\t\t\t<\/div>\n\t\t\t\t<\/div>\n\t\t\t\t\t<\/div>\n\t\t\t\t<\/div>\n\t\t<div class=\"elementor-element elementor-element-cbd252e e-con-full qodef-custom-cursor--activate e-flex e-con e-parent\" data-id=\"cbd252e\" data-element_type=\"container\" data-settings=\"{&quot;background_background&quot;:&quot;classic&quot;}\">\n\t\t\t\t<div class=\"elementor-element elementor-element-8118b3a elementor-widget elementor-widget-spacer\" data-id=\"8118b3a\" data-element_type=\"widget\" data-widget_type=\"spacer.default\">\n\t\t\t\t<div class=\"elementor-widget-container\">\n\t\t\t\t\t\t\t<div class=\"elementor-spacer\">\n\t\t\t<div class=\"elementor-spacer-inner\"><\/div>\n\t\t<\/div>\n\t\t\t\t\t\t<\/div>\n\t\t\t\t<\/div>\n\t\t\t\t<div class=\"elementor-element elementor-element-ce77a8e elementor-widget__width-initial elementor-invisible elementor-widget elementor-widget-text-editor\" data-id=\"ce77a8e\" data-element_type=\"widget\" data-settings=\"{&quot;_animation&quot;:&quot;fadeIn&quot;}\" data-widget_type=\"text-editor.default\">\n\t\t\t\t<div class=\"elementor-widget-container\">\n\t\t\t\t\t\t\t\t\t<h4>Seien Sie schneller als der Biofilm!<\/h4>\t\t\t\t\t\t\t\t<\/div>\n\t\t\t\t<\/div>\n\t\t\t\t<div class=\"elementor-element elementor-element-5af5c55 elementor-widget elementor-widget-spacer\" data-id=\"5af5c55\" data-element_type=\"widget\" data-widget_type=\"spacer.default\">\n\t\t\t\t<div class=\"elementor-widget-container\">\n\t\t\t\t\t\t\t<div class=\"elementor-spacer\">\n\t\t\t<div class=\"elementor-spacer-inner\"><\/div>\n\t\t<\/div>\n\t\t\t\t\t\t<\/div>\n\t\t\t\t<\/div>\n\t\t\t\t<\/div>\n\t\t<div class=\"elementor-element elementor-element-1c22f08 e-flex e-con-boxed qodef-custom-cursor--deactivate e-con e-parent\" data-id=\"1c22f08\" data-element_type=\"container\">\n\t\t\t\t\t<div class=\"e-con-inner\">\n\t\t\t\t<div class=\"elementor-element elementor-element-c0c958b elementor-widget elementor-widget-spacer\" data-id=\"c0c958b\" data-element_type=\"widget\" data-widget_type=\"spacer.default\">\n\t\t\t\t<div class=\"elementor-widget-container\">\n\t\t\t\t\t\t\t<div class=\"elementor-spacer\">\n\t\t\t<div class=\"elementor-spacer-inner\"><\/div>\n\t\t<\/div>\n\t\t\t\t\t\t<\/div>\n\t\t\t\t<\/div>\n\t\t\t\t<div class=\"elementor-element elementor-element-dd73dad elementor-invisible elementor-widget elementor-widget-text-editor\" data-id=\"dd73dad\" data-element_type=\"widget\" data-settings=\"{&quot;_animation&quot;:&quot;fadeIn&quot;}\" data-widget_type=\"text-editor.default\">\n\t\t\t\t<div class=\"elementor-widget-container\">\n\t\t\t\t\t\t\t\t\t<h6>Mikrobiologische Bel\u00e4ge stellen aufgrund ihres rasanten Wachstums rasch ein gravierendes Betriebsrisiko dar und f\u00fchren nicht selten zum Produktionsstillstand. <br \/>Bel\u00e4ge wie Keime, Hefen, Bakterien, Pilze etc. vermehren sich exponentiell und bilden nicht selten einen fest anhaftenden, chemisch weitgehend inerten Biofilm auf Innenoberfl\u00e4chen. Mit unseren modernen chemischen Sanitisierungsmethoden, die meist bei Umgebungstemperatur eingesetzt werden k\u00f6nnen, werden Biofilme chemisch aufgel\u00f6st und aus dem System gesp\u00fclt. F\u00fcr die Behandlung von Aussenoberfl\u00e4chen, z.B. im Reinraum setzen wir auf Dekontamination, wobei sowohl chemische Verfahren als auch Begasungen mit modernem Equipment angewendet werden.<br \/>Bei Neubauprojekten oder Umbaumassnahmen kommt es nach der Installation von Teilanlagen oft zu zeitlichen Verz\u00f6gerungen vor der Inbetriebnahme. Diese Zeitspannen stellen f\u00fcr alle Oberfl\u00e4chen ein Sicherheitsrisiko dar. Wir beobachten h\u00e4ufig, dass sich ungewollt Medienr\u00fcckst\u00e4nde an den Tiefstpunkten von Anlagen sammeln, aus denen sich schnell mikrobiologische Kontaminationen bis hin zum geschlossenen Biofilm entwickeln.<br \/>Es gilt zun\u00e4chst, die Bel\u00e4ge mittels moderner <a href=\"https:\/\/corrgo.ch\/lab-analytics\/\">Analyseverfahren<\/a>\u00a0zu identifizieren, um den jeweiligen Reinigungsprozess exakt anzupassen. Der hohe Wirkungsgrad unserer Sanitisierungsmedien erm\u00f6glicht dann eine schnelle und risikoarme Durchf\u00fchrung vor-Ort. Die gebrauchten Chemikalien k\u00f6nnen i.d.R. vor-Ort entsorgt werden.<\/h6>\t\t\t\t\t\t\t\t<\/div>\n\t\t\t\t<\/div>\n\t\t\t\t<div class=\"elementor-element elementor-element-d170d89 elementor-invisible elementor-widget elementor-widget-text-editor\" data-id=\"d170d89\" data-element_type=\"widget\" data-settings=\"{&quot;_animation&quot;:&quot;fadeIn&quot;}\" data-widget_type=\"text-editor.default\">\n\t\t\t\t<div class=\"elementor-widget-container\">\n\t\t\t\t\t\t\t\t\t<h6>\u2022\u00a0Schnelle Analytik zur Bestimmung von mikrobiologischen Kontaminationen<br \/>\u2022\u00a0Breites Wirkungsspektrum<br \/>\u2022\u00a0Einsatz von minimalen Chemikalienvolumen, Beh\u00e4lter und Anlagen m\u00fcssen nicht geflutet werden<br \/>\u2022\u00a0Erfolgt segmentweise oder in geschlossener Zirkulation<br \/>\u2022\u00a0Nutzung von CIP-Anlagen vor-Ort m\u00f6glich<br \/>\u2022\u00a0Chemikalien\/Sp\u00fclw\u00e4sser k\u00f6nnen optional vor-Ort entsorgt werden<br \/>\u2022\u00a0Chemikalien kompatibel mit allen g\u00e4ngigen Kunststoffen<br \/>\u2022\u00a0Regelm\u00e4ssiges Monitoring von repr\u00e4sentativen Kontrollstellen bestimmt den optimalen Zeitpunkt<br \/>\u2022\u00a0GMP Dokumentation protokolliert den Erfolg<\/h6>\t\t\t\t\t\t\t\t<\/div>\n\t\t\t\t<\/div>\n\t\t\t\t<div class=\"elementor-element elementor-element-2302dc9 elementor-invisible elementor-widget elementor-widget-text-editor\" data-id=\"2302dc9\" data-element_type=\"widget\" data-settings=\"{&quot;_animation&quot;:&quot;fadeIn&quot;}\" data-widget_type=\"text-editor.default\">\n\t\t\t\t<div class=\"elementor-widget-container\">\n\t\t\t\t\t\t\t\t\t<h6>Sie beobachten mikrobiologische Abweichungen in Ihrer Anlage?<br \/>Sind bereits Bel\u00e4ge identifiziert oder gab es bereits Analysen?<br \/>Falls Nein \u00fcbernehmen wir das gerne f\u00fcr Sie!<br \/>Ist die Zielstellung erst einmal klar definiert f\u00fchren unsere standardisierten Verfahren schnell und gesichert zum Erfolg.<\/h6>\t\t\t\t\t\t\t\t<\/div>\n\t\t\t\t<\/div>\n\t\t\t\t<div class=\"elementor-element elementor-element-6d6aaa4 elementor-widget elementor-widget-spacer\" data-id=\"6d6aaa4\" data-element_type=\"widget\" data-widget_type=\"spacer.default\">\n\t\t\t\t<div class=\"elementor-widget-container\">\n\t\t\t\t\t\t\t<div class=\"elementor-spacer\">\n\t\t\t<div class=\"elementor-spacer-inner\"><\/div>\n\t\t<\/div>\n\t\t\t\t\t\t<\/div>\n\t\t\t\t<\/div>\n\t\t\t\t\t<\/div>\n\t\t\t\t<\/div>\n\t\t<div class=\"elementor-element elementor-element-3a371c8 e-flex e-con-boxed qodef-custom-cursor--deactivate e-con e-parent\" data-id=\"3a371c8\" data-element_type=\"container\" data-settings=\"{&quot;background_background&quot;:&quot;classic&quot;}\">\n\t\t\t\t\t<div class=\"e-con-inner\">\n\t\t<div class=\"elementor-element elementor-element-65bb6f3 e-con-full e-flex qodef-custom-cursor--deactivate e-con e-child\" data-id=\"65bb6f3\" data-element_type=\"container\">\n\t\t\t\t<div class=\"elementor-element elementor-element-3e9b90c elementor-invisible elementor-widget elementor-widget-text-editor\" data-id=\"3e9b90c\" data-element_type=\"widget\" data-settings=\"{&quot;_animation&quot;:&quot;slideInLeft&quot;}\" data-widget_type=\"text-editor.default\">\n\t\t\t\t<div class=\"elementor-widget-container\">\n\t\t\t\t\t\t\t\t\t<h5><em><strong>Kontaktieren Sie uns f\u00fcr eine schnelle und sichere Sanitisierung!<\/strong><\/em><\/h5>\t\t\t\t\t\t\t\t<\/div>\n\t\t\t\t<\/div>\n\t\t\t\t<\/div>\n\t\t<div class=\"elementor-element elementor-element-4d68162 e-con-full e-flex qodef-custom-cursor--deactivate e-con e-child\" data-id=\"4d68162\" data-element_type=\"container\">\n\t\t\t\t<div class=\"elementor-element elementor-element-aeb640e elementor-invisible elementor-widget elementor-widget-qi_addons_for_elementor_button\" data-id=\"aeb640e\" data-element_type=\"widget\" data-settings=\"{&quot;_animation&quot;:&quot;zoomIn&quot;}\" data-widget_type=\"qi_addons_for_elementor_button.default\">\n\t\t\t\t<div class=\"elementor-widget-container\">\n\t\t\t\t\t<a class=\"qodef-shortcode qodef-m qodef-qi-button qodef-html--link qodef-layout--outlined qodef-type--standard qodef-size--large qodef-icon--right qodef-hover--icon-move-horizontal-short\" href=\"https:\/\/corrgo.ch\/kontakt\/\" target=\"_self\">\n\t<span class=\"qodef-m-text\">KONTAKT<\/span>\n\t<\/a>\n\t\t\t\t<\/div>\n\t\t\t\t<\/div>\n\t\t\t\t<\/div>\n\t\t\t\t\t<\/div>\n\t\t\t\t<\/div>\n\t\t<div class=\"elementor-element elementor-element-44a73de e-con-full e-flex qodef-custom-cursor--deactivate e-con e-parent\" data-id=\"44a73de\" data-element_type=\"container\">\n\t\t\t\t<div class=\"elementor-element elementor-element-46211e5 elementor-widget elementor-widget-slider_revolution\" data-id=\"46211e5\" data-element_type=\"widget\" data-widget_type=\"slider_revolution.default\">\n\t\t\t\t<div class=\"elementor-widget-container\">\n\t\t\t\t\t\n\t\t<div class=\"wp-block-themepunch-revslider\">\n\t\t\t\t<p class=\"rs-p-wp-fix\"><\/p>\n\t\t\t\t<sr7-module data-alias=\"SANITIZATION--DECONTAMINATION\" data-id=\"42\" id=\"SR7_42_1\" class=\"rs-ov-hidden\" data-version=\"6.7.41\">\n\t\t\t\t\t<sr7-adjuster><\/sr7-adjuster>\n\t\t\t\t\t<sr7-content>\n\t\t\t\t\t\t<sr7-slide id=\"SR7_42_1-164\" data-key=\"164\">\n\t\t\t\t\t\t\t<sr7-bg id=\"SR7_42_1-164-1\" class=\"sr7-layer\"><noscript><img decoding=\"async\" src=\"https:\/\/corrgo.ch\/wp-content\/uploads\/2025\/03\/sanitization_decontamination_6.jpg\" alt=\"\" title=\"sanitization_decontamination_6\"><\/noscript><\/sr7-bg>\n\t\t\t\t\t\t<\/sr7-slide>\n\t\t\t\t\t\t<sr7-slide id=\"SR7_42_1-166\" data-key=\"166\">\n\t\t\t\t\t\t\t<sr7-bg id=\"SR7_42_1-166-1\" class=\"sr7-layer\"><noscript><img decoding=\"async\" src=\"https:\/\/corrgo.ch\/wp-content\/uploads\/2025\/01\/sanitization_decontamination_5.jpg\" alt=\"\" title=\"sanitization_decontamination_5\"><\/noscript><\/sr7-bg>\n\t\t\t\t\t\t<\/sr7-slide>\n\t\t\t\t\t\t<sr7-slide id=\"SR7_42_1-163\" data-key=\"163\">\n\t\t\t\t\t\t\t<sr7-bg id=\"SR7_42_1-163-1\" class=\"sr7-layer\"><noscript><img decoding=\"async\" src=\"https:\/\/corrgo.ch\/wp-content\/uploads\/2025\/03\/sanitization_decontamination_1.jpg\" alt=\"\" title=\"sanitization_decontamination_1\"><\/noscript><\/sr7-bg>\n\t\t\t\t\t\t<\/sr7-slide>\n\t\t\t\t\t\t<sr7-slide id=\"SR7_42_1-165\" data-key=\"165\">\n\t\t\t\t\t\t\t<sr7-bg id=\"SR7_42_1-165-1\" class=\"sr7-layer\"><noscript><img decoding=\"async\" src=\"https:\/\/corrgo.ch\/wp-content\/uploads\/2025\/03\/sanitization_decontamination_4.jpg\" alt=\"\" title=\"sanitization_decontamination_4\"><\/noscript><\/sr7-bg>\n\t\t\t\t\t\t<\/sr7-slide>\n\t\t\t\t\t\t<sr7-slide id=\"SR7_42_1-167\" data-key=\"167\">\n\t\t\t\t\t\t<\/sr7-slide>\n\t\t\t\t\t<\/sr7-content>\n\t\t\t\t\t<image_lists style=\"display:none\">\n\t\t\t\t\t\t<img data-src=\"\/\/704.next-preview.com\/wp-content\/uploads\/2025\/03\/sanitization_decontamination_1.jpg\" data-libid=\"4843\" data-lib=\"medialibrary\" title=\"sanitization_decontamination_1\" width=\"0\" height=\"0\" data-dbsrc=\"Ly83MDQubmV4dC1wcmV2aWV3LmNvbS93cC1jb250ZW50L3VwbG9hZHMvMjAyNS8wMy9zYW5pdGl6YXRpb25fZGVjb250YW1pbmF0aW9uXzEuanBn\"\/>\n\t\t\t\t\t\t<img data-src=\"\/\/704.next-preview.com\/wp-content\/uploads\/2025\/03\/sanitization_decontamination_6.jpg\" data-libid=\"4842\" data-lib=\"medialibrary\" title=\"sanitization_decontamination_6\" width=\"0\" height=\"0\" data-dbsrc=\"Ly83MDQubmV4dC1wcmV2aWV3LmNvbS93cC1jb250ZW50L3VwbG9hZHMvMjAyNS8wMy9zYW5pdGl6YXRpb25fZGVjb250YW1pbmF0aW9uXzYuanBn\"\/>\n\t\t\t\t\t\t<img data-src=\"\/\/704.next-preview.com\/wp-content\/uploads\/2025\/03\/sanitization_decontamination_4.jpg\" data-libid=\"4840\" data-lib=\"medialibrary\" title=\"sanitization_decontamination_4\" width=\"0\" height=\"0\" data-dbsrc=\"Ly83MDQubmV4dC1wcmV2aWV3LmNvbS93cC1jb250ZW50L3VwbG9hZHMvMjAyNS8wMy9zYW5pdGl6YXRpb25fZGVjb250YW1pbmF0aW9uXzQuanBn\"\/>\n\t\t\t\t\t\t<img loading=\"lazy\" data-src=\"\/\/704.next-preview.com\/wp-content\/uploads\/2025\/01\/sanitization_decontamination_5.jpg\" data-libid=\"4441\" data-lib=\"medialibrary\" title=\"sanitization_decontamination_5\" width=\"0\" height=\"0\" data-dbsrc=\"Ly83MDQubmV4dC1wcmV2aWV3LmNvbS93cC1jb250ZW50L3VwbG9hZHMvMjAyNS8wMS9zYW5pdGl6YXRpb25fZGVjb250YW1pbmF0aW9uXzUuanBn\"\/>\n\t\t\t\t\t<\/image_lists>\n\t\t\t\t<\/sr7-module>\n\t\t\t\t<script>\n\t\t\t\t\tSR7.PMH ??={}; SR7.PMH[\"SR7_42_1\"] = {cn:100,state:false,fn: function() { if (_tpt!==undefined && _tpt.prepareModuleHeight !== undefined) {  _tpt.prepareModuleHeight({id:\"SR7_42_1\",el:[549.994,549.994,768,960,720],type:'standard',shdw:'0',gh:[550,550,550,550,550],gw:[1240,1240,1024,778,480],vpt:['-100px&#039;,&#039;-100px&#039;,&#039;-100px&#039;,&#039;-100px&#039;,&#039;-100px'],size:{fullWidth:true, fullHeight:false},mh:'0',onh:0,onw:0,bg:{color:'{\"orig\":\"transparent\",\"type\":\"solid\",\"string\":\"transparent\"}'}});   SR7.PMH[\"SR7_42_1\"].state=true;} else if(SR7.PMH[\"SR7_42_1\"].cn-->0)\tsetTimeout( SR7.PMH[\"SR7_42_1\"].fn,19);}};SR7.PMH[\"SR7_42_1\" ].fn();\n\t\t\t\t<\/script>\n<\/div>\n\n\t\t\t\t\t\t<\/div>\n\t\t\t\t<\/div>\n\t\t\t\t<\/div>\n\t\t\t\t<\/div>\n\t\t","protected":false},"excerpt":{"rendered":"<p>Sanitisierung Seien Sie schneller als der Biofilm! Mikrobiologische Bel\u00e4ge stellen aufgrund ihres rasanten Wachstums rasch ein gravierendes Betriebsrisiko dar und f\u00fchren nicht selten zum Produktionsstillstand. Bel\u00e4ge wie Keime, Hefen, Bakterien, Pilze etc. vermehren sich exponentiell und bilden nicht selten einen fest anhaftenden, chemisch weitgehend inerten Biofilm auf Innenoberfl\u00e4chen. Mit unseren modernen chemischen Sanitisierungsmethoden, die meist [&hellip;]<\/p>\n","protected":false},"author":2,"featured_media":0,"parent":0,"menu_order":0,"comment_status":"closed","ping_status":"closed","template":"page-full-width.php","meta":[],"class_list":["post-4386","page","type-page","status-publish","hentry"],"_links":{"self":[{"href":"https:\/\/corrgo.ch\/en\/wp-json\/wp\/v2\/pages\/4386","targetHints":{"allow":["GET"]}}],"collection":[{"href":"https:\/\/corrgo.ch\/en\/wp-json\/wp\/v2\/pages"}],"about":[{"href":"https:\/\/corrgo.ch\/en\/wp-json\/wp\/v2\/types\/page"}],"author":[{"embeddable":true,"href":"https:\/\/corrgo.ch\/en\/wp-json\/wp\/v2\/users\/2"}],"replies":[{"embeddable":true,"href":"https:\/\/corrgo.ch\/en\/wp-json\/wp\/v2\/comments?post=4386"}],"version-history":[{"count":35,"href":"https:\/\/corrgo.ch\/en\/wp-json\/wp\/v2\/pages\/4386\/revisions"}],"predecessor-version":[{"id":5280,"href":"https:\/\/corrgo.ch\/en\/wp-json\/wp\/v2\/pages\/4386\/revisions\/5280"}],"wp:attachment":[{"href":"https:\/\/corrgo.ch\/en\/wp-json\/wp\/v2\/media?parent=4386"}],"curies":[{"name":"wp","href":"https:\/\/api.w.org\/{rel}","templated":true}]}}