{"id":4381,"date":"2025-01-15T17:36:37","date_gmt":"2025-01-15T17:36:37","guid":{"rendered":"https:\/\/corrgo.ch\/?page_id=4381"},"modified":"2026-04-17T10:56:23","modified_gmt":"2026-04-17T08:56:23","slug":"on-site-electropolishing","status":"publish","type":"page","link":"https:\/\/corrgo.ch\/en\/on-site-electropolishing\/","title":{"rendered":"ON-SITE ELECTROPOLISHING"},"content":{"rendered":"\t\t<div data-elementor-type=\"wp-page\" data-elementor-id=\"4381\" class=\"elementor elementor-4381\">\n\t\t\t\t<div class=\"elementor-element elementor-element-e3be643 e-con-full qodef-custom-cursor--activate animated-slow e-transform e-flex elementor-invisible e-con e-parent\" data-id=\"e3be643\" data-element_type=\"container\" data-settings=\"{&quot;background_background&quot;:&quot;classic&quot;,&quot;animation&quot;:&quot;zoomIn&quot;,&quot;animation_delay&quot;:500,&quot;_transform_rotateZ_effect&quot;:{&quot;unit&quot;:&quot;px&quot;,&quot;size&quot;:0,&quot;sizes&quot;:[]},&quot;_transform_rotateZ_effect_tablet&quot;:{&quot;unit&quot;:&quot;deg&quot;,&quot;size&quot;:&quot;&quot;,&quot;sizes&quot;:[]},&quot;_transform_rotateZ_effect_mobile&quot;:{&quot;unit&quot;:&quot;deg&quot;,&quot;size&quot;:&quot;&quot;,&quot;sizes&quot;:[]}}\">\n\t\t\t\t<div class=\"elementor-element elementor-element-0abc1e9 elementor-widget elementor-widget-text-editor\" data-id=\"0abc1e9\" data-element_type=\"widget\" data-widget_type=\"text-editor.default\">\n\t\t\t\t<div class=\"elementor-widget-container\">\n\t\t\t\t\t\t\t\t\t<h2>Mobiles Elektropolieren<\/h2>\t\t\t\t\t\t\t\t<\/div>\n\t\t\t\t<\/div>\n\t\t\t\t<div class=\"elementor-element elementor-element-0efc37c elementor-widget elementor-widget-spacer\" data-id=\"0efc37c\" data-element_type=\"widget\" data-widget_type=\"spacer.default\">\n\t\t\t\t<div class=\"elementor-widget-container\">\n\t\t\t\t\t\t\t<div class=\"elementor-spacer\">\n\t\t\t<div class=\"elementor-spacer-inner\"><\/div>\n\t\t<\/div>\n\t\t\t\t\t\t<\/div>\n\t\t\t\t<\/div>\n\t\t\t\t<\/div>\n\t\t<div class=\"elementor-element elementor-element-7551071 e-flex e-con-boxed qodef-custom-cursor--deactivate e-con e-parent\" data-id=\"7551071\" data-element_type=\"container\">\n\t\t\t\t\t<div class=\"e-con-inner\">\n\t\t\t\t<div class=\"elementor-element elementor-element-862c45a elementor-widget elementor-widget-spacer\" data-id=\"862c45a\" data-element_type=\"widget\" data-widget_type=\"spacer.default\">\n\t\t\t\t<div class=\"elementor-widget-container\">\n\t\t\t\t\t\t\t<div class=\"elementor-spacer\">\n\t\t\t<div class=\"elementor-spacer-inner\"><\/div>\n\t\t<\/div>\n\t\t\t\t\t\t<\/div>\n\t\t\t\t<\/div>\n\t\t\t\t\t<\/div>\n\t\t\t\t<\/div>\n\t\t<div class=\"elementor-element elementor-element-cbd252e e-con-full qodef-custom-cursor--activate e-flex e-con e-parent\" data-id=\"cbd252e\" data-element_type=\"container\" data-settings=\"{&quot;background_background&quot;:&quot;classic&quot;}\">\n\t\t\t\t<div class=\"elementor-element elementor-element-8118b3a elementor-widget elementor-widget-spacer\" data-id=\"8118b3a\" data-element_type=\"widget\" data-widget_type=\"spacer.default\">\n\t\t\t\t<div class=\"elementor-widget-container\">\n\t\t\t\t\t\t\t<div class=\"elementor-spacer\">\n\t\t\t<div class=\"elementor-spacer-inner\"><\/div>\n\t\t<\/div>\n\t\t\t\t\t\t<\/div>\n\t\t\t\t<\/div>\n\t\t\t\t<div class=\"elementor-element elementor-element-ce77a8e elementor-widget__width-initial elementor-invisible elementor-widget elementor-widget-text-editor\" data-id=\"ce77a8e\" data-element_type=\"widget\" data-settings=\"{&quot;_animation&quot;:&quot;fadeIn&quot;}\" data-widget_type=\"text-editor.default\">\n\t\t\t\t<div class=\"elementor-widget-container\">\n\t\t\t\t\t\t\t\t\t<h4>Unsere Paradedispziplin f\u00fcr alle F\u00e4lle<\/h4>\t\t\t\t\t\t\t\t<\/div>\n\t\t\t\t<\/div>\n\t\t\t\t<div class=\"elementor-element elementor-element-5af5c55 elementor-widget elementor-widget-spacer\" data-id=\"5af5c55\" data-element_type=\"widget\" data-widget_type=\"spacer.default\">\n\t\t\t\t<div class=\"elementor-widget-container\">\n\t\t\t\t\t\t\t<div class=\"elementor-spacer\">\n\t\t\t<div class=\"elementor-spacer-inner\"><\/div>\n\t\t<\/div>\n\t\t\t\t\t\t<\/div>\n\t\t\t\t<\/div>\n\t\t\t\t<\/div>\n\t\t<div class=\"elementor-element elementor-element-1c22f08 e-flex e-con-boxed qodef-custom-cursor--deactivate e-con e-parent\" data-id=\"1c22f08\" data-element_type=\"container\">\n\t\t\t\t\t<div class=\"e-con-inner\">\n\t\t\t\t<div class=\"elementor-element elementor-element-c0c958b elementor-widget elementor-widget-spacer\" data-id=\"c0c958b\" data-element_type=\"widget\" data-widget_type=\"spacer.default\">\n\t\t\t\t<div class=\"elementor-widget-container\">\n\t\t\t\t\t\t\t<div class=\"elementor-spacer\">\n\t\t\t<div class=\"elementor-spacer-inner\"><\/div>\n\t\t<\/div>\n\t\t\t\t\t\t<\/div>\n\t\t\t\t<\/div>\n\t\t\t\t<div class=\"elementor-element elementor-element-dd73dad elementor-invisible elementor-widget elementor-widget-text-editor\" data-id=\"dd73dad\" data-element_type=\"widget\" data-settings=\"{&quot;_animation&quot;:&quot;fadeIn&quot;}\" data-widget_type=\"text-editor.default\">\n\t\t\t\t<div class=\"elementor-widget-container\">\n\t\t\t\t\t\t\t\t\t<h6>Seit den sp\u00e4ten 1970er Jahren wurde diese Technologie durch die Henkel-Gruppe kontinuierlich weiterentwickelt und stellt mittlerweile die Paradedisziplin unserer Sanierungsverfahren vor-Ort dar. Unabh\u00e4ngig von Bauteilarchitektur und Dimension werden Edelst\u00e4hle und Sonderlegierungen mit stets individuell angepasstem Equipment, auch im Reinraum, behandelt. Ziel ist die bestm\u00f6gliche Mikrogl\u00e4ttung und das Schaffen homogener Oberfl\u00e4chenstrukturen, zu erkennen am charakteristischen Glanz und dem homogenen Erscheinungsbild.<\/h6><h6>Basierend auf jahrzehntelanger Erfahrung wurden unsere Prozesse f\u00fcr den Vor-Ort Einsatz permanent gem\u00e4ss den Vorgaben unserer Kunden angepasst. Arbeitssicherheit und Umweltschutz spielen dabei eine ebenso grosse Rolle wie gutes Handling, auch unter oft beengten Platzverh\u00e4ltnissen. Um kontrollierte und gleichm\u00e4ssige Materialabtr\u00e4ge zu gew\u00e4hrleisten werden spezielle, dem jeweiligen Bauteil angepasste Vorrichtungen und elektrochemische Prozessparameter verwendet, dort kontrolliert und vor-Ort dokumentiert, auch unter GMP-Bedingungen. In puncto Form und Material zu behandelnder Objekte verweisen wir gerne auf unseren reichen Fundus an bereits erfolgreich durchgef\u00fchrten Projekten. Der Anwendungsbereich dieses Verfahrens erstreckt sich von der Kan\u00fcle bis hin zum Grosstank. Fordern Sie uns gerne mit Ihrer anspruchsvollen Aufgabe heraus!<\/h6>\t\t\t\t\t\t\t\t<\/div>\n\t\t\t\t<\/div>\n\t\t\t\t<div class=\"elementor-element elementor-element-236ca4e elementor-invisible elementor-widget elementor-widget-text-editor\" data-id=\"236ca4e\" data-element_type=\"widget\" data-settings=\"{&quot;_animation&quot;:&quot;fadeIn&quot;}\" data-widget_type=\"text-editor.default\">\n\t\t\t\t<div class=\"elementor-widget-container\">\n\t\t\t\t\t\t\t\t\t<h6>\u2022\u00a0Erzeugt maximale Mikrogl\u00e4ttung<br \/>\u2022\u00a0Liefert die minimale tats\u00e4chliche Oberfl\u00e4che und reduziert Anhaftungen<br \/>\u2022\u00a0Beseitigt \u00fcberlagerte Anhaftungseffekte wie lokale Korrosion, Anbackungen, Produktr\u00fcckst\u00e4nde, Partikeln<br \/>\u2022\u00a0Einsatz von minimalen Chemikalienvolumen, Beh\u00e4lter und Anlagen m\u00fcssen nicht geflutet werden<br \/>\u2022\u00a0Erfolgt segmentweise<br \/>\u2022\u00a0Chemikalien\/Sp\u00fclw\u00e4sser k\u00f6nnen optional vor-Ort entsorgt werden<br \/>\u2022\u00a0Chemikalien kompatibel mit allen g\u00e4ngigen Kunststoffen<br \/>\u2022\u00a0Regelm\u00e4ssiges Monitoring von repr\u00e4sentativen Kontrollstellen bestimmt den optimalen Zeitpunkt<\/h6>\t\t\t\t\t\t\t\t<\/div>\n\t\t\t\t<\/div>\n\t\t\t\t<div class=\"elementor-element elementor-element-7dd9879 elementor-invisible elementor-widget elementor-widget-text-editor\" data-id=\"7dd9879\" data-element_type=\"widget\" data-settings=\"{&quot;_animation&quot;:&quot;fadeIn&quot;}\" data-widget_type=\"text-editor.default\">\n\t\t\t\t<div class=\"elementor-widget-container\">\n\t\t\t\t\t\t\t\t\t<h6>Beim Elektropolieren werden Oberfl\u00e4chen elektrochemisch abgetragen. Es kommt oft dann zum Einsatz, wenn sich unerw\u00fcnschte Anhaftungen, h\u00e4ufig verst\u00e4rkt durch Temperatureinfluss und \u00fcberlagert bilden oder Oberfl\u00e4chen nach l\u00e4ngerem Betrieb nicht mehr Ihrer urspr\u00fcnglichen Spezifikation entsprechen.<\/h6><h6>Des Weiteren eignet sich die Methode bestens zur Sanierung von mechanischen Besch\u00e4digungen wie Kratzer und lokale Korrosion.<\/h6>\t\t\t\t\t\t\t\t<\/div>\n\t\t\t\t<\/div>\n\t\t\t\t<div class=\"elementor-element elementor-element-6d6aaa4 elementor-widget elementor-widget-spacer\" data-id=\"6d6aaa4\" data-element_type=\"widget\" data-widget_type=\"spacer.default\">\n\t\t\t\t<div class=\"elementor-widget-container\">\n\t\t\t\t\t\t\t<div class=\"elementor-spacer\">\n\t\t\t<div class=\"elementor-spacer-inner\"><\/div>\n\t\t<\/div>\n\t\t\t\t\t\t<\/div>\n\t\t\t\t<\/div>\n\t\t\t\t\t<\/div>\n\t\t\t\t<\/div>\n\t\t<div class=\"elementor-element elementor-element-3a371c8 e-flex e-con-boxed qodef-custom-cursor--deactivate e-con e-parent\" data-id=\"3a371c8\" data-element_type=\"container\" data-settings=\"{&quot;background_background&quot;:&quot;classic&quot;}\">\n\t\t\t\t\t<div class=\"e-con-inner\">\n\t\t<div class=\"elementor-element elementor-element-65bb6f3 e-con-full e-flex qodef-custom-cursor--deactivate e-con e-child\" data-id=\"65bb6f3\" data-element_type=\"container\">\n\t\t\t\t<div class=\"elementor-element elementor-element-3e9b90c elementor-invisible elementor-widget elementor-widget-text-editor\" data-id=\"3e9b90c\" data-element_type=\"widget\" data-settings=\"{&quot;_animation&quot;:&quot;slideInLeft&quot;}\" data-widget_type=\"text-editor.default\">\n\t\t\t\t<div class=\"elementor-widget-container\">\n\t\t\t\t\t\t\t\t\t<h5><em><strong>F\u00fcr die bestm\u00f6gliche Mikrogl\u00e4ttung und homogenen Glanz<\/strong><\/em><\/h5>\t\t\t\t\t\t\t\t<\/div>\n\t\t\t\t<\/div>\n\t\t\t\t<\/div>\n\t\t<div class=\"elementor-element elementor-element-4d68162 e-con-full e-flex qodef-custom-cursor--deactivate e-con e-child\" data-id=\"4d68162\" data-element_type=\"container\">\n\t\t\t\t<div class=\"elementor-element elementor-element-7a944d0 elementor-invisible elementor-widget elementor-widget-qi_addons_for_elementor_button\" data-id=\"7a944d0\" data-element_type=\"widget\" data-settings=\"{&quot;_animation&quot;:&quot;zoomIn&quot;}\" data-widget_type=\"qi_addons_for_elementor_button.default\">\n\t\t\t\t<div class=\"elementor-widget-container\">\n\t\t\t\t\t<a class=\"qodef-shortcode qodef-m qodef-qi-button qodef-html--link qodef-layout--outlined qodef-type--standard qodef-size--large qodef-icon--right qodef-hover--icon-move-horizontal-short\" href=\"https:\/\/corrgo.ch\/kontakt\/\" target=\"_self\">\n\t<span class=\"qodef-m-text\">KONTAKTIEREN SIE UNS<\/span>\n\t<\/a>\n\t\t\t\t<\/div>\n\t\t\t\t<\/div>\n\t\t\t\t<\/div>\n\t\t\t\t\t<\/div>\n\t\t\t\t<\/div>\n\t\t<div class=\"elementor-element elementor-element-44a73de e-con-full e-flex qodef-custom-cursor--deactivate e-con e-parent\" data-id=\"44a73de\" data-element_type=\"container\">\n\t\t\t\t<div class=\"elementor-element elementor-element-46211e5 elementor-widget elementor-widget-slider_revolution\" data-id=\"46211e5\" data-element_type=\"widget\" data-widget_type=\"slider_revolution.default\">\n\t\t\t\t<div class=\"elementor-widget-container\">\n\t\t\t\t\t\n\t\t<div class=\"wp-block-themepunch-revslider\">\n\t\t\t\t<p class=\"rs-p-wp-fix\"><\/p>\n\t\t\t\t<sr7-module data-alias=\"ON-SITE-ELECTROPOLISHING\" data-id=\"39\" id=\"SR7_39_1\" class=\"rs-ov-hidden\" data-version=\"6.7.41\">\n\t\t\t\t\t<sr7-adjuster><\/sr7-adjuster>\n\t\t\t\t\t<sr7-content>\n\t\t\t\t\t\t<sr7-slide id=\"SR7_39_1-152\" data-key=\"152\">\n\t\t\t\t\t\t\t<sr7-bg id=\"SR7_39_1-152-1\" class=\"sr7-layer\"><noscript><img decoding=\"async\" src=\"https:\/\/corrgo.ch\/wp-content\/uploads\/2024\/10\/corrgo_oberfl.jpg\" alt=\"\" title=\"corrgo_oberfl\"><\/noscript><\/sr7-bg>\n\t\t\t\t\t\t<\/sr7-slide>\n\t\t\t\t\t\t<sr7-slide id=\"SR7_39_1-151\" data-key=\"151\">\n\t\t\t\t\t\t\t<sr7-bg id=\"SR7_39_1-151-1\" class=\"sr7-layer\"><noscript><img decoding=\"async\" src=\"https:\/\/corrgo.ch\/wp-content\/uploads\/2025\/03\/on_site_electropolishing_4.jpg\" alt=\"\" title=\"on_site_electropolishing_4\"><\/noscript><\/sr7-bg>\n\t\t\t\t\t\t<\/sr7-slide>\n\t\t\t\t\t\t<sr7-slide id=\"SR7_39_1-150\" data-key=\"150\">\n\t\t\t\t\t\t\t<sr7-bg id=\"SR7_39_1-150-1\" class=\"sr7-layer\"><noscript><img decoding=\"async\" src=\"https:\/\/corrgo.ch\/wp-content\/uploads\/2025\/03\/on_site_electropolishing_2_cut.jpg\" alt=\"\" title=\"on_site_electropolishing_2_cut\"><\/noscript><\/sr7-bg>\n\t\t\t\t\t\t<\/sr7-slide>\n\t\t\t\t\t\t<sr7-slide id=\"SR7_39_1-208\" data-key=\"208\">\n\t\t\t\t\t\t\t<sr7-bg id=\"SR7_39_1-208-1\" class=\"sr7-layer\"><noscript><img decoding=\"async\" src=\"https:\/\/corrgo.ch\/wp-content\/uploads\/2025\/03\/on_site_electropolishing_3.jpg\" alt=\"\" title=\"on_site_electropolishing_3\"><\/noscript><\/sr7-bg>\n\t\t\t\t\t\t<\/sr7-slide>\n\t\t\t\t\t\t<sr7-slide id=\"SR7_39_1-153\" data-key=\"153\">\n\t\t\t\t\t\t<\/sr7-slide>\n\t\t\t\t\t<\/sr7-content>\n\t\t\t\t\t<image_lists style=\"display:none\">\n\t\t\t\t\t\t<img data-src=\"\/\/704.next-preview.com\/wp-content\/uploads\/2025\/03\/on_site_electropolishing_2_cut.jpg\" data-libid=\"4822\" data-lib=\"medialibrary\" title=\"on_site_electropolishing_2_cut\" width=\"0\" height=\"0\" data-dbsrc=\"Ly83MDQubmV4dC1wcmV2aWV3LmNvbS93cC1jb250ZW50L3VwbG9hZHMvMjAyNS8wMy9vbl9zaXRlX2VsZWN0cm9wb2xpc2hpbmdfMl9jdXQuanBn\"\/>\n\t\t\t\t\t\t<img data-src=\"\/\/704.next-preview.com\/wp-content\/uploads\/2025\/03\/on_site_electropolishing_4.jpg\" data-libid=\"4818\" data-lib=\"medialibrary\" title=\"on_site_electropolishing_4\" width=\"0\" height=\"0\" data-dbsrc=\"Ly83MDQubmV4dC1wcmV2aWV3LmNvbS93cC1jb250ZW50L3VwbG9hZHMvMjAyNS8wMy9vbl9zaXRlX2VsZWN0cm9wb2xpc2hpbmdfNC5qcGc=\"\/>\n\t\t\t\t\t\t<img data-src=\"\/\/704.next-preview.com\/wp-content\/uploads\/2024\/10\/corrgo_oberfl.jpg\" data-libid=\"3970\" data-lib=\"medialibrary\" title=\"corrgo_oberfl\" width=\"0\" height=\"0\" data-dbsrc=\"Ly83MDQubmV4dC1wcmV2aWV3LmNvbS93cC1jb250ZW50L3VwbG9hZHMvMjAyNC8xMC9jb3JyZ29fb2JlcmZsLmpwZw==\"\/>\n\t\t\t\t\t\t<img loading=\"lazy\" data-src=\"\/\/704.next-preview.com\/wp-content\/uploads\/2025\/03\/on_site_electropolishing_3.jpg\" data-libid=\"4817\" data-lib=\"medialibrary\" title=\"on_site_electropolishing_3\" width=\"0\" height=\"0\" data-dbsrc=\"Ly83MDQubmV4dC1wcmV2aWV3LmNvbS93cC1jb250ZW50L3VwbG9hZHMvMjAyNS8wMy9vbl9zaXRlX2VsZWN0cm9wb2xpc2hpbmdfMy5qcGc=\"\/>\n\t\t\t\t\t<\/image_lists>\n\t\t\t\t<\/sr7-module>\n\t\t\t\t<script>\n\t\t\t\t\tSR7.PMH ??={}; SR7.PMH[\"SR7_39_1\"] = {cn:100,state:false,fn: function() { if (_tpt!==undefined && _tpt.prepareModuleHeight !== undefined) {  _tpt.prepareModuleHeight({id:\"SR7_39_1\",el:[549.994,549.994,768,960,720],type:'standard',shdw:'0',gh:[550,550,550,550,550],gw:[1240,1240,1024,778,480],vpt:['-100px&#039;,&#039;-100px&#039;,&#039;-100px&#039;,&#039;-100px&#039;,&#039;-100px'],size:{fullWidth:true, fullHeight:false},mh:'0',onh:0,onw:0,bg:{color:'{\"orig\":\"transparent\",\"type\":\"solid\",\"string\":\"transparent\"}'}});   SR7.PMH[\"SR7_39_1\"].state=true;} else if(SR7.PMH[\"SR7_39_1\"].cn-->0)\tsetTimeout( SR7.PMH[\"SR7_39_1\"].fn,19);}};SR7.PMH[\"SR7_39_1\" ].fn();\n\t\t\t\t<\/script>\n<\/div>\n\n\t\t\t\t\t\t<\/div>\n\t\t\t\t<\/div>\n\t\t\t\t<\/div>\n\t\t\t\t<\/div>\n\t\t","protected":false},"excerpt":{"rendered":"<p>Mobiles Elektropolieren Unsere Paradedispziplin f\u00fcr alle F\u00e4lle Seit den sp\u00e4ten 1970er Jahren wurde diese Technologie durch die Henkel-Gruppe kontinuierlich weiterentwickelt und stellt mittlerweile die Paradedisziplin unserer Sanierungsverfahren vor-Ort dar. Unabh\u00e4ngig von Bauteilarchitektur und Dimension werden Edelst\u00e4hle und Sonderlegierungen mit stets individuell angepasstem Equipment, auch im Reinraum, behandelt. Ziel ist die bestm\u00f6gliche Mikrogl\u00e4ttung und das Schaffen [&hellip;]<\/p>\n","protected":false},"author":2,"featured_media":0,"parent":0,"menu_order":0,"comment_status":"closed","ping_status":"closed","template":"page-full-width.php","meta":[],"class_list":["post-4381","page","type-page","status-publish","hentry"],"_links":{"self":[{"href":"https:\/\/corrgo.ch\/en\/wp-json\/wp\/v2\/pages\/4381","targetHints":{"allow":["GET"]}}],"collection":[{"href":"https:\/\/corrgo.ch\/en\/wp-json\/wp\/v2\/pages"}],"about":[{"href":"https:\/\/corrgo.ch\/en\/wp-json\/wp\/v2\/types\/page"}],"author":[{"embeddable":true,"href":"https:\/\/corrgo.ch\/en\/wp-json\/wp\/v2\/users\/2"}],"replies":[{"embeddable":true,"href":"https:\/\/corrgo.ch\/en\/wp-json\/wp\/v2\/comments?post=4381"}],"version-history":[{"count":35,"href":"https:\/\/corrgo.ch\/en\/wp-json\/wp\/v2\/pages\/4381\/revisions"}],"predecessor-version":[{"id":5277,"href":"https:\/\/corrgo.ch\/en\/wp-json\/wp\/v2\/pages\/4381\/revisions\/5277"}],"wp:attachment":[{"href":"https:\/\/corrgo.ch\/en\/wp-json\/wp\/v2\/media?parent=4381"}],"curies":[{"name":"wp","href":"https:\/\/api.w.org\/{rel}","templated":true}]}}