{"id":4376,"date":"2025-01-15T17:35:55","date_gmt":"2025-01-15T17:35:55","guid":{"rendered":"https:\/\/corrgo.ch\/?page_id=4376"},"modified":"2026-04-17T10:54:22","modified_gmt":"2026-04-17T08:54:22","slug":"derouging-deblacking","status":"publish","type":"page","link":"https:\/\/corrgo.ch\/en\/derouging-deblacking\/","title":{"rendered":"DEROUGING &#038; DEBLACKING"},"content":{"rendered":"\t\t<div data-elementor-type=\"wp-page\" data-elementor-id=\"4376\" class=\"elementor elementor-4376\">\n\t\t\t\t<div class=\"elementor-element elementor-element-e3be643 e-con-full qodef-custom-cursor--activate animated-slow e-transform e-flex elementor-invisible e-con e-parent\" data-id=\"e3be643\" data-element_type=\"container\" data-settings=\"{&quot;background_background&quot;:&quot;classic&quot;,&quot;animation&quot;:&quot;zoomIn&quot;,&quot;animation_delay&quot;:500,&quot;_transform_rotateZ_effect&quot;:{&quot;unit&quot;:&quot;px&quot;,&quot;size&quot;:0,&quot;sizes&quot;:[]},&quot;_transform_rotateZ_effect_tablet&quot;:{&quot;unit&quot;:&quot;deg&quot;,&quot;size&quot;:&quot;&quot;,&quot;sizes&quot;:[]},&quot;_transform_rotateZ_effect_mobile&quot;:{&quot;unit&quot;:&quot;deg&quot;,&quot;size&quot;:&quot;&quot;,&quot;sizes&quot;:[]}}\">\n\t\t\t\t<div class=\"elementor-element elementor-element-0abc1e9 elementor-widget elementor-widget-text-editor\" data-id=\"0abc1e9\" data-element_type=\"widget\" data-widget_type=\"text-editor.default\">\n\t\t\t\t<div class=\"elementor-widget-container\">\n\t\t\t\t\t\t\t\t\t<h2>Derouging und Deblacking<\/h2>\t\t\t\t\t\t\t\t<\/div>\n\t\t\t\t<\/div>\n\t\t\t\t<div class=\"elementor-element elementor-element-0efc37c elementor-widget elementor-widget-spacer\" data-id=\"0efc37c\" data-element_type=\"widget\" data-widget_type=\"spacer.default\">\n\t\t\t\t<div class=\"elementor-widget-container\">\n\t\t\t\t\t\t\t<div class=\"elementor-spacer\">\n\t\t\t<div class=\"elementor-spacer-inner\"><\/div>\n\t\t<\/div>\n\t\t\t\t\t\t<\/div>\n\t\t\t\t<\/div>\n\t\t\t\t<\/div>\n\t\t<div class=\"elementor-element elementor-element-7551071 e-flex e-con-boxed qodef-custom-cursor--deactivate e-con e-parent\" data-id=\"7551071\" data-element_type=\"container\">\n\t\t\t\t\t<div class=\"e-con-inner\">\n\t\t\t\t<div class=\"elementor-element elementor-element-862c45a elementor-widget elementor-widget-spacer\" data-id=\"862c45a\" data-element_type=\"widget\" data-widget_type=\"spacer.default\">\n\t\t\t\t<div class=\"elementor-widget-container\">\n\t\t\t\t\t\t\t<div class=\"elementor-spacer\">\n\t\t\t<div class=\"elementor-spacer-inner\"><\/div>\n\t\t<\/div>\n\t\t\t\t\t\t<\/div>\n\t\t\t\t<\/div>\n\t\t\t\t\t<\/div>\n\t\t\t\t<\/div>\n\t\t<div class=\"elementor-element elementor-element-ef7d4fc e-flex e-con-boxed qodef-custom-cursor--deactivate e-con e-parent\" data-id=\"ef7d4fc\" data-element_type=\"container\" data-settings=\"{&quot;background_background&quot;:&quot;classic&quot;}\">\n\t\t\t\t\t<div class=\"e-con-inner\">\n\t\t\t\t<div class=\"elementor-element elementor-element-45924d3 elementor-widget__width-initial elementor-invisible elementor-widget elementor-widget-text-editor\" data-id=\"45924d3\" data-element_type=\"widget\" data-settings=\"{&quot;_animation&quot;:&quot;fadeIn&quot;}\" data-widget_type=\"text-editor.default\">\n\t\t\t\t<div class=\"elementor-widget-container\">\n\t\t\t\t\t\t\t\t\t<h4>preventive maintenance f\u00fcr kontrollierte Oberfl\u00e4chen<br \/>und langfristigen Werterhalt<\/h4>\t\t\t\t\t\t\t\t<\/div>\n\t\t\t\t<\/div>\n\t\t\t\t\t<\/div>\n\t\t\t\t<\/div>\n\t\t<div class=\"elementor-element elementor-element-1c22f08 e-flex e-con-boxed qodef-custom-cursor--deactivate e-con e-parent\" data-id=\"1c22f08\" data-element_type=\"container\">\n\t\t\t\t\t<div class=\"e-con-inner\">\n\t\t\t\t<div class=\"elementor-element elementor-element-c0c958b elementor-widget elementor-widget-spacer\" data-id=\"c0c958b\" data-element_type=\"widget\" data-widget_type=\"spacer.default\">\n\t\t\t\t<div class=\"elementor-widget-container\">\n\t\t\t\t\t\t\t<div class=\"elementor-spacer\">\n\t\t\t<div class=\"elementor-spacer-inner\"><\/div>\n\t\t<\/div>\n\t\t\t\t\t\t<\/div>\n\t\t\t\t<\/div>\n\t\t\t\t<div class=\"elementor-element elementor-element-dd73dad elementor-invisible elementor-widget elementor-widget-text-editor\" data-id=\"dd73dad\" data-element_type=\"widget\" data-settings=\"{&quot;_animation&quot;:&quot;fadeIn&quot;}\" data-widget_type=\"text-editor.default\">\n\t\t\t\t<div class=\"elementor-widget-container\">\n\t\t\t\t\t\t\t\t\t<h6>In heiss betriebenen Reinstmediensystemen kommt es w\u00e4hrend des Betriebs h\u00e4ufig zu Fl\u00e4chenkorrosion. Die Kombination von entmineralisierten Reinstmedien wie beispielsweise WFI und PW oder Reinstdampf in Verbindung mit hohen Temperaturen im Kontakt mit der Oberfl\u00e4che des Edelstahls bewirkt einen Abbau der vor Korrosion sch\u00fctzenden chromoxidreichen Passivschicht. Im gleichen Masse bauen sich in heiss betriebenen Reinstmediensystemen eisenoxiddominierte Schichten auf.<br \/>Bei fl\u00e4chigen rot-braunen Bel\u00e4gen in fl\u00fcssigen Reinstmediensystemen spricht man von Rouging und bei fl\u00e4chigen lila-schwarzen Bel\u00e4gen in Reinstdampfsystemen von Blacking.<br \/>Beide korrosiven Bel\u00e4ge verhindern den Prozess der Repassivierung des Edelstahls und es kommt zu Mikroaufrauungen und der Emittierung von Partikeln. W\u00e4hrend Rouging-Bel\u00e4ge zumeist gut wischbar sind, haften Blacking-Bel\u00e4ge oft fest an, da es sich um tiefgehende morphologische Ver\u00e4nderungen handelt.<\/h6><h6>Beim <strong><em>derouging<\/em><\/strong> werden korrosive rot-braune Bel\u00e4ge chemisch umgesetzt und sicher entfernt, ohne Oberfl\u00e4chen anzugreifen. Dadurch wird die permanente Repassivierung des Edelstahls erm\u00f6glicht. Hierbei kommen saure oder pH-neutrale Chemikalien zum Einsatz.<\/h6>\t\t\t\t\t\t\t\t<\/div>\n\t\t\t\t<\/div>\n\t\t\t\t<div class=\"elementor-element elementor-element-9ba2dde elementor-invisible elementor-widget elementor-widget-text-editor\" data-id=\"9ba2dde\" data-element_type=\"widget\" data-settings=\"{&quot;_animation&quot;:&quot;fadeIn&quot;}\" data-widget_type=\"text-editor.default\">\n\t\t\t\t<div class=\"elementor-widget-container\">\n\t\t\t\t\t\t\t\t\t<h6>\u2022\u00a0Verfahren werden heiss oder bei Umgebungstemperatur durchgef\u00fchrt<br \/>\u2022\u00a0Einsatz von minimalen Chemikalienvolumen, Beh\u00e4lter und Anlagen m\u00fcssen nicht geflutet werden<br \/>\u2022\u00a0Kann in Zirkulation oder segmentweise erfolgen<br \/>\u2022\u00a0Nutzung von CIP-Anlagen vor-Ort m\u00f6glich<br \/>\u2022\u00a0Chemikalien\/Sp\u00fclw\u00e4sser k\u00f6nnen optional vor-Ort entsorgt werden<br \/>\u2022\u00a0Verfahren k\u00f6nnen beliebig oft wiederholt werden, ohne die Oberfl\u00e4che aufzurauen<br \/>\u2022\u00a0Chemikalien kompatibel mit allen g\u00e4ngigen Kunststoffen<br \/>\u2022\u00a0Regelm\u00e4ssiges Monitoring von repr\u00e4sentativen Kontrollstellen bestimmt den optimalen Zeitpunkt<\/h6>\t\t\t\t\t\t\t\t<\/div>\n\t\t\t\t<\/div>\n\t\t\t\t<div class=\"elementor-element elementor-element-d663384 elementor-invisible elementor-widget elementor-widget-text-editor\" data-id=\"d663384\" data-element_type=\"widget\" data-settings=\"{&quot;_animation&quot;:&quot;fadeIn&quot;}\" data-widget_type=\"text-editor.default\">\n\t\t\t\t<div class=\"elementor-widget-container\">\n\t\t\t\t\t\t\t\t\t<h6>Beim <strong><em>deblacking<\/em><\/strong>\u00a0 werden korrosive lila-schwarze Bel\u00e4ge chemisch umgesetzt und entfernt. Daf\u00fcr ist zumeist der Einsatz von sauren Chemikalien notwendig.<\/h6>\t\t\t\t\t\t\t\t<\/div>\n\t\t\t\t<\/div>\n\t\t\t\t<div class=\"elementor-element elementor-element-b3150fc elementor-invisible elementor-widget elementor-widget-text-editor\" data-id=\"b3150fc\" data-element_type=\"widget\" data-settings=\"{&quot;_animation&quot;:&quot;fadeIn&quot;}\" data-widget_type=\"text-editor.default\">\n\t\t\t\t<div class=\"elementor-widget-container\">\n\t\t\t\t\t\t\t\t\t<h6>\u2022\u00a0Verfahren werden heiss durchgef\u00fchrt<br \/>\u2022\u00a0Einsatz von minimalen Chemikalienvolumen, Beh\u00e4lter und Anlagen m\u00fcssen nicht geflutet werden<br \/>\u2022 Kann in Zirkulation oder segmentweise erfolgen<br \/>\u2022\u00a0<span style=\"background-color: var(--qode-background-color); color: var(--qode-text-color); text-transform: initial;\">Chemikalien\/Sp\u00fclw\u00e4sser k\u00f6nnen optional vor-Ort entsorgt werden<br \/>\u2022\u00a0<\/span>Chemikalien kompatibel mit allen g\u00e4ngigen Kunststoffen<br \/>\u2022 Weites Spektrum der Prozessparameter Temperatur, Medium, <br \/>\u00a0 \u00a0Konzentration und Zeit verhindert das \u00dcberbeizen und kritische <br \/>\u00a0 \u00a0Ausgasungen Absatz bitte b\u00fcndig mit Bulletts ausrichten<\/h6>\t\t\t\t\t\t\t\t<\/div>\n\t\t\t\t<\/div>\n\t\t\t\t<div class=\"elementor-element elementor-element-a489ed9 elementor-invisible elementor-widget elementor-widget-text-editor\" data-id=\"a489ed9\" data-element_type=\"widget\" data-settings=\"{&quot;_animation&quot;:&quot;fadeIn&quot;}\" data-widget_type=\"text-editor.default\">\n\t\t\t\t<div class=\"elementor-widget-container\">\n\t\t\t\t\t\t\t\t\t<h6>Global agierende Unternehmen vertrauen mit Weitsicht auf unsere partnerschaftlichen Monitoring-Konzepte. Wir definieren gemeinsam repr\u00e4sentative Kontrollstellen in Ihren Produktionsanlagen. Das garantiert die stets aktuelle Dokumentation des Zustandes Ihrer Oberfl\u00e4chen, das Einordnen von Prozessabweichungen und wappnet Sie f\u00fcr den n\u00e4chsten Audit. Es erm\u00f6glicht die Umsetzung von preventive maintenance Strategien mit dem Ziel, Produktionsstillst\u00e4nde zu minimieren und den langfristigen Werterhalt von Anlagen zu sichern.<\/h6><h6>Werden Prozessabweichungen fr\u00fchzeitig erkannt, k\u00f6nnen diese oft ohne grossen Aufwand saniert werden.<\/h6>\t\t\t\t\t\t\t\t<\/div>\n\t\t\t\t<\/div>\n\t\t\t\t<div class=\"elementor-element elementor-element-6d6aaa4 elementor-widget elementor-widget-spacer\" data-id=\"6d6aaa4\" data-element_type=\"widget\" data-widget_type=\"spacer.default\">\n\t\t\t\t<div class=\"elementor-widget-container\">\n\t\t\t\t\t\t\t<div class=\"elementor-spacer\">\n\t\t\t<div class=\"elementor-spacer-inner\"><\/div>\n\t\t<\/div>\n\t\t\t\t\t\t<\/div>\n\t\t\t\t<\/div>\n\t\t\t\t\t<\/div>\n\t\t\t\t<\/div>\n\t\t<div class=\"elementor-element elementor-element-3a371c8 e-flex e-con-boxed qodef-custom-cursor--deactivate e-con e-parent\" data-id=\"3a371c8\" data-element_type=\"container\" data-settings=\"{&quot;background_background&quot;:&quot;classic&quot;}\">\n\t\t\t\t\t<div class=\"e-con-inner\">\n\t\t<div class=\"elementor-element elementor-element-65bb6f3 e-con-full e-flex qodef-custom-cursor--deactivate e-con e-child\" data-id=\"65bb6f3\" data-element_type=\"container\">\n\t\t\t\t<div class=\"elementor-element elementor-element-3e9b90c elementor-invisible elementor-widget elementor-widget-text-editor\" data-id=\"3e9b90c\" data-element_type=\"widget\" data-settings=\"{&quot;_animation&quot;:&quot;slideInLeft&quot;}\" data-widget_type=\"text-editor.default\">\n\t\t\t\t<div class=\"elementor-widget-container\">\n\t\t\t\t\t\t\t\t\t<h5><strong><em>Informieren Sie sich \u00fcber unsere modernen Verfahren <\/em><\/strong><\/h5>\t\t\t\t\t\t\t\t<\/div>\n\t\t\t\t<\/div>\n\t\t\t\t<\/div>\n\t\t<div class=\"elementor-element elementor-element-4d68162 e-con-full e-flex qodef-custom-cursor--deactivate e-con e-child\" data-id=\"4d68162\" data-element_type=\"container\">\n\t\t\t\t<div class=\"elementor-element elementor-element-614f742 elementor-invisible elementor-widget elementor-widget-qi_addons_for_elementor_button\" data-id=\"614f742\" data-element_type=\"widget\" data-settings=\"{&quot;_animation&quot;:&quot;zoomIn&quot;}\" data-widget_type=\"qi_addons_for_elementor_button.default\">\n\t\t\t\t<div class=\"elementor-widget-container\">\n\t\t\t\t\t<a class=\"qodef-shortcode qodef-m qodef-qi-button qodef-html--link qodef-layout--outlined qodef-type--standard qodef-size--large qodef-icon--right qodef-hover--icon-move-horizontal-short\" href=\"https:\/\/corrgo.ch\/kontakt\/\" target=\"_self\">\n\t<span class=\"qodef-m-text\">KONTAKT<\/span>\n\t<\/a>\n\t\t\t\t<\/div>\n\t\t\t\t<\/div>\n\t\t\t\t<\/div>\n\t\t\t\t\t<\/div>\n\t\t\t\t<\/div>\n\t\t<div class=\"elementor-element elementor-element-44a73de e-con-full e-flex qodef-custom-cursor--deactivate e-con e-parent\" data-id=\"44a73de\" data-element_type=\"container\">\n\t\t\t\t<div class=\"elementor-element elementor-element-46211e5 elementor-widget elementor-widget-slider_revolution\" data-id=\"46211e5\" data-element_type=\"widget\" data-widget_type=\"slider_revolution.default\">\n\t\t\t\t<div class=\"elementor-widget-container\">\n\t\t\t\t\t\n\t\t<div class=\"wp-block-themepunch-revslider\">\n\t\t\t\t<p class=\"rs-p-wp-fix\"><\/p>\n\t\t\t\t<sr7-module data-alias=\"DEROUGING--DEBLACKING\" data-id=\"38\" id=\"SR7_38_1\" class=\"rs-ov-hidden\" data-version=\"6.7.41\">\n\t\t\t\t\t<sr7-adjuster><\/sr7-adjuster>\n\t\t\t\t\t<sr7-content>\n\t\t\t\t\t\t<sr7-slide id=\"SR7_38_1-145\" data-key=\"145\">\n\t\t\t\t\t\t\t<sr7-bg id=\"SR7_38_1-145-1\" class=\"sr7-layer\"><noscript><img decoding=\"async\" src=\"https:\/\/corrgo.ch\/wp-content\/uploads\/2025\/03\/derouging_deblacking_7.jpg\" alt=\"\" title=\"derouging_deblacking_7\"><\/noscript><\/sr7-bg>\n\t\t\t\t\t\t<\/sr7-slide>\n\t\t\t\t\t\t<sr7-slide id=\"SR7_38_1-147\" data-key=\"147\">\n\t\t\t\t\t\t\t<sr7-bg id=\"SR7_38_1-147-1\" class=\"sr7-layer\"><noscript><img decoding=\"async\" src=\"https:\/\/corrgo.ch\/wp-content\/uploads\/2025\/03\/derouging_deblacking_4.jpg\" alt=\"\" title=\"derouging_deblacking_4\"><\/noscript><\/sr7-bg>\n\t\t\t\t\t\t<\/sr7-slide>\n\t\t\t\t\t\t<sr7-slide id=\"SR7_38_1-144\" data-key=\"144\">\n\t\t\t\t\t\t\t<sr7-bg id=\"SR7_38_1-144-1\" class=\"sr7-layer\"><noscript><img decoding=\"async\" src=\"https:\/\/corrgo.ch\/wp-content\/uploads\/2025\/03\/derouging_deblacking_6.jpg\" alt=\"\" title=\"derouging_deblacking_6\"><\/noscript><\/sr7-bg>\n\t\t\t\t\t\t<\/sr7-slide>\n\t\t\t\t\t\t<sr7-slide id=\"SR7_38_1-146\" data-key=\"146\">\n\t\t\t\t\t\t\t<sr7-bg id=\"SR7_38_1-146-1\" class=\"sr7-layer\"><noscript><img decoding=\"async\" src=\"https:\/\/corrgo.ch\/wp-content\/uploads\/2025\/03\/derouging_deblacking_3.jpg\" alt=\"\" title=\"derouging_deblacking_3\"><\/noscript><\/sr7-bg>\n\t\t\t\t\t\t<\/sr7-slide>\n\t\t\t\t\t\t<sr7-slide id=\"SR7_38_1-204\" data-key=\"204\">\n\t\t\t\t\t\t\t<sr7-bg id=\"SR7_38_1-204-1\" class=\"sr7-layer\"><noscript><img decoding=\"async\" src=\"https:\/\/corrgo.ch\/wp-content\/uploads\/2025\/03\/derouging_deblacking_5.jpg\" alt=\"\" title=\"derouging_deblacking_5\"><\/noscript><\/sr7-bg>\n\t\t\t\t\t\t<\/sr7-slide>\n\t\t\t\t\t\t<sr7-slide id=\"SR7_38_1-205\" data-key=\"205\">\n\t\t\t\t\t\t\t<sr7-bg id=\"SR7_38_1-205-1\" class=\"sr7-layer\"><noscript><img decoding=\"async\" src=\"https:\/\/corrgo.ch\/wp-content\/uploads\/2025\/03\/derouging_deblacking_8.jpg\" alt=\"\" title=\"derouging_deblacking_8\"><\/noscript><\/sr7-bg>\n\t\t\t\t\t\t<\/sr7-slide>\n\t\t\t\t\t\t<sr7-slide id=\"SR7_38_1-206\" data-key=\"206\">\n\t\t\t\t\t\t\t<sr7-bg id=\"SR7_38_1-206-1\" class=\"sr7-layer\"><noscript><img decoding=\"async\" src=\"https:\/\/corrgo.ch\/wp-content\/uploads\/2025\/03\/derouging_deblacking_9.jpg\" alt=\"\" title=\"derouging_deblacking_9\"><\/noscript><\/sr7-bg>\n\t\t\t\t\t\t<\/sr7-slide>\n\t\t\t\t\t\t<sr7-slide id=\"SR7_38_1-148\" data-key=\"148\">\n\t\t\t\t\t\t<\/sr7-slide>\n\t\t\t\t\t<\/sr7-content>\n\t\t\t\t\t<image_lists style=\"display:none\">\n\t\t\t\t\t\t<img data-src=\"\/\/704.next-preview.com\/wp-content\/uploads\/2025\/03\/derouging_deblacking_6.jpg\" data-libid=\"4811\" data-lib=\"medialibrary\" title=\"derouging_deblacking_6\" width=\"0\" height=\"0\" data-dbsrc=\"Ly83MDQubmV4dC1wcmV2aWV3LmNvbS93cC1jb250ZW50L3VwbG9hZHMvMjAyNS8wMy9kZXJvdWdpbmdfZGVibGFja2luZ182LmpwZw==\"\/>\n\t\t\t\t\t\t<img data-src=\"\/\/704.next-preview.com\/wp-content\/uploads\/2025\/03\/derouging_deblacking_7.jpg\" data-libid=\"4812\" data-lib=\"medialibrary\" title=\"derouging_deblacking_7\" width=\"0\" height=\"0\" data-dbsrc=\"Ly83MDQubmV4dC1wcmV2aWV3LmNvbS93cC1jb250ZW50L3VwbG9hZHMvMjAyNS8wMy9kZXJvdWdpbmdfZGVibGFja2luZ183LmpwZw==\"\/>\n\t\t\t\t\t\t<img data-src=\"\/\/704.next-preview.com\/wp-content\/uploads\/2025\/03\/derouging_deblacking_3.jpg\" data-libid=\"4808\" data-lib=\"medialibrary\" title=\"derouging_deblacking_3\" width=\"0\" height=\"0\" data-dbsrc=\"Ly83MDQubmV4dC1wcmV2aWV3LmNvbS93cC1jb250ZW50L3VwbG9hZHMvMjAyNS8wMy9kZXJvdWdpbmdfZGVibGFja2luZ18zLmpwZw==\"\/>\n\t\t\t\t\t\t<img loading=\"lazy\" data-src=\"\/\/704.next-preview.com\/wp-content\/uploads\/2025\/03\/derouging_deblacking_4.jpg\" data-libid=\"4809\" data-lib=\"medialibrary\" title=\"derouging_deblacking_4\" width=\"0\" height=\"0\" data-dbsrc=\"Ly83MDQubmV4dC1wcmV2aWV3LmNvbS93cC1jb250ZW50L3VwbG9hZHMvMjAyNS8wMy9kZXJvdWdpbmdfZGVibGFja2luZ180LmpwZw==\"\/>\n\t\t\t\t\t\t<img loading=\"lazy\" data-src=\"\/\/704.next-preview.com\/wp-content\/uploads\/2025\/03\/derouging_deblacking_5.jpg\" data-libid=\"4810\" data-lib=\"medialibrary\" title=\"derouging_deblacking_5\" width=\"0\" height=\"0\" data-dbsrc=\"Ly83MDQubmV4dC1wcmV2aWV3LmNvbS93cC1jb250ZW50L3VwbG9hZHMvMjAyNS8wMy9kZXJvdWdpbmdfZGVibGFja2luZ181LmpwZw==\"\/>\n\t\t\t\t\t\t<img loading=\"lazy\" data-src=\"\/\/704.next-preview.com\/wp-content\/uploads\/2025\/03\/derouging_deblacking_8.jpg\" data-libid=\"4813\" data-lib=\"medialibrary\" title=\"derouging_deblacking_8\" width=\"0\" height=\"0\" data-dbsrc=\"Ly83MDQubmV4dC1wcmV2aWV3LmNvbS93cC1jb250ZW50L3VwbG9hZHMvMjAyNS8wMy9kZXJvdWdpbmdfZGVibGFja2luZ184LmpwZw==\"\/>\n\t\t\t\t\t\t<img loading=\"lazy\" data-src=\"\/\/704.next-preview.com\/wp-content\/uploads\/2025\/03\/derouging_deblacking_9.jpg\" data-libid=\"4814\" data-lib=\"medialibrary\" title=\"derouging_deblacking_9\" width=\"0\" height=\"0\" data-dbsrc=\"Ly83MDQubmV4dC1wcmV2aWV3LmNvbS93cC1jb250ZW50L3VwbG9hZHMvMjAyNS8wMy9kZXJvdWdpbmdfZGVibGFja2luZ185LmpwZw==\"\/>\n\t\t\t\t\t<\/image_lists>\n\t\t\t\t<\/sr7-module>\n\t\t\t\t<script>\n\t\t\t\t\tSR7.PMH ??={}; SR7.PMH[\"SR7_38_1\"] = {cn:100,state:false,fn: function() { if (_tpt!==undefined && _tpt.prepareModuleHeight !== undefined) {  _tpt.prepareModuleHeight({id:\"SR7_38_1\",el:[549.994,549.994,768,960,720],type:'standard',shdw:'0',gh:[550,550,550,550,550],gw:[1240,1240,1024,778,480],vpt:['-100px&#039;,&#039;-100px&#039;,&#039;-100px&#039;,&#039;-100px&#039;,&#039;-100px'],size:{fullWidth:true, fullHeight:false},mh:'0',onh:0,onw:0,bg:{color:'{\"orig\":\"transparent\",\"type\":\"solid\",\"string\":\"transparent\"}'}});   SR7.PMH[\"SR7_38_1\"].state=true;} else if(SR7.PMH[\"SR7_38_1\"].cn-->0)\tsetTimeout( SR7.PMH[\"SR7_38_1\"].fn,19);}};SR7.PMH[\"SR7_38_1\" ].fn();\n\t\t\t\t<\/script>\n<\/div>\n\n\t\t\t\t\t\t<\/div>\n\t\t\t\t<\/div>\n\t\t\t\t<\/div>\n\t\t\t\t<\/div>\n\t\t","protected":false},"excerpt":{"rendered":"<p>Derouging und Deblacking preventive maintenance f\u00fcr kontrollierte Oberfl\u00e4chenund langfristigen Werterhalt In heiss betriebenen Reinstmediensystemen kommt es w\u00e4hrend des Betriebs h\u00e4ufig zu Fl\u00e4chenkorrosion. Die Kombination von entmineralisierten Reinstmedien wie beispielsweise WFI und PW oder Reinstdampf in Verbindung mit hohen Temperaturen im Kontakt mit der Oberfl\u00e4che des Edelstahls bewirkt einen Abbau der vor Korrosion sch\u00fctzenden chromoxidreichen Passivschicht. [&hellip;]<\/p>\n","protected":false},"author":2,"featured_media":0,"parent":0,"menu_order":0,"comment_status":"closed","ping_status":"closed","template":"page-full-width.php","meta":[],"class_list":["post-4376","page","type-page","status-publish","hentry"],"_links":{"self":[{"href":"https:\/\/corrgo.ch\/en\/wp-json\/wp\/v2\/pages\/4376","targetHints":{"allow":["GET"]}}],"collection":[{"href":"https:\/\/corrgo.ch\/en\/wp-json\/wp\/v2\/pages"}],"about":[{"href":"https:\/\/corrgo.ch\/en\/wp-json\/wp\/v2\/types\/page"}],"author":[{"embeddable":true,"href":"https:\/\/corrgo.ch\/en\/wp-json\/wp\/v2\/users\/2"}],"replies":[{"embeddable":true,"href":"https:\/\/corrgo.ch\/en\/wp-json\/wp\/v2\/comments?post=4376"}],"version-history":[{"count":41,"href":"https:\/\/corrgo.ch\/en\/wp-json\/wp\/v2\/pages\/4376\/revisions"}],"predecessor-version":[{"id":5265,"href":"https:\/\/corrgo.ch\/en\/wp-json\/wp\/v2\/pages\/4376\/revisions\/5265"}],"wp:attachment":[{"href":"https:\/\/corrgo.ch\/en\/wp-json\/wp\/v2\/media?parent=4376"}],"curies":[{"name":"wp","href":"https:\/\/api.w.org\/{rel}","templated":true}]}}