{"id":4370,"date":"2025-01-15T17:34:36","date_gmt":"2025-01-15T17:34:36","guid":{"rendered":"https:\/\/corrgo.ch\/?page_id=4370"},"modified":"2026-04-17T10:53:46","modified_gmt":"2026-04-17T08:53:46","slug":"initial-cleaning-passivation","status":"publish","type":"page","link":"https:\/\/corrgo.ch\/en\/initial-cleaning-passivation\/","title":{"rendered":"INITIAL CLEANING &#038; PASSIVATION"},"content":{"rendered":"\t\t<div data-elementor-type=\"wp-page\" data-elementor-id=\"4370\" class=\"elementor elementor-4370\">\n\t\t\t\t<div class=\"elementor-element elementor-element-e3be643 e-con-full qodef-custom-cursor--activate animated-slow e-transform e-flex elementor-invisible e-con e-parent\" data-id=\"e3be643\" data-element_type=\"container\" data-settings=\"{&quot;background_background&quot;:&quot;classic&quot;,&quot;animation&quot;:&quot;zoomIn&quot;,&quot;animation_delay&quot;:500,&quot;_transform_rotateZ_effect&quot;:{&quot;unit&quot;:&quot;px&quot;,&quot;size&quot;:0,&quot;sizes&quot;:[]},&quot;_transform_rotateZ_effect_tablet&quot;:{&quot;unit&quot;:&quot;deg&quot;,&quot;size&quot;:&quot;&quot;,&quot;sizes&quot;:[]},&quot;_transform_rotateZ_effect_mobile&quot;:{&quot;unit&quot;:&quot;deg&quot;,&quot;size&quot;:&quot;&quot;,&quot;sizes&quot;:[]}}\">\n\t\t\t\t<div class=\"elementor-element elementor-element-0abc1e9 elementor-widget elementor-widget-text-editor\" data-id=\"0abc1e9\" data-element_type=\"widget\" data-widget_type=\"text-editor.default\">\n\t\t\t\t<div class=\"elementor-widget-container\">\n\t\t\t\t\t\t\t\t\t<h2>Initialreinigung und Passivierung<\/h2>\t\t\t\t\t\t\t\t<\/div>\n\t\t\t\t<\/div>\n\t\t\t\t<div class=\"elementor-element elementor-element-0efc37c elementor-widget elementor-widget-spacer\" data-id=\"0efc37c\" data-element_type=\"widget\" data-widget_type=\"spacer.default\">\n\t\t\t\t<div class=\"elementor-widget-container\">\n\t\t\t\t\t\t\t<div class=\"elementor-spacer\">\n\t\t\t<div class=\"elementor-spacer-inner\"><\/div>\n\t\t<\/div>\n\t\t\t\t\t\t<\/div>\n\t\t\t\t<\/div>\n\t\t\t\t<\/div>\n\t\t<div class=\"elementor-element elementor-element-7551071 e-flex e-con-boxed qodef-custom-cursor--deactivate e-con e-parent\" data-id=\"7551071\" data-element_type=\"container\">\n\t\t\t\t\t<div class=\"e-con-inner\">\n\t\t\t\t<div class=\"elementor-element elementor-element-862c45a elementor-widget elementor-widget-spacer\" data-id=\"862c45a\" data-element_type=\"widget\" data-widget_type=\"spacer.default\">\n\t\t\t\t<div class=\"elementor-widget-container\">\n\t\t\t\t\t\t\t<div class=\"elementor-spacer\">\n\t\t\t<div class=\"elementor-spacer-inner\"><\/div>\n\t\t<\/div>\n\t\t\t\t\t\t<\/div>\n\t\t\t\t<\/div>\n\t\t\t\t\t<\/div>\n\t\t\t\t<\/div>\n\t\t<div class=\"elementor-element elementor-element-cbd252e e-con-full qodef-custom-cursor--activate e-flex e-con e-parent\" data-id=\"cbd252e\" data-element_type=\"container\" data-settings=\"{&quot;background_background&quot;:&quot;classic&quot;}\">\n\t\t\t\t<div class=\"elementor-element elementor-element-8118b3a elementor-widget elementor-widget-spacer\" data-id=\"8118b3a\" data-element_type=\"widget\" data-widget_type=\"spacer.default\">\n\t\t\t\t<div class=\"elementor-widget-container\">\n\t\t\t\t\t\t\t<div class=\"elementor-spacer\">\n\t\t\t<div class=\"elementor-spacer-inner\"><\/div>\n\t\t<\/div>\n\t\t\t\t\t\t<\/div>\n\t\t\t\t<\/div>\n\t\t\t\t<div class=\"elementor-element elementor-element-ce77a8e elementor-widget__width-initial elementor-invisible elementor-widget elementor-widget-text-editor\" data-id=\"ce77a8e\" data-element_type=\"widget\" data-settings=\"{&quot;_animation&quot;:&quot;fadeIn&quot;}\" data-widget_type=\"text-editor.default\">\n\t\t\t\t<div class=\"elementor-widget-container\">\n\t\t\t\t\t\t\t\t\t<h4>R\u00fcckst\u00e4nde aus Herstellung und Installation m\u00fcssen vor der Inbetriebnahme gesichert entfernt werden!<\/h4>\t\t\t\t\t\t\t\t<\/div>\n\t\t\t\t<\/div>\n\t\t\t\t<div class=\"elementor-element elementor-element-5af5c55 elementor-widget elementor-widget-spacer\" data-id=\"5af5c55\" data-element_type=\"widget\" data-widget_type=\"spacer.default\">\n\t\t\t\t<div class=\"elementor-widget-container\">\n\t\t\t\t\t\t\t<div class=\"elementor-spacer\">\n\t\t\t<div class=\"elementor-spacer-inner\"><\/div>\n\t\t<\/div>\n\t\t\t\t\t\t<\/div>\n\t\t\t\t<\/div>\n\t\t\t\t<\/div>\n\t\t<div class=\"elementor-element elementor-element-1c22f08 e-flex e-con-boxed qodef-custom-cursor--deactivate e-con e-parent\" data-id=\"1c22f08\" data-element_type=\"container\">\n\t\t\t\t\t<div class=\"e-con-inner\">\n\t\t\t\t<div class=\"elementor-element elementor-element-c0c958b elementor-widget elementor-widget-spacer\" data-id=\"c0c958b\" data-element_type=\"widget\" data-widget_type=\"spacer.default\">\n\t\t\t\t<div class=\"elementor-widget-container\">\n\t\t\t\t\t\t\t<div class=\"elementor-spacer\">\n\t\t\t<div class=\"elementor-spacer-inner\"><\/div>\n\t\t<\/div>\n\t\t\t\t\t\t<\/div>\n\t\t\t\t<\/div>\n\t\t\t\t<div class=\"elementor-element elementor-element-dd73dad elementor-invisible elementor-widget elementor-widget-text-editor\" data-id=\"dd73dad\" data-element_type=\"widget\" data-settings=\"{&quot;_animation&quot;:&quot;fadeIn&quot;}\" data-widget_type=\"text-editor.default\">\n\t\t\t\t<div class=\"elementor-widget-container\">\n\t\t\t\t\t\t\t\t\t<h6>Bei der Neuinstallation oder Erweiterung von Produktionsanlagen aus Edelstahl entstehen an der Oberfl\u00e4che unvermeidlich R\u00fcckst\u00e4nde wie Fette, \u00d6le, St\u00e4ube, Sp\u00e4ne und weitere.<br \/>Diese m\u00fcssen vor der Inbetriebnahme restlos entfernt werden, damit die Oberfl\u00e4che chemisch kontaktiert und somit passiviert werden kann. Um eine vollst\u00e4ndige Passivierung zu erm\u00f6glichen werden Verfahren wie <strong><em>blowout<\/em><\/strong> (filtrierte Druckluft), <strong><em>flushing<\/em><\/strong> (Reinstwasser), <strong><em>impulse flushing<\/em><\/strong> (Luft-\/Reinstwassergemisch) sowie <strong><em>chemische entfettung<\/em><\/strong> (alkalisch) gefolgt von <strong><em>chemischer passivierung<\/em><\/strong> (sauer \/ neutral) und optionaler <strong><em>trocknung<\/em><\/strong> eingesetzt.<\/h6><h6>In modernen Neubauprojekten bleiben auf den Oberfl\u00e4chen von Produktionsanlagen zunehmend R\u00fcckst\u00e4nde aus dem Herstellungs- und Installationsprozess zur\u00fcck, die vor der Inbetriebnahme gesichert entfernt werden m\u00fcssen. Speziell Sp\u00e4ne, migrierende Rostpartikel und Zunderr\u00fcckst\u00e4nde an den Schweissn\u00e4hten sowie St\u00e4ube verhindern die chemische Kontaktierung der Oberfl\u00e4che und f\u00f6rdern korrosive Mechanismen. Ebenso finden sich h\u00e4ufig fl\u00fcssige R\u00fcckst\u00e4nde von unter anderem Fetten, \u00d6len, Klebern und L\u00f6semitteln, die einen chemisch inerten Zustand bewirken. Kombinierte Verfahren aus chemischer und mechanischer Reinigung erm\u00f6glichen eine effiziente Entfernung. Hierbei k\u00f6nnen auch Anlagendesigns ber\u00fccksichtigt werden, die nicht f\u00fcr Sp\u00fclungen ausgelegt wurden.<\/h6><h6>Beim <strong><em>blowout <\/em><\/strong>werden Systeme mit filtrierter Druckluft beaufschlagt und Partikel ausgestr\u00f6mt und aufgefangen.<\/h6><h6>Durch <strong><em>flushing<\/em><\/strong> mit Reinstwasser werden Partikel ausgesp\u00fclt und aufgefangen.<\/h6><h6>Beim <strong><em>impulsive flushing <\/em><\/strong>werden die beiden erstgenannten Verfahren kombiniert, wobei das fl\u00fcssige Medium auch eine saure Chemikalie zur Entrostung oder dem L\u00f6sen von Bel\u00e4gen sein kann. Die Kombination aus mechanischen Scherkr\u00e4ften, turbulenter Str\u00f6mung und chemischer Reaktion sorgt f\u00fcr eine Erh\u00f6hung des Wirkungsgrades.<\/h6><h6>Die <strong><em>chemische entfettung<\/em><\/strong> l\u00f6st meist fl\u00fcssige R\u00fcckst\u00e4nde wie Fette und \u00d6le von der Oberfl\u00e4che und erm\u00f6glicht die chemische Kontaktierung durch weitere Chemikalien.<\/h6><h6>Die <strong><em>chemische passivierung<\/em><\/strong> \u00a0sorgt f\u00fcr eine schnelle und optimale Ausformung der Passivschicht des Edelstahls und somit f\u00fcr die gew\u00fcnschte Korrosionsresistenz.<\/h6><h6>Final k\u00f6nnen initial gereinigte und passivierte Systeme <strong><em>optional<\/em><\/strong> <strong><em>kontrolliert<\/em><\/strong> unter Verwendung externen Equipments <strong><em>getrocknet werden<\/em><\/strong>. Bei kritischen Systemen (explosive Medien, Gase) empfiehlt sich die \u00dcberwachung von Partikelmengen und Prozessparametern, um deren Reinheit zu dokumentieren.<\/h6>\t\t\t\t\t\t\t\t<\/div>\n\t\t\t\t<\/div>\n\t\t\t\t<div class=\"elementor-element elementor-element-2e409ff elementor-invisible elementor-widget elementor-widget-text-editor\" data-id=\"2e409ff\" data-element_type=\"widget\" data-settings=\"{&quot;_animation&quot;:&quot;fadeIn&quot;}\" data-widget_type=\"text-editor.default\">\n\t\t\t\t<div class=\"elementor-widget-container\">\n\t\t\t\t\t\t\t\t\t<h6>\u2022 Verfahren werden bei Umgebungstemperatur durchgef\u00fchrt<br \/>\u2022\u00a0Einsatz von minimalen Chemikalienvolumen, Beh\u00e4lter und Anlagen m\u00fcssen nicht geflutet werden<br \/>\u2022\u00a0Kann in Zirkulation oder im one-way Verfahren durchgef\u00fchrt werden<br \/>\u2022\u00a0Einsatz von Filtern zur Erfolgskontrolle<br \/>\u2022\u00a0Chemikalien kompatibel mit allen g\u00e4ngigen Kunststoffen<br \/>\u2022\u00a0Chemikalien\/Sp\u00fclw\u00e4sser k\u00f6nnen optional vor-Ort entsorgt werden<br \/>\u2022\u00a0Nachweis des Reinheitsgrads durch Partikelmessung m\u00f6glich<br \/>\u2022\u00a0Kann \u201eauf der gr\u00fcnen Wiese\u201c mit unserem mobilen Equipment durchgef\u00fchrt werden<\/h6>\t\t\t\t\t\t\t\t<\/div>\n\t\t\t\t<\/div>\n\t\t\t\t<div class=\"elementor-element elementor-element-b7cf356 elementor-invisible elementor-widget elementor-widget-text-editor\" data-id=\"b7cf356\" data-element_type=\"widget\" data-settings=\"{&quot;_animation&quot;:&quot;fadeIn&quot;}\" data-widget_type=\"text-editor.default\">\n\t\t\t\t<div class=\"elementor-widget-container\">\n\t\t\t\t\t\t\t\t\t<h6>Beim Neubau oder Umbau von Produktionsanlagen aus Edelstahl sollte vor der Inbetriebnahme zwingend eine <strong><em>chemische initialreinigung<\/em><\/strong> und <strong><em>passivierung <\/em><\/strong>erfolgen, da sich deren Installation nicht r\u00fcckstandsfrei durchf\u00fchren l\u00e4sst.<\/h6><h6>Chemisch oder physisch belegte Oberfl\u00e4chen lassen sich partiell nicht passivieren. Es kommt zu lokalen Aufrauungen und es entstehen Mikrokanten und -spalten, die korrosive oder mikrobielle Anhaftungen erm\u00f6glichen.<br \/>\u00a0Je h\u00f6her reguliert die Produktionsumgebung ist, desto wahrscheinlicher drohen Prozessabweichungen und im schlimmsten Fall Produktionsstillst\u00e4nde.<\/h6>\t\t\t\t\t\t\t\t<\/div>\n\t\t\t\t<\/div>\n\t\t\t\t<div class=\"elementor-element elementor-element-6d6aaa4 elementor-widget elementor-widget-spacer\" data-id=\"6d6aaa4\" data-element_type=\"widget\" data-widget_type=\"spacer.default\">\n\t\t\t\t<div class=\"elementor-widget-container\">\n\t\t\t\t\t\t\t<div class=\"elementor-spacer\">\n\t\t\t<div class=\"elementor-spacer-inner\"><\/div>\n\t\t<\/div>\n\t\t\t\t\t\t<\/div>\n\t\t\t\t<\/div>\n\t\t\t\t\t<\/div>\n\t\t\t\t<\/div>\n\t\t<div class=\"elementor-element elementor-element-3a371c8 e-flex e-con-boxed qodef-custom-cursor--deactivate e-con e-parent\" data-id=\"3a371c8\" data-element_type=\"container\" data-settings=\"{&quot;background_background&quot;:&quot;classic&quot;}\">\n\t\t\t\t\t<div class=\"e-con-inner\">\n\t\t<div class=\"elementor-element elementor-element-65bb6f3 e-con-full e-flex qodef-custom-cursor--deactivate e-con e-child\" data-id=\"65bb6f3\" data-element_type=\"container\">\n\t\t\t\t<div class=\"elementor-element elementor-element-3e9b90c elementor-invisible elementor-widget elementor-widget-text-editor\" data-id=\"3e9b90c\" data-element_type=\"widget\" data-settings=\"{&quot;_animation&quot;:&quot;slideInLeft&quot;}\" data-widget_type=\"text-editor.default\">\n\t\t\t\t<div class=\"elementor-widget-container\">\n\t\t\t\t\t\t\t\t\t<h5><em><strong>Agieren statt reagieren! Kontaktieren Sie uns rechtzeitig vor der Inbetriebnahme<\/strong><\/em><\/h5>\t\t\t\t\t\t\t\t<\/div>\n\t\t\t\t<\/div>\n\t\t\t\t<\/div>\n\t\t<div class=\"elementor-element elementor-element-4d68162 e-con-full e-flex qodef-custom-cursor--deactivate e-con e-child\" data-id=\"4d68162\" data-element_type=\"container\">\n\t\t\t\t<div class=\"elementor-element elementor-element-614f742 elementor-invisible elementor-widget elementor-widget-qi_addons_for_elementor_button\" data-id=\"614f742\" data-element_type=\"widget\" data-settings=\"{&quot;_animation&quot;:&quot;zoomIn&quot;}\" data-widget_type=\"qi_addons_for_elementor_button.default\">\n\t\t\t\t<div class=\"elementor-widget-container\">\n\t\t\t\t\t<a class=\"qodef-shortcode qodef-m qodef-qi-button qodef-html--link qodef-layout--outlined qodef-type--standard qodef-size--large qodef-icon--right qodef-hover--icon-move-horizontal-short\" href=\"https:\/\/corrgo.ch\/kontakt\/\" target=\"_self\">\n\t<span class=\"qodef-m-text\">KONTAKT<\/span>\n\t<\/a>\n\t\t\t\t<\/div>\n\t\t\t\t<\/div>\n\t\t\t\t<\/div>\n\t\t\t\t\t<\/div>\n\t\t\t\t<\/div>\n\t\t<div class=\"elementor-element elementor-element-44a73de e-con-full e-flex qodef-custom-cursor--deactivate e-con e-parent\" data-id=\"44a73de\" data-element_type=\"container\">\n\t\t\t\t<div class=\"elementor-element elementor-element-46211e5 elementor-widget elementor-widget-slider_revolution\" data-id=\"46211e5\" data-element_type=\"widget\" data-widget_type=\"slider_revolution.default\">\n\t\t\t\t<div class=\"elementor-widget-container\">\n\t\t\t\t\t\n\t\t<div class=\"wp-block-themepunch-revslider\">\n\t\t\t\t<p class=\"rs-p-wp-fix\"><\/p>\n\t\t\t\t<sr7-module data-alias=\"INITIAL-CLEANING--PASSIVATION\" data-id=\"37\" id=\"SR7_37_1\" class=\"rs-ov-hidden\" data-version=\"6.7.41\">\n\t\t\t\t\t<sr7-adjuster><\/sr7-adjuster>\n\t\t\t\t\t<sr7-content>\n\t\t\t\t\t\t<sr7-slide id=\"SR7_37_1-139\" data-key=\"139\">\n\t\t\t\t\t\t\t<sr7-bg id=\"SR7_37_1-139-1\" class=\"sr7-layer\"><noscript><img decoding=\"async\" src=\"https:\/\/corrgo.ch\/wp-content\/uploads\/2025\/03\/initial-cleaning_passivation_2-1.jpg\" alt=\"\" title=\"initial cleaning_passivation_2\"><\/noscript><\/sr7-bg>\n\t\t\t\t\t\t<\/sr7-slide>\n\t\t\t\t\t\t<sr7-slide id=\"SR7_37_1-142\" data-key=\"142\">\n\t\t\t\t\t\t\t<sr7-bg id=\"SR7_37_1-142-1\" class=\"sr7-layer\"><noscript><img decoding=\"async\" src=\"https:\/\/corrgo.ch\/wp-content\/uploads\/2025\/03\/initial-cleaning_passivation_1-1.jpg\" alt=\"\" title=\"initial cleaning_passivation_1\"><\/noscript><\/sr7-bg>\n\t\t\t\t\t\t<\/sr7-slide>\n\t\t\t\t\t\t<sr7-slide id=\"SR7_37_1-138\" data-key=\"138\">\n\t\t\t\t\t\t\t<sr7-bg id=\"SR7_37_1-138-1\" class=\"sr7-layer\"><noscript><img decoding=\"async\" src=\"https:\/\/corrgo.ch\/wp-content\/uploads\/2025\/03\/initial-cleaning_passivation_4-1.jpg\" alt=\"\" title=\"initial cleaning_passivation_4\"><\/noscript><\/sr7-bg>\n\t\t\t\t\t\t<\/sr7-slide>\n\t\t\t\t\t\t<sr7-slide id=\"SR7_37_1-140\" data-key=\"140\">\n\t\t\t\t\t\t\t<sr7-bg id=\"SR7_37_1-140-1\" class=\"sr7-layer\"><noscript><img decoding=\"async\" src=\"https:\/\/corrgo.ch\/wp-content\/uploads\/2025\/03\/initial-cleaning_passivation_5-1-scaled.jpg\" alt=\"\" title=\"initial cleaning_passivation_5\"><\/noscript><\/sr7-bg>\n\t\t\t\t\t\t<\/sr7-slide>\n\t\t\t\t\t\t<sr7-slide id=\"SR7_37_1-143\" data-key=\"143\">\n\t\t\t\t\t\t<\/sr7-slide>\n\t\t\t\t\t<\/sr7-content>\n\t\t\t\t\t<image_lists style=\"display:none\">\n\t\t\t\t\t\t<img data-src=\"\/\/704.next-preview.com\/wp-content\/uploads\/2025\/03\/initial-cleaning_passivation_4-1.jpg\" data-libid=\"4790\" data-lib=\"medialibrary\" title=\"initial cleaning_passivation_4\" width=\"0\" height=\"0\" data-dbsrc=\"Ly83MDQubmV4dC1wcmV2aWV3LmNvbS93cC1jb250ZW50L3VwbG9hZHMvMjAyNS8wMy9pbml0aWFsLWNsZWFuaW5nX3Bhc3NpdmF0aW9uXzQtMS5qcGc=\"\/>\n\t\t\t\t\t\t<img data-src=\"\/\/704.next-preview.com\/wp-content\/uploads\/2025\/03\/initial-cleaning_passivation_2-1.jpg\" data-libid=\"4793\" data-lib=\"medialibrary\" title=\"initial cleaning_passivation_2\" width=\"0\" height=\"0\" data-dbsrc=\"Ly83MDQubmV4dC1wcmV2aWV3LmNvbS93cC1jb250ZW50L3VwbG9hZHMvMjAyNS8wMy9pbml0aWFsLWNsZWFuaW5nX3Bhc3NpdmF0aW9uXzItMS5qcGc=\"\/>\n\t\t\t\t\t\t<img data-src=\"\/\/704.next-preview.com\/wp-content\/uploads\/2025\/03\/initial-cleaning_passivation_5-1-scaled.jpg\" data-libid=\"4791\" data-lib=\"medialibrary\" title=\"initial cleaning_passivation_5\" width=\"0\" height=\"0\" data-dbsrc=\"Ly83MDQubmV4dC1wcmV2aWV3LmNvbS93cC1jb250ZW50L3VwbG9hZHMvMjAyNS8wMy9pbml0aWFsLWNsZWFuaW5nX3Bhc3NpdmF0aW9uXzUtMS1zY2FsZWQuanBn\"\/>\n\t\t\t\t\t\t<img loading=\"lazy\" data-src=\"\/\/704.next-preview.com\/wp-content\/uploads\/2025\/03\/initial-cleaning_passivation_1-1.jpg\" data-libid=\"4792\" data-lib=\"medialibrary\" title=\"initial cleaning_passivation_1\" width=\"0\" height=\"0\" data-dbsrc=\"Ly83MDQubmV4dC1wcmV2aWV3LmNvbS93cC1jb250ZW50L3VwbG9hZHMvMjAyNS8wMy9pbml0aWFsLWNsZWFuaW5nX3Bhc3NpdmF0aW9uXzEtMS5qcGc=\"\/>\n\t\t\t\t\t<\/image_lists>\n\t\t\t\t<\/sr7-module>\n\t\t\t\t<script>\n\t\t\t\t\tSR7.PMH ??={}; SR7.PMH[\"SR7_37_1\"] = {cn:100,state:false,fn: function() { if (_tpt!==undefined && _tpt.prepareModuleHeight !== undefined) {  _tpt.prepareModuleHeight({id:\"SR7_37_1\",el:[549.994,549.994,768,960,720],type:'standard',shdw:'0',gh:[550,550,550,550,550],gw:[1240,1240,1024,778,480],vpt:['-100px&#039;,&#039;-100px&#039;,&#039;-100px&#039;,&#039;-100px&#039;,&#039;-100px'],size:{fullWidth:true, fullHeight:false},mh:'0',onh:0,onw:0,bg:{color:'{\"orig\":\"transparent\",\"type\":\"solid\",\"string\":\"transparent\"}'}});   SR7.PMH[\"SR7_37_1\"].state=true;} else if(SR7.PMH[\"SR7_37_1\"].cn-->0)\tsetTimeout( SR7.PMH[\"SR7_37_1\"].fn,19);}};SR7.PMH[\"SR7_37_1\" ].fn();\n\t\t\t\t<\/script>\n<\/div>\n\n\t\t\t\t\t\t<\/div>\n\t\t\t\t<\/div>\n\t\t\t\t<\/div>\n\t\t\t\t<\/div>\n\t\t","protected":false},"excerpt":{"rendered":"<p>Initialreinigung und Passivierung R\u00fcckst\u00e4nde aus Herstellung und Installation m\u00fcssen vor der Inbetriebnahme gesichert entfernt werden! Bei der Neuinstallation oder Erweiterung von Produktionsanlagen aus Edelstahl entstehen an der Oberfl\u00e4che unvermeidlich R\u00fcckst\u00e4nde wie Fette, \u00d6le, St\u00e4ube, Sp\u00e4ne und weitere.Diese m\u00fcssen vor der Inbetriebnahme restlos entfernt werden, damit die Oberfl\u00e4che chemisch kontaktiert und somit passiviert werden kann. Um [&hellip;]<\/p>\n","protected":false},"author":2,"featured_media":0,"parent":0,"menu_order":0,"comment_status":"closed","ping_status":"closed","template":"page-full-width.php","meta":[],"class_list":["post-4370","page","type-page","status-publish","hentry"],"_links":{"self":[{"href":"https:\/\/corrgo.ch\/en\/wp-json\/wp\/v2\/pages\/4370","targetHints":{"allow":["GET"]}}],"collection":[{"href":"https:\/\/corrgo.ch\/en\/wp-json\/wp\/v2\/pages"}],"about":[{"href":"https:\/\/corrgo.ch\/en\/wp-json\/wp\/v2\/types\/page"}],"author":[{"embeddable":true,"href":"https:\/\/corrgo.ch\/en\/wp-json\/wp\/v2\/users\/2"}],"replies":[{"embeddable":true,"href":"https:\/\/corrgo.ch\/en\/wp-json\/wp\/v2\/comments?post=4370"}],"version-history":[{"count":39,"href":"https:\/\/corrgo.ch\/en\/wp-json\/wp\/v2\/pages\/4370\/revisions"}],"predecessor-version":[{"id":5262,"href":"https:\/\/corrgo.ch\/en\/wp-json\/wp\/v2\/pages\/4370\/revisions\/5262"}],"wp:attachment":[{"href":"https:\/\/corrgo.ch\/en\/wp-json\/wp\/v2\/media?parent=4370"}],"curies":[{"name":"wp","href":"https:\/\/api.w.org\/{rel}","templated":true}]}}