{"id":4361,"date":"2025-01-10T11:42:12","date_gmt":"2025-01-10T11:42:12","guid":{"rendered":"https:\/\/corrgo.ch\/?page_id=4361"},"modified":"2025-04-03T20:47:33","modified_gmt":"2025-04-03T18:47:33","slug":"services-slider","status":"publish","type":"page","link":"https:\/\/corrgo.ch\/en\/dienstleistungen-slider\/","title":{"rendered":"SERVICES"},"content":{"rendered":"\t\t<div data-elementor-type=\"wp-page\" data-elementor-id=\"4361\" class=\"elementor elementor-4361\">\n\t\t\t\t<div class=\"elementor-element elementor-element-52ebde3 e-con-full e-flex qodef-custom-cursor--deactivate e-con e-parent\" data-id=\"52ebde3\" data-element_type=\"container\">\n\t\t\t\t<div class=\"elementor-element elementor-element-8ced160 elementor-widget elementor-widget-slider_revolution\" data-id=\"8ced160\" data-element_type=\"widget\" data-widget_type=\"slider_revolution.default\">\n\t\t\t\t<div class=\"elementor-widget-container\">\n\t\t\t\t\t\n\t\t<div class=\"wp-block-themepunch-revslider\">\n\t\t\t\t<p class=\"rs-p-wp-fix\"><\/p>\n\t\t\t\t<sr7-module data-alias=\"DIENSTLEISTUNGEN\" data-id=\"50\" id=\"SR7_50_1\" class=\"rs-ov-hidden\" data-version=\"6.7.41\">\n\t\t\t\t\t<sr7-adjuster><\/sr7-adjuster>\n\t\t\t\t\t<sr7-content>\n\t\t\t\t\t\t<sr7-slide id=\"SR7_50_1-218\" data-key=\"218\">\n\t\t\t\t\t\t\t<sr7-txt id=\"SR7_50_1-218-12\" class=\"sr7-layer\">initial cleaning & passivation<\/sr7-txt>\n\t\t\t\t\t\t\t<sr7-txt id=\"SR7_50_1-218-15\" class=\"sr7-layer\">Fette, \u00d6le, St\u00e4ube, Sp\u00e4ne m\u00fcssen vor der Inbetriebnahme restlos entfernt werden, damit die Oberfl\u00e4che chemisch kontaktiert werden kann.<\/sr7-txt>\n\t\t\t\t\t\t\t<sr7-txt id=\"SR7_50_1-218-18\" class=\"sr7-layer\"><\/sr7-txt>\n\t\t\t\t\t\t\t<a id=\"SR7_50_1-218-26\" class=\"sr7-layer\" href=\"https:\/\/corrgo.ch\/initial-cleaning-passivation\/\" target=\"_self\">MEHR INFORMATIONEN<\/a>\n\t\t\t\t\t\t\t<sr7-txt id=\"SR7_50_1-218-28\" class=\"sr7-layer\">ZUR\u00dcCK<\/sr7-txt>\n\t\t\t\t\t\t\t<sr7-txt id=\"SR7_50_1-218-29\" class=\"sr7-layer\">WEITER<\/sr7-txt>\n\t\t\t\t\t\t\t<sr7-txt id=\"SR7_50_1-218-36\" class=\"sr7-layer\"><\/sr7-txt>\n\t\t\t\t\t\t\t<sr7-txt id=\"SR7_50_1-218-41\" class=\"sr7-layer\"><\/sr7-txt>\n\t\t\t\t\t\t\t<sr7-txt id=\"SR7_50_1-218-44\" class=\"sr7-layer\">Die Reinheit der Systeme wird durch Messungen und \u00dcberwachung der Parameter dokumentiert, um die Qualit\u00e4t zu sichern.<\/sr7-txt>\n\t\t\t\t\t\t\t<sr7-txt id=\"SR7_50_1-218-46\" class=\"sr7-layer\"><\/sr7-txt>\n\t\t\t\t\t\t\t<sr7-txt id=\"SR7_50_1-218-49\" class=\"sr7-layer\">Passivierte Systeme k\u00f6nnen optional mit mobilem Equipment getrocknet werden, um die Restfeuchtigkeit schnell zu entfernen.<\/sr7-txt>\n\t\t\t\t\t\t\t<sr7-txt id=\"SR7_50_1-218-56\" class=\"sr7-layer\"><\/sr7-txt>\n\t\t\t\t\t\t\t<sr7-txt id=\"SR7_50_1-218-64\" class=\"sr7-layer\"><\/sr7-txt>\n\t\t\t\t\t\t\t<sr7-txt id=\"SR7_50_1-218-65\" class=\"sr7-layer\"><\/sr7-txt>\n\t\t\t\t\t\t\t<sr7-txt id=\"SR7_50_1-218-69\" class=\"sr7-layer\"><\/sr7-txt>\n\t\t\t\t\t\t\t<sr7-txt id=\"SR7_50_1-218-70\" class=\"sr7-layer\"><\/sr7-txt>\n\t\t\t\t\t\t<\/sr7-slide>\n\t\t\t\t\t\t<sr7-slide id=\"SR7_50_1-219\" data-key=\"219\">\n\t\t\t\t\t\t\t<sr7-txt id=\"SR7_50_1-219-12\" class=\"sr7-layer\">derouging & deblacking<\/sr7-txt>\n\t\t\t\t\t\t\t<sr7-txt id=\"SR7_50_1-219-15\" class=\"sr7-layer\">Rouging und Derouging \u2013 rot-braune fl\u00e4chige Bel\u00e4ge werden chemisch entfernt, um die Repassivierung des Edelstahls zu gew\u00e4hrleisten.<\/sr7-txt>\n\t\t\t\t\t\t\t<sr7-txt id=\"SR7_50_1-219-18\" class=\"sr7-layer\"><\/sr7-txt>\n\t\t\t\t\t\t\t<a id=\"SR7_50_1-219-26\" class=\"sr7-layer\" href=\"#\" target=\"_self\">MEHR INFORMATIONEN<\/a>\n\t\t\t\t\t\t\t<sr7-txt id=\"SR7_50_1-219-28\" class=\"sr7-layer\">ZUR\u00dcCK<\/sr7-txt>\n\t\t\t\t\t\t\t<sr7-txt id=\"SR7_50_1-219-29\" class=\"sr7-layer\">WEITER<\/sr7-txt>\n\t\t\t\t\t\t\t<sr7-txt id=\"SR7_50_1-219-36\" class=\"sr7-layer\"><\/sr7-txt>\n\t\t\t\t\t\t\t<sr7-txt id=\"SR7_50_1-219-41\" class=\"sr7-layer\"><\/sr7-txt>\n\t\t\t\t\t\t\t<sr7-txt id=\"SR7_50_1-219-44\" class=\"sr7-layer\">Blacking und Deblacking \u2013 lila-schwarze Bel\u00e4ge in Reinstdampfsystemen werden gesichert entfernt.<\/sr7-txt>\n\t\t\t\t\t\t\t<sr7-txt id=\"SR7_50_1-219-46\" class=\"sr7-layer\"><\/sr7-txt>\n\t\t\t\t\t\t\t<sr7-txt id=\"SR7_50_1-219-49\" class=\"sr7-layer\">Monitoring und Wartung \u2013 Regelm\u00e4ssige Inspektionen sorgen f\u00fcr kontrollierte Produktionsverh\u00e4ltnisse und unterst\u00fctzen die vorbeugende Wartung.<\/sr7-txt>\n\t\t\t\t\t\t\t<sr7-txt id=\"SR7_50_1-219-56\" class=\"sr7-layer\"><\/sr7-txt>\n\t\t\t\t\t\t\t<sr7-txt id=\"SR7_50_1-219-64\" class=\"sr7-layer\"><\/sr7-txt>\n\t\t\t\t\t\t\t<sr7-txt id=\"SR7_50_1-219-65\" class=\"sr7-layer\"><\/sr7-txt>\n\t\t\t\t\t\t\t<sr7-txt id=\"SR7_50_1-219-69\" class=\"sr7-layer\"><\/sr7-txt>\n\t\t\t\t\t\t\t<sr7-txt id=\"SR7_50_1-219-70\" class=\"sr7-layer\"><\/sr7-txt>\n\t\t\t\t\t\t<\/sr7-slide>\n\t\t\t\t\t\t<sr7-slide id=\"SR7_50_1-221\" data-key=\"221\">\n\t\t\t\t\t\t\t<sr7-txt id=\"SR7_50_1-221-12\" class=\"sr7-layer\">on-site electropolishing<\/sr7-txt>\n\t\t\t\t\t\t\t<sr7-txt id=\"SR7_50_1-221-15\" class=\"sr7-layer\">Oberfl\u00e4chensanierung \u2013 Elektropolieren sorgt f\u00fcr Mikrogl\u00e4ttung und homogenen Glanz, beseitigt Korrosion und reduziert Anhaftungen.<\/sr7-txt>\n\t\t\t\t\t\t\t<sr7-txt id=\"SR7_50_1-221-18\" class=\"sr7-layer\"><\/sr7-txt>\n\t\t\t\t\t\t\t<a id=\"SR7_50_1-221-26\" class=\"sr7-layer\" href=\"#\" target=\"_self\">MEHR INFORMATIONEN<\/a>\n\t\t\t\t\t\t\t<sr7-txt id=\"SR7_50_1-221-28\" class=\"sr7-layer\">ZUR\u00dcCK<\/sr7-txt>\n\t\t\t\t\t\t\t<sr7-txt id=\"SR7_50_1-221-29\" class=\"sr7-layer\">WEITER<\/sr7-txt>\n\t\t\t\t\t\t\t<sr7-txt id=\"SR7_50_1-221-36\" class=\"sr7-layer\"><\/sr7-txt>\n\t\t\t\t\t\t\t<sr7-txt id=\"SR7_50_1-221-41\" class=\"sr7-layer\"><\/sr7-txt>\n\t\t\t\t\t\t\t<sr7-txt id=\"SR7_50_1-221-44\" class=\"sr7-layer\">Nachhaltigkeit, minimale Chemikalienvolumen und eine akribische Arbeitsvorbereitung unterst\u00fctzen Umwelt- und Arbeitsschutz.<\/sr7-txt>\n\t\t\t\t\t\t\t<sr7-txt id=\"SR7_50_1-221-46\" class=\"sr7-layer\"><\/sr7-txt>\n\t\t\t\t\t\t\t<sr7-txt id=\"SR7_50_1-221-49\" class=\"sr7-layer\">Pr\u00e4zision \u2013 segmentweise Bearbeitung erm\u00f6glicht gleichm\u00e4ssige Ergebnisse unabh\u00e4ngig von Bauteilarchitektur und Bauteilgr\u00f6sse.<\/sr7-txt>\n\t\t\t\t\t\t\t<sr7-txt id=\"SR7_50_1-221-56\" class=\"sr7-layer\"><\/sr7-txt>\n\t\t\t\t\t\t\t<sr7-txt id=\"SR7_50_1-221-64\" class=\"sr7-layer\"><\/sr7-txt>\n\t\t\t\t\t\t\t<sr7-txt id=\"SR7_50_1-221-65\" class=\"sr7-layer\"><\/sr7-txt>\n\t\t\t\t\t\t\t<sr7-txt id=\"SR7_50_1-221-69\" class=\"sr7-layer\"><\/sr7-txt>\n\t\t\t\t\t\t\t<sr7-txt id=\"SR7_50_1-221-70\" class=\"sr7-layer\"><\/sr7-txt>\n\t\t\t\t\t\t<\/sr7-slide>\n\t\t\t\t\t\t<sr7-slide id=\"SR7_50_1-220\" data-key=\"220\">\n\t\t\t\t\t\t\t<sr7-txt id=\"SR7_50_1-220-12\" class=\"sr7-layer\">descaling & derusting<\/sr7-txt>\n\t\t\t\t\t\t\t<sr7-txt id=\"SR7_50_1-220-15\" class=\"sr7-layer\">Kalk kann den Durchfluss verringern und wird chemisch aufgel\u00f6st.<\/sr7-txt>\n\t\t\t\t\t\t\t<sr7-txt id=\"SR7_50_1-220-18\" class=\"sr7-layer\"><\/sr7-txt>\n\t\t\t\t\t\t\t<a id=\"SR7_50_1-220-26\" class=\"sr7-layer\" href=\"#\" target=\"_self\">MEHR INFORMATIONEN<\/a>\n\t\t\t\t\t\t\t<sr7-txt id=\"SR7_50_1-220-28\" class=\"sr7-layer\">ZUR\u00dcCK<\/sr7-txt>\n\t\t\t\t\t\t\t<sr7-txt id=\"SR7_50_1-220-29\" class=\"sr7-layer\">WEITER<\/sr7-txt>\n\t\t\t\t\t\t\t<sr7-txt id=\"SR7_50_1-220-36\" class=\"sr7-layer\"><\/sr7-txt>\n\t\t\t\t\t\t\t<sr7-txt id=\"SR7_50_1-220-41\" class=\"sr7-layer\"><\/sr7-txt>\n\t\t\t\t\t\t\t<sr7-txt id=\"SR7_50_1-220-44\" class=\"sr7-layer\">Kratzer m\u00fcssen saniert werden bevor lokale Korrosion entsteht.<\/sr7-txt>\n\t\t\t\t\t\t\t<sr7-txt id=\"SR7_50_1-220-46\" class=\"sr7-layer\"><\/sr7-txt>\n\t\t\t\t\t\t\t<sr7-txt id=\"SR7_50_1-220-49\" class=\"sr7-layer\">Rost wird entfernt bevor er Ihre Bauteile tiefer angreift.<\/sr7-txt>\n\t\t\t\t\t\t\t<sr7-txt id=\"SR7_50_1-220-56\" class=\"sr7-layer\"><\/sr7-txt>\n\t\t\t\t\t\t\t<sr7-txt id=\"SR7_50_1-220-64\" class=\"sr7-layer\"><\/sr7-txt>\n\t\t\t\t\t\t\t<sr7-txt id=\"SR7_50_1-220-65\" class=\"sr7-layer\"><\/sr7-txt>\n\t\t\t\t\t\t\t<sr7-txt id=\"SR7_50_1-220-69\" class=\"sr7-layer\"><\/sr7-txt>\n\t\t\t\t\t\t\t<sr7-txt id=\"SR7_50_1-220-70\" class=\"sr7-layer\"><\/sr7-txt>\n\t\t\t\t\t\t<\/sr7-slide>\n\t\t\t\t\t\t<sr7-slide id=\"SR7_50_1-222\" data-key=\"222\">\n\t\t\t\t\t\t\t<sr7-txt id=\"SR7_50_1-222-12\" class=\"sr7-layer\">sanitization <\/sr7-txt>\n\t\t\t\t\t\t\t<sr7-txt id=\"SR7_50_1-222-15\" class=\"sr7-layer\">Sanitisieren und Dekontaminieren \u2013 Schnell wachsende mikrobiologische Bel\u00e4ge stellen ein Betriebsrisiko dar.<\/sr7-txt>\n\t\t\t\t\t\t\t<sr7-txt id=\"SR7_50_1-222-18\" class=\"sr7-layer\"><\/sr7-txt>\n\t\t\t\t\t\t\t<a id=\"SR7_50_1-222-26\" class=\"sr7-layer\" href=\"https:\/\/corrgo.ch\/sanitization-decontamination\/\" target=\"_self\">MEHR INFORMATIONEN<\/a>\n\t\t\t\t\t\t\t<sr7-txt id=\"SR7_50_1-222-28\" class=\"sr7-layer\">ZUR\u00dcCK<\/sr7-txt>\n\t\t\t\t\t\t\t<sr7-txt id=\"SR7_50_1-222-29\" class=\"sr7-layer\">WEITER<\/sr7-txt>\n\t\t\t\t\t\t\t<sr7-txt id=\"SR7_50_1-222-36\" class=\"sr7-layer\"><\/sr7-txt>\n\t\t\t\t\t\t\t<sr7-txt id=\"SR7_50_1-222-41\" class=\"sr7-layer\"><\/sr7-txt>\n\t\t\t\t\t\t\t<sr7-txt id=\"SR7_50_1-222-44\" class=\"sr7-layer\">Moderne Analytik \u2013 Laboruntersuchungen zur Vorbereitung und Kontrolle dokumentieren den Erfolg. <\/sr7-txt>\n\t\t\t\t\t\t\t<sr7-txt id=\"SR7_50_1-222-46\" class=\"sr7-layer\"><\/sr7-txt>\n\t\t\t\t\t\t\t<sr7-txt id=\"SR7_50_1-222-49\" class=\"sr7-layer\">Effizienz \u2013 chemische Sanitisierungen entfernen gesichert 99,9% mikrobiologischer Bel\u00e4ge.<\/sr7-txt>\n\t\t\t\t\t\t\t<sr7-txt id=\"SR7_50_1-222-56\" class=\"sr7-layer\"><\/sr7-txt>\n\t\t\t\t\t\t\t<sr7-txt id=\"SR7_50_1-222-64\" class=\"sr7-layer\"><\/sr7-txt>\n\t\t\t\t\t\t\t<sr7-txt id=\"SR7_50_1-222-65\" class=\"sr7-layer\"><\/sr7-txt>\n\t\t\t\t\t\t\t<sr7-txt id=\"SR7_50_1-222-69\" class=\"sr7-layer\"><\/sr7-txt>\n\t\t\t\t\t\t\t<sr7-txt id=\"SR7_50_1-222-70\" class=\"sr7-layer\"><\/sr7-txt>\n\t\t\t\t\t\t<\/sr7-slide>\n\t\t\t\t\t\t<sr7-slide id=\"SR7_50_1-223\" data-key=\"223\">\n\t\t\t\t\t\t\t<sr7-txt id=\"SR7_50_1-223-12\" class=\"sr7-layer\">material technology & consulting<\/sr7-txt>\n\t\t\t\t\t\t\t<sr7-txt id=\"SR7_50_1-223-15\" class=\"sr7-layer\">Beratung \u2013 Werkstoffauswahl und Spezifikation<\/sr7-txt>\n\t\t\t\t\t\t\t<sr7-txt id=\"SR7_50_1-223-18\" class=\"sr7-layer\"><\/sr7-txt>\n\t\t\t\t\t\t\t<a id=\"SR7_50_1-223-26\" class=\"sr7-layer\" href=\"https:\/\/corrgo.ch\/material-technology-consulting\/\" target=\"_self\">MEHR INFORMATIONEN<\/a>\n\t\t\t\t\t\t\t<sr7-txt id=\"SR7_50_1-223-28\" class=\"sr7-layer\">ZUR\u00dcCK<\/sr7-txt>\n\t\t\t\t\t\t\t<sr7-txt id=\"SR7_50_1-223-29\" class=\"sr7-layer\">WEITER<\/sr7-txt>\n\t\t\t\t\t\t\t<sr7-txt id=\"SR7_50_1-223-36\" class=\"sr7-layer\"><\/sr7-txt>\n\t\t\t\t\t\t\t<sr7-txt id=\"SR7_50_1-223-41\" class=\"sr7-layer\"><\/sr7-txt>\n\t\t\t\t\t\t\t<sr7-txt id=\"SR7_50_1-223-44\" class=\"sr7-layer\">Abweichungsmanagement \u2013 troubleshooting und Ursachenanalyse bei Prozessabweichungen<\/sr7-txt>\n\t\t\t\t\t\t\t<sr7-txt id=\"SR7_50_1-223-46\" class=\"sr7-layer\"><\/sr7-txt>\n\t\t\t\t\t\t\t<sr7-txt id=\"SR7_50_1-223-49\" class=\"sr7-layer\">Handlungsempfehlungen \u2013 Instandhaltung und Instandsetzung<\/sr7-txt>\n\t\t\t\t\t\t\t<sr7-txt id=\"SR7_50_1-223-56\" class=\"sr7-layer\"><\/sr7-txt>\n\t\t\t\t\t\t\t<sr7-txt id=\"SR7_50_1-223-64\" class=\"sr7-layer\"><\/sr7-txt>\n\t\t\t\t\t\t\t<sr7-txt id=\"SR7_50_1-223-65\" class=\"sr7-layer\"><\/sr7-txt>\n\t\t\t\t\t\t\t<sr7-txt id=\"SR7_50_1-223-69\" class=\"sr7-layer\"><\/sr7-txt>\n\t\t\t\t\t\t\t<sr7-txt id=\"SR7_50_1-223-70\" class=\"sr7-layer\"><\/sr7-txt>\n\t\t\t\t\t\t<\/sr7-slide>\n\t\t\t\t\t\t<sr7-slide id=\"SR7_50_1-224\" data-key=\"224\">\n\t\t\t\t\t\t\t<sr7-txt id=\"SR7_50_1-224-12\" class=\"sr7-layer\">lab analytics<\/sr7-txt>\n\t\t\t\t\t\t\t<sr7-txt id=\"SR7_50_1-224-15\" class=\"sr7-layer\">Mikrobiologie \u2013 Qualitative und quantitative Verfahren, auch Langzeitmessungen<\/sr7-txt>\n\t\t\t\t\t\t\t<sr7-txt id=\"SR7_50_1-224-18\" class=\"sr7-layer\"><\/sr7-txt>\n\t\t\t\t\t\t\t<a id=\"SR7_50_1-224-26\" class=\"sr7-layer\" href=\"#\" target=\"_self\">MEHR INFORMATIONEN<\/a>\n\t\t\t\t\t\t\t<sr7-txt id=\"SR7_50_1-224-28\" class=\"sr7-layer\">ZUR\u00dcCK<\/sr7-txt>\n\t\t\t\t\t\t\t<sr7-txt id=\"SR7_50_1-224-29\" class=\"sr7-layer\">WEITER<\/sr7-txt>\n\t\t\t\t\t\t\t<sr7-txt id=\"SR7_50_1-224-36\" class=\"sr7-layer\"><\/sr7-txt>\n\t\t\t\t\t\t\t<sr7-txt id=\"SR7_50_1-224-41\" class=\"sr7-layer\"><\/sr7-txt>\n\t\t\t\t\t\t\t<sr7-txt id=\"SR7_50_1-224-44\" class=\"sr7-layer\">Dokumentation \u2013 von der Probennahme \u00fcber schnelle Durchf\u00fchrung bis hin zum technischen Kurzbericht erhalten Sie alles aus einer Hand!<\/sr7-txt>\n\t\t\t\t\t\t\t<sr7-txt id=\"SR7_50_1-224-46\" class=\"sr7-layer\"><\/sr7-txt>\n\t\t\t\t\t\t\t<sr7-txt id=\"SR7_50_1-224-49\" class=\"sr7-layer\">Metallurgie \u2013 Identifikation von Korrosionsarten, Legierungsbestandteilen und Bel\u00e4gen<\/sr7-txt>\n\t\t\t\t\t\t\t<sr7-txt id=\"SR7_50_1-224-56\" class=\"sr7-layer\"><\/sr7-txt>\n\t\t\t\t\t\t\t<sr7-txt id=\"SR7_50_1-224-64\" class=\"sr7-layer\"><\/sr7-txt>\n\t\t\t\t\t\t\t<sr7-txt id=\"SR7_50_1-224-65\" class=\"sr7-layer\"><\/sr7-txt>\n\t\t\t\t\t\t\t<sr7-txt id=\"SR7_50_1-224-69\" class=\"sr7-layer\"><\/sr7-txt>\n\t\t\t\t\t\t\t<sr7-txt id=\"SR7_50_1-224-70\" class=\"sr7-layer\"><\/sr7-txt>\n\t\t\t\t\t\t<\/sr7-slide>\n\t\t\t\t\t\t<sr7-slide id=\"SR7_50_1-225\" data-key=\"225\">\n\t\t\t\t\t\t<\/sr7-slide>\n\t\t\t\t\t<\/sr7-content>\n\t\t\t\t\t<image_lists style=\"display:none\">\n\t\t\t\t\t\t<img data-src=\"\/\/corrgo.ch\/wp-content\/uploads\/2025\/03\/initial-cleaning_passivation_2-1.jpg\" data-libid=\"4793\" title=\"initial cleaning_passivation_2\" width=\"0\" height=\"0\" data-dbsrc=\"Ly9jb3JyZ28uY2gvd3AtY29udGVudC91cGxvYWRzLzIwMjUvMDMvaW5pdGlhbC1jbGVhbmluZ19wYXNzaXZhdGlvbl8yLTEuanBn\"\/>\n\t\t\t\t\t\t<img data-src=\"\/\/corrgo.ch\/wp-content\/uploads\/2025\/03\/portfolio1.jpg\" data-libid=\"4827\" title=\"portfolio1\" width=\"0\" height=\"0\" data-dbsrc=\"Ly9jb3JyZ28uY2gvd3AtY29udGVudC91cGxvYWRzLzIwMjUvMDMvcG9ydGZvbGlvMS5qcGc=\"\/>\n\t\t\t\t\t\t<img data-src=\"\/\/corrgo.ch\/wp-content\/uploads\/2025\/03\/initial-cleaning_passivation_4-1.jpg\" data-libid=\"4790\" title=\"initial cleaning_passivation_4\" width=\"0\" height=\"0\" data-dbsrc=\"Ly9jb3JyZ28uY2gvd3AtY29udGVudC91cGxvYWRzLzIwMjUvMDMvaW5pdGlhbC1jbGVhbmluZ19wYXNzaXZhdGlvbl80LTEuanBn\"\/>\n\t\t\t\t\t\t<img loading=\"lazy\" data-src=\"\/\/corrgo.ch\/wp-content\/uploads\/2025\/03\/initial-cleaning_passivation_3-1.jpg\" data-libid=\"4789\" title=\"initial cleaning_passivation_3\" width=\"0\" height=\"0\" data-dbsrc=\"Ly9jb3JyZ28uY2gvd3AtY29udGVudC91cGxvYWRzLzIwMjUvMDMvaW5pdGlhbC1jbGVhbmluZ19wYXNzaXZhdGlvbl8zLTEuanBn\"\/>\n\t\t\t\t\t\t<img loading=\"lazy\" data-src=\"\/\/corrgo.ch\/wp-content\/uploads\/2025\/03\/derouging_deblacking_6.jpg\" data-libid=\"4811\" title=\"derouging_deblacking_6\" width=\"0\" height=\"0\" data-dbsrc=\"Ly9jb3JyZ28uY2gvd3AtY29udGVudC91cGxvYWRzLzIwMjUvMDMvZGVyb3VnaW5nX2RlYmxhY2tpbmdfNi5qcGc=\"\/>\n\t\t\t\t\t\t<img loading=\"lazy\" data-src=\"\/\/corrgo.ch\/wp-content\/uploads\/2025\/03\/derouging_deblacking_4.jpg\" data-libid=\"4809\" title=\"derouging_deblacking_4\" width=\"0\" height=\"0\" data-dbsrc=\"Ly9jb3JyZ28uY2gvd3AtY29udGVudC91cGxvYWRzLzIwMjUvMDMvZGVyb3VnaW5nX2RlYmxhY2tpbmdfNC5qcGc=\"\/>\n\t\t\t\t\t\t<img loading=\"lazy\" data-src=\"\/\/corrgo.ch\/wp-content\/uploads\/2025\/03\/derouging_deblacking_7.jpg\" data-libid=\"4812\" title=\"derouging_deblacking_7\" width=\"0\" height=\"0\" data-dbsrc=\"Ly9jb3JyZ28uY2gvd3AtY29udGVudC91cGxvYWRzLzIwMjUvMDMvZGVyb3VnaW5nX2RlYmxhY2tpbmdfNy5qcGc=\"\/>\n\t\t\t\t\t\t<img loading=\"lazy\" data-src=\"\/\/corrgo.ch\/wp-content\/uploads\/2025\/03\/derouging_deblacking_3.jpg\" data-libid=\"4808\" title=\"derouging_deblacking_3\" width=\"0\" height=\"0\" data-dbsrc=\"Ly9jb3JyZ28uY2gvd3AtY29udGVudC91cGxvYWRzLzIwMjUvMDMvZGVyb3VnaW5nX2RlYmxhY2tpbmdfMy5qcGc=\"\/>\n\t\t\t\t\t\t<img loading=\"lazy\" data-src=\"\/\/corrgo.ch\/wp-content\/uploads\/2025\/03\/derouging_deblacking_5.jpg\" data-libid=\"4810\" title=\"derouging_deblacking_5\" width=\"0\" height=\"0\" data-dbsrc=\"Ly9jb3JyZ28uY2gvd3AtY29udGVudC91cGxvYWRzLzIwMjUvMDMvZGVyb3VnaW5nX2RlYmxhY2tpbmdfNS5qcGc=\"\/>\n\t\t\t\t\t\t<img loading=\"lazy\" data-src=\"\/\/corrgo.ch\/wp-content\/uploads\/2025\/03\/descaling_derusting1.jpg\" data-libid=\"4742\" title=\"descaling_derusting1\" width=\"0\" height=\"0\" data-dbsrc=\"Ly9jb3JyZ28uY2gvd3AtY29udGVudC91cGxvYWRzLzIwMjUvMDMvZGVzY2FsaW5nX2RlcnVzdGluZzEuanBn\"\/>\n\t\t\t\t\t\t<img loading=\"lazy\" data-src=\"\/\/corrgo.ch\/wp-content\/uploads\/2025\/03\/descaling_derusting2.jpg\" data-libid=\"4743\" title=\"descaling_derusting2\" width=\"0\" height=\"0\" data-dbsrc=\"Ly9jb3JyZ28uY2gvd3AtY29udGVudC91cGxvYWRzLzIwMjUvMDMvZGVzY2FsaW5nX2RlcnVzdGluZzIuanBn\"\/>\n\t\t\t\t\t\t<img loading=\"lazy\" data-src=\"\/\/corrgo.ch\/wp-content\/uploads\/2025\/03\/descaling_derusting3.jpg\" data-libid=\"4741\" title=\"descaling_derusting3\" width=\"0\" height=\"0\" data-dbsrc=\"Ly9jb3JyZ28uY2gvd3AtY29udGVudC91cGxvYWRzLzIwMjUvMDMvZGVzY2FsaW5nX2RlcnVzdGluZzMuanBn\"\/>\n\t\t\t\t\t\t<img loading=\"lazy\" data-src=\"\/\/corrgo.ch\/wp-content\/uploads\/2025\/05\/Kalk-1.jpg\" data-libid=\"5064\" title=\"Kalk 1\" width=\"0\" height=\"0\" data-dbsrc=\"Ly9jb3JyZ28uY2gvd3AtY29udGVudC91cGxvYWRzLzIwMjUvMDUvS2Fsay0xLmpwZw==\"\/>\n\t\t\t\t\t\t<img loading=\"lazy\" data-src=\"\/\/corrgo.ch\/wp-content\/uploads\/2025\/05\/Kalk-2.jpg\" data-libid=\"5065\" title=\"Kalk 2\" width=\"0\" height=\"0\" data-dbsrc=\"Ly9jb3JyZ28uY2gvd3AtY29udGVudC91cGxvYWRzLzIwMjUvMDUvS2Fsay0yLmpwZw==\"\/>\n\t\t\t\t\t\t<img loading=\"lazy\" data-src=\"\/\/corrgo.ch\/wp-content\/uploads\/2025\/03\/portfolio3_.jpg\" data-libid=\"4826\" title=\"portfolio3_\" width=\"0\" height=\"0\" data-dbsrc=\"Ly9jb3JyZ28uY2gvd3AtY29udGVudC91cGxvYWRzLzIwMjUvMDMvcG9ydGZvbGlvM18uanBn\"\/>\n\t\t\t\t\t\t<img loading=\"lazy\" data-src=\"\/\/corrgo.ch\/wp-content\/uploads\/2025\/03\/portfolio3.jpg\" data-libid=\"4825\" title=\"portfolio3\" width=\"0\" height=\"0\" data-dbsrc=\"Ly9jb3JyZ28uY2gvd3AtY29udGVudC91cGxvYWRzLzIwMjUvMDMvcG9ydGZvbGlvMy5qcGc=\"\/>\n\t\t\t\t\t\t<img loading=\"lazy\" data-src=\"\/\/corrgo.ch\/wp-content\/uploads\/2025\/03\/Elektropolieren-Vor-Ort-Service-1.jpg\" data-libid=\"4856\" title=\"Elektropolieren Vor Ort Service 1\" width=\"0\" height=\"0\" data-dbsrc=\"Ly9jb3JyZ28uY2gvd3AtY29udGVudC91cGxvYWRzLzIwMjUvMDMvRWxla3Ryb3BvbGllcmVuLVZvci1PcnQtU2VydmljZS0xLmpwZw==\"\/>\n\t\t\t\t\t\t<img loading=\"lazy\" data-src=\"\/\/corrgo.ch\/wp-content\/uploads\/2025\/03\/on_site_electropolishing_4.jpg\" data-libid=\"4818\" title=\"on_site_electropolishing_4\" width=\"0\" height=\"0\" data-dbsrc=\"Ly9jb3JyZ28uY2gvd3AtY29udGVudC91cGxvYWRzLzIwMjUvMDMvb25fc2l0ZV9lbGVjdHJvcG9saXNoaW5nXzQuanBn\"\/>\n\t\t\t\t\t\t<img loading=\"lazy\" data-src=\"\/\/corrgo.ch\/wp-content\/uploads\/2025\/03\/Elektropolieren-Vor-Ort-Service.png\" data-libid=\"4857\" title=\"Elektropolieren Vor Ort Service\" width=\"0\" height=\"0\" data-dbsrc=\"Ly9jb3JyZ28uY2gvd3AtY29udGVudC91cGxvYWRzLzIwMjUvMDMvRWxla3Ryb3BvbGllcmVuLVZvci1PcnQtU2VydmljZS5wbmc=\"\/>\n\t\t\t\t\t\t<img loading=\"lazy\" data-src=\"\/\/corrgo.ch\/wp-content\/uploads\/2025\/03\/sanitization_decontamination_3.jpg\" data-libid=\"4839\" title=\"sanitization_decontamination_3\" width=\"0\" height=\"0\" data-dbsrc=\"Ly9jb3JyZ28uY2gvd3AtY29udGVudC91cGxvYWRzLzIwMjUvMDMvc2FuaXRpemF0aW9uX2RlY29udGFtaW5hdGlvbl8zLmpwZw==\"\/>\n\t\t\t\t\t\t<img loading=\"lazy\" data-src=\"\/\/corrgo.ch\/wp-content\/uploads\/2025\/03\/sanitization_decontamination_2.jpg\" data-libid=\"4838\" title=\"sanitization_decontamination_2\" width=\"0\" height=\"0\" data-dbsrc=\"Ly9jb3JyZ28uY2gvd3AtY29udGVudC91cGxvYWRzLzIwMjUvMDMvc2FuaXRpemF0aW9uX2RlY29udGFtaW5hdGlvbl8yLmpwZw==\"\/>\n\t\t\t\t\t\t<img loading=\"lazy\" data-src=\"\/\/corrgo.ch\/wp-content\/uploads\/2025\/03\/sanitization_decontamination_6.jpg\" data-libid=\"4842\" title=\"sanitization_decontamination_6\" width=\"0\" height=\"0\" data-dbsrc=\"Ly9jb3JyZ28uY2gvd3AtY29udGVudC91cGxvYWRzLzIwMjUvMDMvc2FuaXRpemF0aW9uX2RlY29udGFtaW5hdGlvbl82LmpwZw==\"\/>\n\t\t\t\t\t\t<img loading=\"lazy\" data-src=\"\/\/corrgo.ch\/wp-content\/uploads\/2025\/03\/sanitization_decontamination_5.jpg\" data-libid=\"4841\" title=\"sanitization_decontamination_5\" width=\"0\" height=\"0\" data-dbsrc=\"Ly9jb3JyZ28uY2gvd3AtY29udGVudC91cGxvYWRzLzIwMjUvMDMvc2FuaXRpemF0aW9uX2RlY29udGFtaW5hdGlvbl81LmpwZw==\"\/>\n\t\t\t\t\t\t<img loading=\"lazy\" data-src=\"\/\/corrgo.ch\/wp-content\/uploads\/2025\/03\/sanitization_decontamination_1.jpg\" data-libid=\"4843\" title=\"sanitization_decontamination_1\" width=\"0\" height=\"0\" data-dbsrc=\"Ly9jb3JyZ28uY2gvd3AtY29udGVudC91cGxvYWRzLzIwMjUvMDMvc2FuaXRpemF0aW9uX2RlY29udGFtaW5hdGlvbl8xLmpwZw==\"\/>\n\t\t\t\t\t\t<img loading=\"lazy\" data-src=\"\/\/corrgo.ch\/wp-content\/uploads\/2025\/03\/material_technology_consulting_1.jpg\" data-libid=\"4833\" title=\"material_technology_consulting_1\" width=\"0\" height=\"0\" data-dbsrc=\"Ly9jb3JyZ28uY2gvd3AtY29udGVudC91cGxvYWRzLzIwMjUvMDMvbWF0ZXJpYWxfdGVjaG5vbG9neV9jb25zdWx0aW5nXzEuanBn\"\/>\n\t\t\t\t\t\t<img loading=\"lazy\" data-src=\"\/\/corrgo.ch\/wp-content\/uploads\/2025\/03\/material_technology_consulting_2.jpg\" data-libid=\"4834\" title=\"material_technology_consulting_2\" width=\"0\" height=\"0\" data-dbsrc=\"Ly9jb3JyZ28uY2gvd3AtY29udGVudC91cGxvYWRzLzIwMjUvMDMvbWF0ZXJpYWxfdGVjaG5vbG9neV9jb25zdWx0aW5nXzIuanBn\"\/>\n\t\t\t\t\t\t<img loading=\"lazy\" data-src=\"\/\/corrgo.ch\/wp-content\/uploads\/2025\/03\/material_technology_consulting_4.jpg\" data-libid=\"4836\" title=\"material_technology_consulting_4\" width=\"0\" height=\"0\" data-dbsrc=\"Ly9jb3JyZ28uY2gvd3AtY29udGVudC91cGxvYWRzLzIwMjUvMDMvbWF0ZXJpYWxfdGVjaG5vbG9neV9jb25zdWx0aW5nXzQuanBn\"\/>\n\t\t\t\t\t\t<img loading=\"lazy\" data-src=\"\/\/corrgo.ch\/wp-content\/uploads\/2025\/03\/material_technology_consulting_3.jpg\" data-libid=\"4835\" title=\"material_technology_consulting_3\" width=\"0\" height=\"0\" data-dbsrc=\"Ly9jb3JyZ28uY2gvd3AtY29udGVudC91cGxvYWRzLzIwMjUvMDMvbWF0ZXJpYWxfdGVjaG5vbG9neV9jb25zdWx0aW5nXzMuanBn\"\/>\n\t\t\t\t\t\t<img loading=\"lazy\" data-src=\"\/\/corrgo.ch\/wp-content\/uploads\/2025\/03\/lab_analytics_1.jpg\" data-libid=\"4859\" title=\"lab_analytics_1\" width=\"0\" height=\"0\" data-dbsrc=\"Ly9jb3JyZ28uY2gvd3AtY29udGVudC91cGxvYWRzLzIwMjUvMDMvbGFiX2FuYWx5dGljc18xLmpwZw==\"\/>\n\t\t\t\t\t\t<img loading=\"lazy\" data-src=\"\/\/corrgo.ch\/wp-content\/uploads\/2025\/03\/lab_analytics_7-1.jpg\" data-libid=\"4865\" title=\"lab_analytics_7\" width=\"0\" height=\"0\" data-dbsrc=\"Ly9jb3JyZ28uY2gvd3AtY29udGVudC91cGxvYWRzLzIwMjUvMDMvbGFiX2FuYWx5dGljc183LTEuanBn\"\/>\n\t\t\t\t\t\t<img loading=\"lazy\" data-src=\"\/\/corrgo.ch\/wp-content\/uploads\/2025\/03\/lab_analytics_3.jpg\" data-libid=\"4861\" title=\"lab_analytics_3\" width=\"0\" height=\"0\" data-dbsrc=\"Ly9jb3JyZ28uY2gvd3AtY29udGVudC91cGxvYWRzLzIwMjUvMDMvbGFiX2FuYWx5dGljc18zLmpwZw==\"\/>\n\t\t\t\t\t\t<img loading=\"lazy\" data-src=\"\/\/corrgo.ch\/wp-content\/uploads\/2025\/03\/lab_analytics_4.jpg\" data-libid=\"4862\" title=\"lab_analytics_4\" width=\"0\" height=\"0\" data-dbsrc=\"Ly9jb3JyZ28uY2gvd3AtY29udGVudC91cGxvYWRzLzIwMjUvMDMvbGFiX2FuYWx5dGljc180LmpwZw==\"\/>\n\t\t\t\t\t\t<img loading=\"lazy\" data-src=\"\/\/corrgo.ch\/wp-content\/uploads\/2025\/03\/lab_analytics_5-1.jpg\" data-libid=\"4863\" title=\"lab_analytics_5\" width=\"0\" height=\"0\" data-dbsrc=\"Ly9jb3JyZ28uY2gvd3AtY29udGVudC91cGxvYWRzLzIwMjUvMDMvbGFiX2FuYWx5dGljc181LTEuanBn\"\/>\n\t\t\t\t\t<\/image_lists>\n\t\t\t\t<\/sr7-module>\n\t\t\t\t<script>\n\t\t\t\t\tSR7.PMH ??={}; SR7.PMH[\"SR7_50_1\"] = {cn:100,state:false,fn: function() { if (_tpt!==undefined && _tpt.prepareModuleHeight !== undefined) {  _tpt.prepareModuleHeight({id:\"SR7_50_1\",el:[900,900,768,960,720],type:'standard',shdw:'0',gh:[900,900,768,960,720],gw:[1240,1240,1024,778,480],vpt:['-100px&#039;,&#039;-100px&#039;,&#039;-100px&#039;,&#039;-100px&#039;,&#039;-100px'],size:{fullWidth:true, fullHeight:true},fho:'',mh:'0',onh:0,onw:0,bg:{color:'{\"type\":\"solid\",\"orig\":\"#0c0c0c\",\"string\":\"rgba(12, 12, 12, 1)\"}'}});   SR7.PMH[\"SR7_50_1\"].state=true;} else if(SR7.PMH[\"SR7_50_1\"].cn-->0)\tsetTimeout( SR7.PMH[\"SR7_50_1\"].fn,19);}};SR7.PMH[\"SR7_50_1\" ].fn();\n\t\t\t\t<\/script>\n<\/div>\n\n\t\t\t\t\t\t<\/div>\n\t\t\t\t<\/div>\n\t\t\t\t<\/div>\n\t\t\t\t<\/div>\n\t\t","protected":false},"excerpt":{"rendered":"","protected":false},"author":1,"featured_media":0,"parent":0,"menu_order":0,"comment_status":"closed","ping_status":"closed","template":"page-full-width.php","meta":[],"class_list":["post-4361","page","type-page","status-publish","hentry"],"_links":{"self":[{"href":"https:\/\/corrgo.ch\/en\/wp-json\/wp\/v2\/pages\/4361","targetHints":{"allow":["GET"]}}],"collection":[{"href":"https:\/\/corrgo.ch\/en\/wp-json\/wp\/v2\/pages"}],"about":[{"href":"https:\/\/corrgo.ch\/en\/wp-json\/wp\/v2\/types\/page"}],"author":[{"embeddable":true,"href":"https:\/\/corrgo.ch\/en\/wp-json\/wp\/v2\/users\/1"}],"replies":[{"embeddable":true,"href":"https:\/\/corrgo.ch\/en\/wp-json\/wp\/v2\/comments?post=4361"}],"version-history":[{"count":22,"href":"https:\/\/corrgo.ch\/en\/wp-json\/wp\/v2\/pages\/4361\/revisions"}],"predecessor-version":[{"id":4996,"href":"https:\/\/corrgo.ch\/en\/wp-json\/wp\/v2\/pages\/4361\/revisions\/4996"}],"wp:attachment":[{"href":"https:\/\/corrgo.ch\/en\/wp-json\/wp\/v2\/media?parent=4361"}],"curies":[{"name":"wp","href":"https:\/\/api.w.org\/{rel}","templated":true}]}}