{"id":4159,"date":"2025-01-09T18:32:23","date_gmt":"2025-01-09T18:32:23","guid":{"rendered":"https:\/\/corrgo.ch\/?page_id=4159"},"modified":"2026-04-16T14:27:17","modified_gmt":"2026-04-16T12:27:17","slug":"home","status":"publish","type":"page","link":"https:\/\/corrgo.ch\/en\/","title":{"rendered":"HOME"},"content":{"rendered":"\t\t<div data-elementor-type=\"wp-page\" data-elementor-id=\"4159\" class=\"elementor elementor-4159\">\n\t\t\t\t<div class=\"elementor-element elementor-element-6de9cd8 e-con-full qodef-custom-cursor--activate e-flex e-con e-parent\" data-id=\"6de9cd8\" data-element_type=\"container\" data-settings=\"{&quot;background_background&quot;:&quot;classic&quot;}\">\n\t\t\t\t<div class=\"elementor-element elementor-element-27412ca elementor-widget elementor-widget-slider_revolution\" data-id=\"27412ca\" data-element_type=\"widget\" data-widget_type=\"slider_revolution.default\">\n\t\t\t\t<div class=\"elementor-widget-container\">\n\t\t\t\t\t\n\t\t<div class=\"wp-block-themepunch-revslider\">\n\t\t\t\t<p class=\"rs-p-wp-fix\"><\/p>\n\t\t\t\t<sr7-module data-alias=\"HOME-2025-NEW\" data-id=\"49\" id=\"qodef-main-rev\" class=\"rs-ov-hidden\" data-version=\"6.7.41\">\n\t\t\t\t\t<sr7-adjuster><\/sr7-adjuster>\n\t\t\t\t\t<sr7-content>\n\t\t\t\t\t\t<sr7-slide id=\"qodef-main-rev-216\" data-key=\"216\">\n\t\t\t\t\t\t\t<sr7-bg id=\"qodef-main-rev-216-10\" class=\"sr7-layer\"><noscript><img decoding=\"async\" src=\"https:\/\/corrgo.ch\/wp-content\/uploads\/2024\/10\/Waben_3.png\" alt=\"\" title=\"Waben_3\"><\/noscript><\/sr7-bg>\n\t\t\t\t\t\t\t<sr7-txt id=\"qodef-main-rev-216-0\" class=\"sr7-layer\">CORRGO AG<\/sr7-txt>\n\t\t\t\t\t\t\t<sr7-txt id=\"qodef-main-rev-216-3\" class=\"sr7-layer\"><i class=\"material-icons\">keyboard_arrow_down<\/i><\/sr7-txt>\n\t\t\t\t\t\t\t<a id=\"qodef-main-rev-216-5\" class=\"sr7-layer\" href=\"https:\/\/corrgo.ch\/dienstleistungen\/\" target=\"_blank\" rel=\"noopener\">DIENSTLEISTUNGEN<\/a>\n\t\t\t\t\t\t\t<sr7-txt id=\"qodef-main-rev-216-9\" class=\"sr7-layer\">CORRGO AG<\/sr7-txt>\n\t\t\t\t\t\t<\/sr7-slide>\n\t\t\t\t\t\t<sr7-slide id=\"qodef-main-rev-217\" data-key=\"217\">\n\t\t\t\t\t\t<\/sr7-slide>\n\t\t\t\t\t<\/sr7-content>\n\t\t\t\t\t<image_lists style=\"display:none\">\n\t\t\t\t\t\t<img data-src=\"\/\/corrgo.ch\/wp-content\/uploads\/2024\/10\/Waben.png\" data-libid=\"3386\" data-lib=\"medialibrary\" title=\"Waben\" width=\"0\" height=\"0\" data-dbsrc=\"Ly9jb3JyZ28uY2gvd3AtY29udGVudC91cGxvYWRzLzIwMjQvMTAvV2FiZW4ucG5n\"\/>\n\t\t\t\t\t\t<img data-src=\"\/\/corrgo.ch\/wp-content\/uploads\/2024\/10\/Waben_3.png\" data-libid=\"3572\" data-lib=\"medialibrary\" title=\"Waben_3\" width=\"0\" height=\"0\" data-dbsrc=\"Ly9jb3JyZ28uY2gvd3AtY29udGVudC91cGxvYWRzLzIwMjQvMTAvV2FiZW5fMy5wbmc=\"\/>\n\t\t\t\t\t<\/image_lists>\n\t\t\t\t<\/sr7-module>\n\t\t\t\t<script>\n\t\t\t\t\tSR7.PMH ??={}; SR7.PMH[\"qodef-main-rev\"] = {cn:100,state:false,fn: function() { if (_tpt!==undefined && _tpt.prepareModuleHeight !== undefined) {  _tpt.prepareModuleHeight({id:\"qodef-main-rev\",el:[1000,1000,700,700,600],type:'hero',shdw:'0',gh:[1000,1000,700,700,600],gw:[1920,1920,1512,1200,680],vpt:['-100px&#039;,&#039;-100px&#039;,&#039;-100px&#039;,&#039;-100px&#039;,&#039;-100px'],size:{fullWidth:true, fullHeight:true},fho:'',mh:'0',onh:0,onw:0,bg:{color:'{\"orig\":\"transparent\",\"type\":\"solid\",\"string\":\"transparent\"}'}});   SR7.PMH[\"qodef-main-rev\"].state=true;} else if(SR7.PMH[\"qodef-main-rev\"].cn-->0)\tsetTimeout( SR7.PMH[\"qodef-main-rev\"].fn,19);}};SR7.PMH[\"qodef-main-rev\" ].fn();\n\t\t\t\t<\/script>\n<\/div>\n\n\t\t\t\t\t\t<\/div>\n\t\t\t\t<\/div>\n\t\t\t\t<\/div>\n\t\t<div class=\"elementor-element elementor-element-5cbf63d e-flex e-con-boxed qodef-custom-cursor--deactivate e-con e-parent\" data-id=\"5cbf63d\" data-element_type=\"container\">\n\t\t\t\t\t<div class=\"e-con-inner\">\n\t\t\t\t<div class=\"elementor-element elementor-element-4ebc0ee elementor-widget elementor-widget-spacer\" data-id=\"4ebc0ee\" data-element_type=\"widget\" data-widget_type=\"spacer.default\">\n\t\t\t\t<div class=\"elementor-widget-container\">\n\t\t\t\t\t\t\t<div class=\"elementor-spacer\">\n\t\t\t<div class=\"elementor-spacer-inner\"><\/div>\n\t\t<\/div>\n\t\t\t\t\t\t<\/div>\n\t\t\t\t<\/div>\n\t\t\t\t\t<\/div>\n\t\t\t\t<\/div>\n\t\t<div class=\"elementor-element elementor-element-b6755de e-flex e-con-boxed qodef-custom-cursor--deactivate e-con e-parent\" data-id=\"b6755de\" data-element_type=\"container\" data-settings=\"{&quot;background_background&quot;:&quot;classic&quot;}\">\n\t\t\t\t\t<div class=\"e-con-inner\">\n\t\t<div class=\"elementor-element elementor-element-a944175 e-con-full e-flex qodef-custom-cursor--deactivate e-con e-child\" data-id=\"a944175\" data-element_type=\"container\">\n\t\t\t\t<div class=\"elementor-element elementor-element-a7b6ca8 elementor-invisible elementor-widget elementor-widget-text-editor\" data-id=\"a7b6ca8\" data-element_type=\"widget\" data-settings=\"{&quot;_animation&quot;:&quot;slideInLeft&quot;}\" data-widget_type=\"text-editor.default\">\n\t\t\t\t<div class=\"elementor-widget-container\">\n\t\t\t\t\t\t\t\t\t<h5><strong>Informieren Sie sich \u00fcber unsere massgeschneiderten L\u00f6sungen<\/strong><\/h5>\t\t\t\t\t\t\t\t<\/div>\n\t\t\t\t<\/div>\n\t\t\t\t<\/div>\n\t\t<div class=\"elementor-element elementor-element-773cd97 e-con-full e-flex qodef-custom-cursor--deactivate e-con e-child\" data-id=\"773cd97\" data-element_type=\"container\">\n\t\t\t\t<div class=\"elementor-element elementor-element-8bf6984 elementor-invisible elementor-widget elementor-widget-qi_addons_for_elementor_button\" data-id=\"8bf6984\" data-element_type=\"widget\" data-settings=\"{&quot;_animation&quot;:&quot;zoomIn&quot;}\" data-widget_type=\"qi_addons_for_elementor_button.default\">\n\t\t\t\t<div class=\"elementor-widget-container\">\n\t\t\t\t\t<a class=\"qodef-shortcode qodef-m qodef-qi-button qodef-html--link qodef-layout--outlined qodef-type--standard qodef-size--large qodef-icon--right qodef-hover--icon-move-horizontal-short\" href=\"https:\/\/corrgo.ch\/dienstleistungen-slider\/\" target=\"_self\">\n\t<span class=\"qodef-m-text\">DIENSTLEISTUNGEN<\/span>\n\t<\/a>\n\t\t\t\t<\/div>\n\t\t\t\t<\/div>\n\t\t\t\t<\/div>\n\t\t\t\t\t<\/div>\n\t\t\t\t<\/div>\n\t\t<div class=\"elementor-element elementor-element-659319d e-flex e-con-boxed qodef-custom-cursor--deactivate e-con e-parent\" data-id=\"659319d\" data-element_type=\"container\">\n\t\t\t\t\t<div class=\"e-con-inner\">\n\t\t\t\t<div class=\"elementor-element elementor-element-dab3504 elementor-widget elementor-widget-slider_revolution\" data-id=\"dab3504\" data-element_type=\"widget\" data-widget_type=\"slider_revolution.default\">\n\t\t\t\t<div class=\"elementor-widget-container\">\n\t\t\t\t\t\n\t\t<div class=\"wp-block-themepunch-revslider\">\n\t\t\t\t<p class=\"rs-p-wp-fix\"><\/p>\n\t\t\t\t<sr7-module data-alias=\"SERVICES-HOME\" data-id=\"51\" id=\"SR7_51_2\" class=\"rs-ov-hidden\" data-version=\"6.7.41\">\n\t\t\t\t\t<sr7-adjuster><\/sr7-adjuster>\n\t\t\t\t\t<sr7-content>\n\t\t\t\t\t\t<sr7-slide id=\"SR7_51_2-226\" data-key=\"226\">\n\t\t\t\t\t\t\t<sr7-txt id=\"SR7_51_2-226-3\" class=\"sr7-layer\">\u00dcBER UNS<\/sr7-txt>\n\t\t\t\t\t\t\t<sr7-txt id=\"SR7_51_2-226-4\" class=\"sr7-layer\">CORRGO AG<\/sr7-txt>\n\t\t\t\t\t\t\t<sr7-txt id=\"SR7_51_2-226-6\" class=\"sr7-layer\">Die CORRGO AG, als Teil der Henkel-Gruppe, ist Ihr Partner\nf\u00fcr die langfristige Instandhaltung und Optimierung von\nProduktionsanlagen aus Edelstahl und Sonderlegierungen.\nUnser ganzheitlicher Ansatz vereint technische Beratung,\nmoderne Verfahren und hohe Sicherheitsstandards, um\nden Werterhalt Ihrer Anlagen zu sichern.<\/sr7-txt>\n\t\t\t\t\t\t\t<a id=\"SR7_51_2-226-7\" class=\"sr7-layer\" href=\"https:\/\/corrgo.ch\/ueber-uns\/\" target=\"_blank\" rel=\"noopener\">\u00dcBER UNS<\/a>\n\t\t\t\t\t\t<\/sr7-slide>\n\t\t\t\t\t\t<sr7-slide id=\"SR7_51_2-227\" data-key=\"227\">\n\t\t\t\t\t\t\t<sr7-txt id=\"SR7_51_2-227-3\" class=\"sr7-layer\">DIENSTLEISTUNGEN<\/sr7-txt>\n\t\t\t\t\t\t\t<sr7-txt id=\"SR7_51_2-227-4\" class=\"sr7-layer\">ANWENDUNGSBEREICHE<\/sr7-txt>\n\t\t\t\t\t\t\t<sr7-txt id=\"SR7_51_2-227-6\" class=\"sr7-layer\">Unsere Dienstleistungen werden in pharmazeutischen, biotechnologischen, chemischen, lebensmittelverarbeitenden Produktionsanlagen sowie der Halbleiterindustrie und Umwelttechnik eingesetzt, wo hohe Hygieneanforderungen gelten. Sie kommen bei Korrosionssch\u00e4den, mikrobiologischen Bel\u00e4gen und zur regelm\u00e4ssigen Wartung von Oberfl\u00e4chen zum Einsatz. Besonders geeignet f\u00fcr Reinr\u00e4ume und sterile Produktionsumgebungen.<\/sr7-txt>\n\t\t\t\t\t\t\t<a id=\"SR7_51_2-227-7\" class=\"sr7-layer\" href=\"https:\/\/corrgo.ch\/dienstleistungen\/\" target=\"_blank\" rel=\"noopener\">MEHR ERFAHREN<\/a>\n\t\t\t\t\t\t<\/sr7-slide>\n\t\t\t\t\t\t<sr7-slide id=\"SR7_51_2-228\" data-key=\"228\">\n\t\t\t\t\t\t\t<sr7-txt id=\"SR7_51_2-228-3\" class=\"sr7-layer\">KONTAKT<\/sr7-txt>\n\t\t\t\t\t\t\t<sr7-txt id=\"SR7_51_2-228-4\" class=\"sr7-layer\">ANFRAGE<\/sr7-txt>\n\t\t\t\t\t\t\t<sr7-txt id=\"SR7_51_2-228-6\" class=\"sr7-layer\">W\u00e4hlen Sie Ihr Anliegen und treten Sie per Telefon oder\nTextnachricht mit uns in Kontakt. <br>\n<br>Jetzt unverbindlich anfragen.<\/sr7-txt>\n\t\t\t\t\t\t\t<a id=\"SR7_51_2-228-7\" class=\"sr7-layer\" href=\"https:\/\/corrgo.ch\/kontakt\/\" target=\"_blank\" rel=\"noopener\">KONTAKT<\/a>\n\t\t\t\t\t\t<\/sr7-slide>\n\t\t\t\t\t\t<sr7-slide id=\"SR7_51_2-229\" data-key=\"229\">\n\t\t\t\t\t\t<\/sr7-slide>\n\t\t\t\t\t<\/sr7-content>\n\t\t\t\t\t<image_lists style=\"display:none\">\n\t\t\t\t\t\t<img data-src=\"\/\/corrgo.ch\/wp-content\/uploads\/2026\/04\/Logo_CORRGO-scaled.png\" data-libid=\"5233\" data-lib=\"medialibrary\" alt=\"Logo_CORRGO\" title=\"Logo_CORRGO\" width=\"0\" height=\"0\" data-dbsrc=\"Ly9jb3JyZ28uY2gvd3AtY29udGVudC91cGxvYWRzLzIwMjYvMDQvTG9nb19DT1JSR08tc2NhbGVkLnBuZw==\"\/>\n\t\t\t\t\t\t<img loading=\"lazy\" data-src=\"\/\/corrgo.ch\/wp-content\/uploads\/2024\/10\/bg6.png\" data-libid=\"3874\" title=\"bg6\" width=\"0\" height=\"0\" data-dbsrc=\"Ly9jb3JyZ28uY2gvd3AtY29udGVudC91cGxvYWRzLzIwMjQvMTAvYmc2LnBuZw==\"\/>\n\t\t\t\t\t\t<img loading=\"lazy\" data-src=\"\/\/corrgo.ch\/wp-content\/uploads\/2025\/01\/derouging_deblacking_5.jpg\" data-libid=\"4428\" data-lib=\"medialibrary\" title=\"derouging_deblacking_5\" width=\"0\" height=\"0\" data-dbsrc=\"Ly9jb3JyZ28uY2gvd3AtY29udGVudC91cGxvYWRzLzIwMjUvMDEvZGVyb3VnaW5nX2RlYmxhY2tpbmdfNS5qcGc=\"\/>\n\t\t\t\t\t\t<img loading=\"lazy\" data-src=\"\/\/corrgo.ch\/wp-content\/uploads\/2025\/01\/material_technology_consulting_1.jpg\" data-libid=\"4443\" data-lib=\"medialibrary\" title=\"material_technology_consulting_1\" width=\"0\" height=\"0\" data-dbsrc=\"Ly9jb3JyZ28uY2gvd3AtY29udGVudC91cGxvYWRzLzIwMjUvMDEvbWF0ZXJpYWxfdGVjaG5vbG9neV9jb25zdWx0aW5nXzEuanBn\"\/>\n\t\t\t\t\t<\/image_lists>\n\t\t\t\t<\/sr7-module>\n\t\t\t\t<script>\n\t\t\t\t\tSR7.PMH ??={}; SR7.PMH[\"SR7_51_2\"] = {cn:100,state:false,fn: function() { if (_tpt!==undefined && _tpt.prepareModuleHeight !== undefined) {  _tpt.prepareModuleHeight({id:\"SR7_51_2\",el:[1000,1000,900,700,700],type:'standard',shdw:'0',gh:[1000,1000,900,700,700],gw:[1400,1400,1200,1000,480],vpt:['-200px&#039;,&#039;-200px&#039;,&#039;-200px&#039;,&#039;-200px&#039;,&#039;-200px'],size:{fullWidth:true, fullHeight:false},mh:'0',onh:0,onw:0,bg:{color:'{\"orig\":\"transparent\",\"type\":\"solid\",\"string\":\"transparent\"}'},plType:'-1',plColor:'#FFFFFF'});   SR7.PMH[\"SR7_51_2\"].state=true;} else if(SR7.PMH[\"SR7_51_2\"].cn-->0)\tsetTimeout( SR7.PMH[\"SR7_51_2\"].fn,19);}};SR7.PMH[\"SR7_51_2\" ].fn();\n\t\t\t\t<\/script>\n<\/div>\n\n\t\t\t\t\t\t<\/div>\n\t\t\t\t<\/div>\n\t\t\t\t\t<\/div>\n\t\t\t\t<\/div>\n\t\t<div class=\"elementor-element elementor-element-9073954 e-flex e-con-boxed qodef-custom-cursor--deactivate e-con e-parent\" data-id=\"9073954\" data-element_type=\"container\" data-settings=\"{&quot;background_background&quot;:&quot;classic&quot;}\">\n\t\t\t\t\t<div class=\"e-con-inner\">\n\t\t<div class=\"elementor-element elementor-element-31ab2c9 e-con-full e-flex qodef-custom-cursor--deactivate e-con e-child\" data-id=\"31ab2c9\" data-element_type=\"container\">\n\t\t\t\t<div class=\"elementor-element elementor-element-e0e5588 elementor-invisible elementor-widget elementor-widget-text-editor\" data-id=\"e0e5588\" data-element_type=\"widget\" data-settings=\"{&quot;_animation&quot;:&quot;slideInLeft&quot;}\" data-widget_type=\"text-editor.default\">\n\t\t\t\t<div class=\"elementor-widget-container\">\n\t\t\t\t\t\t\t\t\t<h5><strong>Kontaktieren Sie uns f\u00fcr eine unverbindliche Beratung.<\/strong><\/h5>\t\t\t\t\t\t\t\t<\/div>\n\t\t\t\t<\/div>\n\t\t\t\t<\/div>\n\t\t<div class=\"elementor-element elementor-element-515a450 e-con-full e-flex qodef-custom-cursor--deactivate e-con e-child\" data-id=\"515a450\" data-element_type=\"container\">\n\t\t\t\t<div class=\"elementor-element elementor-element-6e5637b elementor-invisible elementor-widget elementor-widget-qi_addons_for_elementor_button\" data-id=\"6e5637b\" data-element_type=\"widget\" data-settings=\"{&quot;_animation&quot;:&quot;zoomIn&quot;}\" data-widget_type=\"qi_addons_for_elementor_button.default\">\n\t\t\t\t<div class=\"elementor-widget-container\">\n\t\t\t\t\t<a class=\"qodef-shortcode qodef-m qodef-qi-button qodef-html--link qodef-layout--outlined qodef-type--standard qodef-size--large qodef-icon--right qodef-hover--icon-move-horizontal-short\" href=\"https:\/\/corrgo.ch\/kontakt\/\" target=\"_self\">\n\t<span class=\"qodef-m-text\">KONTAKT<\/span>\n\t<\/a>\n\t\t\t\t<\/div>\n\t\t\t\t<\/div>\n\t\t\t\t<\/div>\n\t\t\t\t\t<\/div>\n\t\t\t\t<\/div>\n\t\t\t\t<\/div>\n\t\t","protected":false},"excerpt":{"rendered":"<p>Informieren Sie sich \u00fcber unsere massgeschneiderten L\u00f6sungen DIENSTLEISTUNGEN Kontaktieren Sie uns f\u00fcr eine unverbindliche Beratung. KONTAKT<\/p>","protected":false},"author":1,"featured_media":0,"parent":0,"menu_order":0,"comment_status":"closed","ping_status":"closed","template":"page-full-width.php","meta":[],"class_list":["post-4159","page","type-page","status-publish","hentry"],"_links":{"self":[{"href":"https:\/\/corrgo.ch\/en\/wp-json\/wp\/v2\/pages\/4159","targetHints":{"allow":["GET"]}}],"collection":[{"href":"https:\/\/corrgo.ch\/en\/wp-json\/wp\/v2\/pages"}],"about":[{"href":"https:\/\/corrgo.ch\/en\/wp-json\/wp\/v2\/types\/page"}],"author":[{"embeddable":true,"href":"https:\/\/corrgo.ch\/en\/wp-json\/wp\/v2\/users\/1"}],"replies":[{"embeddable":true,"href":"https:\/\/corrgo.ch\/en\/wp-json\/wp\/v2\/comments?post=4159"}],"version-history":[{"count":69,"href":"https:\/\/corrgo.ch\/en\/wp-json\/wp\/v2\/pages\/4159\/revisions"}],"predecessor-version":[{"id":5195,"href":"https:\/\/corrgo.ch\/en\/wp-json\/wp\/v2\/pages\/4159\/revisions\/5195"}],"wp:attachment":[{"href":"https:\/\/corrgo.ch\/en\/wp-json\/wp\/v2\/media?parent=4159"}],"curies":[{"name":"wp","href":"https:\/\/api.w.org\/{rel}","templated":true}]}}