{"id":4154,"date":"2025-01-09T18:27:18","date_gmt":"2025-01-09T18:27:18","guid":{"rendered":"https:\/\/corrgo.ch\/?page_id=4154"},"modified":"2025-01-15T17:46:29","modified_gmt":"2025-01-15T17:46:29","slug":"disclaimer","status":"publish","type":"page","link":"https:\/\/corrgo.ch\/en\/haftungsausschluss\/","title":{"rendered":"HAFTUNGSAUSSCHLUSS"},"content":{"rendered":"<div data-elementor-type=\"wp-page\" data-elementor-id=\"4154\" class=\"elementor elementor-4154\">\n\t\t\t\t<div class=\"elementor-element elementor-element-cc2a040 e-flex e-con-boxed qodef-custom-cursor--deactivate e-con e-parent\" data-id=\"cc2a040\" data-element_type=\"container\">\n\t\t\t\t\t<div class=\"e-con-inner\">\n\t\t\t\t<div class=\"elementor-element elementor-element-33f5760 elementor-widget elementor-widget-spacer\" data-id=\"33f5760\" data-element_type=\"widget\" data-widget_type=\"spacer.default\">\n\t\t\t\t<div class=\"elementor-widget-container\">\n\t\t\t\t\t\t\t<div class=\"elementor-spacer\">\n\t\t\t<div class=\"elementor-spacer-inner\"><\/div>\n\t\t<\/div>\n\t\t\t\t\t\t<\/div>\n\t\t\t\t<\/div>\n\t\t\t\t\t<\/div>\n\t\t\t\t<\/div>\n\t\t<div class=\"elementor-element elementor-element-cbd252e e-con-full animated-slow e-transform e-flex qodef-custom-cursor--deactivate elementor-invisible e-con e-parent\" data-id=\"cbd252e\" data-element_type=\"container\" data-settings=\"{&quot;background_background&quot;:&quot;classic&quot;,&quot;animation&quot;:&quot;zoomIn&quot;,&quot;animation_delay&quot;:500,&quot;_transform_rotateZ_effect&quot;:{&quot;unit&quot;:&quot;px&quot;,&quot;size&quot;:0,&quot;sizes&quot;:[]},&quot;_transform_rotateZ_effect_tablet&quot;:{&quot;unit&quot;:&quot;deg&quot;,&quot;size&quot;:&quot;&quot;,&quot;sizes&quot;:[]},&quot;_transform_rotateZ_effect_mobile&quot;:{&quot;unit&quot;:&quot;deg&quot;,&quot;size&quot;:&quot;&quot;,&quot;sizes&quot;:[]}}\">\n\t\t\t\t<div class=\"elementor-element elementor-element-ce77a8e elementor-widget elementor-widget-text-editor\" data-id=\"ce77a8e\" data-element_type=\"widget\" data-widget_type=\"text-editor.default\">\n\t\t\t\t<div class=\"elementor-widget-container\">\n\t\t\t\t\t\t\t\t\t<h1>HAFTUNGSAUSSCHLUSS<\/h1>\t\t\t\t\t\t\t\t<\/div>\n\t\t\t\t<\/div>\n\t\t\t\t<div class=\"elementor-element elementor-element-e708c0c elementor-widget elementor-widget-spacer\" data-id=\"e708c0c\" data-element_type=\"widget\" data-widget_type=\"spacer.default\">\n\t\t\t\t<div class=\"elementor-widget-container\">\n\t\t\t\t\t\t\t<div class=\"elementor-spacer\">\n\t\t\t<div class=\"elementor-spacer-inner\"><\/div>\n\t\t<\/div>\n\t\t\t\t\t\t<\/div>\n\t\t\t\t<\/div>\n\t\t\t\t<\/div>\n\t\t<div class=\"elementor-element elementor-element-b7eabd0 e-flex e-con-boxed qodef-custom-cursor--deactivate e-con e-child\" data-id=\"b7eabd0\" data-element_type=\"container\" data-settings=\"{&quot;background_background&quot;:&quot;classic&quot;}\">\n\t\t\t\t\t<div class=\"e-con-inner\">\n\t\t\t\t<div class=\"elementor-element elementor-element-c9c491c animated-slow elementor-invisible elementor-widget elementor-widget-text-editor\" data-id=\"c9c491c\" data-element_type=\"widget\" data-settings=\"{&quot;_animation&quot;:&quot;fadeIn&quot;}\" data-widget_type=\"text-editor.default\">\n\t\t\t\t<div class=\"elementor-widget-container\">\n\t\t\t\t\t\t\t\t\t<h6 class=\"wp-block-heading\"><strong>Disclaimer<\/strong><\/h6><h6>Alle Angaben auf unserer Website wurden sorgf\u00e4ltig gepr\u00fcft. Wir sind bem\u00fcht, daf\u00fcr Sorge zu tragen, dass die von uns bereitgestellten Informationen aktuell, richtig und vollst\u00e4ndig sind. Dennoch ist das Auftreten von Fehlern nicht v\u00f6llig auszuschliessen, so dass wir f\u00fcr die Vollst\u00e4ndigkeit, Richtigkeit und Aktualit\u00e4t der Informationen, auch journalistisch-redaktioneller Art, keine Gew\u00e4hr \u00fcbernehmen k\u00f6nnen. Haftungsanspr\u00fcche, die sich auf Sch\u00e4den materieller oder ideeller Art beziehen, welche durch die Nutzung oder Nichtnutzung der dargebotenen Informationen bzw. durch die Nutzung fehlerhafter und unvollst\u00e4ndiger Informationen verursacht wurden, sind grunds\u00e4tzlich ausgeschlossen.<br \/>Der Herausgeber kann Texte nach eigenem Ermessen und ohne vorherige Ank\u00fcndigung \u00e4ndern oder l\u00f6schen und ist nicht dazu verpflichtet, die Inhalte dieser Website zu aktualisieren. Die Nutzung dieser Website bzw. der Zugang zu ihr erfolgt auf eigenes Risiko des Besuchers. Der Herausgeber, seine Kunden oder Partner sind nicht verantwortlich f\u00fcr Sch\u00e4den, wie z.B. direkte, indirekte, zuf\u00e4llige oder Folgesch\u00e4den, die angeblich durch den Besuch dieser Website verursacht wurden und \u00fcbernehmen folglich keine Haftung f\u00fcr solche Sch\u00e4den.<br \/>Der Herausgeber \u00fcbernimmt auch keine Verantwortung oder Haftung f\u00fcr den Inhalt und die Verf\u00fcgbarkeit von Websites Dritter, die \u00fcber externe Links von dieser Website aus erreicht werden k\u00f6nnen. F\u00fcr den Inhalt der verlinkten Seiten sind ausschliesslich deren Betreiber verantwortlich. Der Herausgeber distanziert sich daher ausdr\u00fccklich von allen fremden Inhalten, die m\u00f6glicherweise straf- oder haftungsrechtlich relevant sind oder gegen die guten Sitten verstossen.<\/h6><h6>Der Autor \u00fcbernimmt keine Gew\u00e4hr f\u00fcr die Richtigkeit, Genauigkeit, Aktualit\u00e4t, Zuverl\u00e4ssigkeit und Vollst\u00e4ndigkeit der Informationen.<br \/>Haftungsanspr\u00fcche gegen den Autor wegen Sch\u00e4den materieller oder immaterieller Art, die aus dem Zugriff oder der Nutzung bzw. Nichtnutzung der ver\u00f6ffentlichten Informationen, durch Missbrauch der Verbindung oder durch technische St\u00f6rungen entstanden sind, werden ausgeschlossen.<\/h6><h6>Alle Angebote sind freibleibend. Der Autor beh\u00e4lt es sich ausdr\u00fccklich vor, Teile der Seiten oder das gesamte Angebot ohne gesonderte Ank\u00fcndigung zu ver\u00e4ndern, zu erg\u00e4nzen, zu l\u00f6schen oder die Ver\u00f6ffentlichung zeitweise oder endg\u00fcltig einzustellen<\/h6>\t\t\t\t\t\t\t\t<\/div>\n\t\t\t\t<\/div>\n\t\t\t\t\t<\/div>\n\t\t\t\t<\/div>\n\t\t\t\t<\/div>","protected":false},"excerpt":{"rendered":"<p>HAFTUNGSAUSSCHLUSS Haftungsausschluss Alle Angaben auf unserer Website wurden sorgf\u00e4ltig gepr\u00fcft. Wir sind bem\u00fcht, daf\u00fcr Sorge zu tragen, dass die von uns bereitgestellten Informationen aktuell, richtig und vollst\u00e4ndig sind. Dennoch ist das Auftreten von Fehlern nicht v\u00f6llig auszuschliessen, so dass wir f\u00fcr die Vollst\u00e4ndigkeit, Richtigkeit und Aktualit\u00e4t der Informationen, auch journalistisch-redaktioneller Art, keine Gew\u00e4hr \u00fcbernehmen k\u00f6nnen. [&hellip;]<\/p>\n","protected":false},"author":2,"featured_media":0,"parent":0,"menu_order":0,"comment_status":"closed","ping_status":"closed","template":"page-full-width.php","meta":[],"class_list":["post-4154","page","type-page","status-publish","hentry"],"_links":{"self":[{"href":"https:\/\/corrgo.ch\/en\/wp-json\/wp\/v2\/pages\/4154","targetHints":{"allow":["GET"]}}],"collection":[{"href":"https:\/\/corrgo.ch\/en\/wp-json\/wp\/v2\/pages"}],"about":[{"href":"https:\/\/corrgo.ch\/en\/wp-json\/wp\/v2\/types\/page"}],"author":[{"embeddable":true,"href":"https:\/\/corrgo.ch\/en\/wp-json\/wp\/v2\/users\/2"}],"replies":[{"embeddable":true,"href":"https:\/\/corrgo.ch\/en\/wp-json\/wp\/v2\/comments?post=4154"}],"version-history":[{"count":8,"href":"https:\/\/corrgo.ch\/en\/wp-json\/wp\/v2\/pages\/4154\/revisions"}],"predecessor-version":[{"id":4418,"href":"https:\/\/corrgo.ch\/en\/wp-json\/wp\/v2\/pages\/4154\/revisions\/4418"}],"wp:attachment":[{"href":"https:\/\/corrgo.ch\/en\/wp-json\/wp\/v2\/media?parent=4154"}],"curies":[{"name":"wp","href":"https:\/\/api.w.org\/{rel}","templated":true}]}}