{"id":4144,"date":"2025-01-09T18:24:37","date_gmt":"2025-01-09T18:24:37","guid":{"rendered":"https:\/\/corrgo.ch\/?page_id=4144"},"modified":"2025-01-15T17:45:47","modified_gmt":"2025-01-15T17:45:47","slug":"legal-notice","status":"publish","type":"page","link":"https:\/\/corrgo.ch\/en\/impressum\/","title":{"rendered":"LEGAL NOTICE"},"content":{"rendered":"<div data-elementor-type=\"wp-page\" data-elementor-id=\"4144\" class=\"elementor elementor-4144\">\n\t\t\t\t<div class=\"elementor-element elementor-element-cc2a040 e-flex e-con-boxed qodef-custom-cursor--deactivate e-con e-parent\" data-id=\"cc2a040\" data-element_type=\"container\">\n\t\t\t\t\t<div class=\"e-con-inner\">\n\t\t\t\t<div class=\"elementor-element elementor-element-33f5760 elementor-widget elementor-widget-spacer\" data-id=\"33f5760\" data-element_type=\"widget\" data-widget_type=\"spacer.default\">\n\t\t\t\t<div class=\"elementor-widget-container\">\n\t\t\t\t\t\t\t<div class=\"elementor-spacer\">\n\t\t\t<div class=\"elementor-spacer-inner\"><\/div>\n\t\t<\/div>\n\t\t\t\t\t\t<\/div>\n\t\t\t\t<\/div>\n\t\t\t\t\t<\/div>\n\t\t\t\t<\/div>\n\t\t<div class=\"elementor-element elementor-element-cbd252e e-con-full animated-slow e-transform e-flex qodef-custom-cursor--deactivate elementor-invisible e-con e-parent\" data-id=\"cbd252e\" data-element_type=\"container\" data-settings=\"{&quot;background_background&quot;:&quot;classic&quot;,&quot;animation&quot;:&quot;zoomIn&quot;,&quot;animation_delay&quot;:500,&quot;_transform_rotateZ_effect&quot;:{&quot;unit&quot;:&quot;px&quot;,&quot;size&quot;:0,&quot;sizes&quot;:[]},&quot;_transform_rotateZ_effect_tablet&quot;:{&quot;unit&quot;:&quot;deg&quot;,&quot;size&quot;:&quot;&quot;,&quot;sizes&quot;:[]},&quot;_transform_rotateZ_effect_mobile&quot;:{&quot;unit&quot;:&quot;deg&quot;,&quot;size&quot;:&quot;&quot;,&quot;sizes&quot;:[]}}\">\n\t\t\t\t<div class=\"elementor-element elementor-element-ce77a8e elementor-widget elementor-widget-text-editor\" data-id=\"ce77a8e\" data-element_type=\"widget\" data-widget_type=\"text-editor.default\">\n\t\t\t\t<div class=\"elementor-widget-container\">\n\t\t\t\t\t\t\t\t\t<h1>LEGAL NOTICE<\/h1>\t\t\t\t\t\t\t\t<\/div>\n\t\t\t\t<\/div>\n\t\t\t\t<div class=\"elementor-element elementor-element-e708c0c elementor-widget elementor-widget-spacer\" data-id=\"e708c0c\" data-element_type=\"widget\" data-widget_type=\"spacer.default\">\n\t\t\t\t<div class=\"elementor-widget-container\">\n\t\t\t\t\t\t\t<div class=\"elementor-spacer\">\n\t\t\t<div class=\"elementor-spacer-inner\"><\/div>\n\t\t<\/div>\n\t\t\t\t\t\t<\/div>\n\t\t\t\t<\/div>\n\t\t\t\t<\/div>\n\t\t<div class=\"elementor-element elementor-element-b7eabd0 e-flex e-con-boxed qodef-custom-cursor--deactivate e-con e-child\" data-id=\"b7eabd0\" data-element_type=\"container\" data-settings=\"{&quot;background_background&quot;:&quot;classic&quot;}\">\n\t\t\t\t\t<div class=\"e-con-inner\">\n\t\t\t\t<div class=\"elementor-element elementor-element-c9c491c animated-slow elementor-invisible elementor-widget elementor-widget-text-editor\" data-id=\"c9c491c\" data-element_type=\"widget\" data-settings=\"{&quot;_animation&quot;:&quot;fadeIn&quot;}\" data-widget_type=\"text-editor.default\">\n\t\t\t\t<div class=\"elementor-widget-container\">\n\t\t\t\t\t\t\t\t\t<h6>CORRGO AG<br \/>Alte Steinhauserstrasse 19<br \/>6330 Cham<br \/>Schweiz<\/h6><h6>E-Mail:<br \/>info@corrgo.ch<\/h6><h6><strong><i>Authorized representative(s)<\/i><\/strong><\/h6><h6>Harald Clobes, CEO<\/h6><h6><strong><i>Commercial register entry<\/i><\/strong><\/h6><h6>Registered company name:<br \/><strong>CORRGO AG<\/strong><\/h6><h6>Company number (UID):<br \/><strong>CHE-361.294.915<\/strong><\/h6><h6>VAT number<br \/><strong>CHE-361.294.915 MWST<\/strong><\/h6><h6><strong><i>Disclaimer<\/i><\/strong><\/h6><h6>The author accepts no responsibility for the correctness, accuracy, timeliness, reliability, or completeness of the information provided.<\/h6><h6>Liability claims against the author for damages of a material or immaterial nature arising from access to or use or non-use of the published information, misuse of the connection, or technical faults are excluded.<\/h6><h6>All offers are non-binding. The author expressly reserves the right to change, supplement, or delete parts of the pages or the entire offer without prior notice, or to discontinue publication temporarily or permanently.<\/h6><h6><strong><i>Disclaimer for links<\/i><\/strong><\/h6><h6>References and links to third-party websites are outside our area of responsibility. We accept no responsibility for such websites. Access to and use of such websites is at the user's own risk.<\/h6><h6><strong><i>Copyrights<\/i><\/strong><\/h6><h6>The copyright and all other rights to content, images, photos, or other files on this website belong exclusively to\u00a0<strong>of the company corrgo ag<\/strong>\u00a0or the specifically named rights holders. The written consent of the copyright holder must be obtained in advance for the reproduction of any elements.<\/h6>\t\t\t\t\t\t\t\t<\/div>\n\t\t\t\t<\/div>\n\t\t\t\t\t<\/div>\n\t\t\t\t<\/div>\n\t\t\t\t<\/div>","protected":false},"excerpt":{"rendered":"<p>IMPRESSUM CORRGO AG Alte Steinhauserstrasse 19 6330 Cham Schweiz E-Mail: info@corrgo.ch Vertretungsberechtigte Person(en) Harald Clobes, Gesch\u00e4ftsf\u00fchrer Handelsregister-Eintrag Eingetragener Firmenname: CORRGO AG Unternehmens-Nr (UID): CHE-361.294.915 Mehrwertsteuer-Nummer CHE-361.294.915 MWST Haftungsausschluss Der Autor \u00fcbernimmt keinerlei Gew\u00e4hr hinsichtlich der inhaltlichen Richtigkeit, Genauigkeit, Aktualit\u00e4t, Zuverl\u00e4ssigkeit und Vollst\u00e4ndigkeit der Informationen. Haftungsanspr\u00fcche gegen den Autor wegen Sch\u00e4den materieller oder immaterieller Art, welche [&hellip;]<\/p>\n","protected":false},"author":2,"featured_media":0,"parent":0,"menu_order":0,"comment_status":"closed","ping_status":"closed","template":"page-full-width.php","meta":[],"class_list":["post-4144","page","type-page","status-publish","hentry"],"_links":{"self":[{"href":"https:\/\/corrgo.ch\/en\/wp-json\/wp\/v2\/pages\/4144","targetHints":{"allow":["GET"]}}],"collection":[{"href":"https:\/\/corrgo.ch\/en\/wp-json\/wp\/v2\/pages"}],"about":[{"href":"https:\/\/corrgo.ch\/en\/wp-json\/wp\/v2\/types\/page"}],"author":[{"embeddable":true,"href":"https:\/\/corrgo.ch\/en\/wp-json\/wp\/v2\/users\/2"}],"replies":[{"embeddable":true,"href":"https:\/\/corrgo.ch\/en\/wp-json\/wp\/v2\/comments?post=4144"}],"version-history":[{"count":8,"href":"https:\/\/corrgo.ch\/en\/wp-json\/wp\/v2\/pages\/4144\/revisions"}],"predecessor-version":[{"id":4416,"href":"https:\/\/corrgo.ch\/en\/wp-json\/wp\/v2\/pages\/4144\/revisions\/4416"}],"wp:attachment":[{"href":"https:\/\/corrgo.ch\/en\/wp-json\/wp\/v2\/media?parent=4144"}],"curies":[{"name":"wp","href":"https:\/\/api.w.org\/{rel}","templated":true}]}}