{"id":3512,"date":"2024-10-19T21:27:33","date_gmt":"2024-10-19T21:27:33","guid":{"rendered":"https:\/\/corrgo.ch\/?page_id=3512"},"modified":"2026-04-17T10:50:14","modified_gmt":"2026-04-17T08:50:14","slug":"about-us","status":"publish","type":"page","link":"https:\/\/corrgo.ch\/en\/ueber-uns\/","title":{"rendered":"ABOUT US"},"content":{"rendered":"\t\t<div data-elementor-type=\"wp-page\" data-elementor-id=\"3512\" class=\"elementor elementor-3512\">\n\t\t\t\t<div class=\"elementor-element elementor-element-e3be643 e-con-full qodef-custom-cursor--activate animated-slow e-transform e-flex elementor-invisible e-con e-parent\" data-id=\"e3be643\" data-element_type=\"container\" data-settings=\"{&quot;background_background&quot;:&quot;classic&quot;,&quot;animation&quot;:&quot;zoomIn&quot;,&quot;animation_delay&quot;:500,&quot;_transform_rotateZ_effect&quot;:{&quot;unit&quot;:&quot;px&quot;,&quot;size&quot;:0,&quot;sizes&quot;:[]},&quot;_transform_rotateZ_effect_tablet&quot;:{&quot;unit&quot;:&quot;deg&quot;,&quot;size&quot;:&quot;&quot;,&quot;sizes&quot;:[]},&quot;_transform_rotateZ_effect_mobile&quot;:{&quot;unit&quot;:&quot;deg&quot;,&quot;size&quot;:&quot;&quot;,&quot;sizes&quot;:[]}}\">\n\t\t\t\t<div class=\"elementor-element elementor-element-0abc1e9 elementor-widget elementor-widget-text-editor\" data-id=\"0abc1e9\" data-element_type=\"widget\" data-widget_type=\"text-editor.default\">\n\t\t\t\t<div class=\"elementor-widget-container\">\n\t\t\t\t\t\t\t\t\t<h2>\u00dcber uns<\/h2>\t\t\t\t\t\t\t\t<\/div>\n\t\t\t\t<\/div>\n\t\t\t\t<div class=\"elementor-element elementor-element-0efc37c elementor-widget elementor-widget-spacer\" data-id=\"0efc37c\" data-element_type=\"widget\" data-widget_type=\"spacer.default\">\n\t\t\t\t<div class=\"elementor-widget-container\">\n\t\t\t\t\t\t\t<div class=\"elementor-spacer\">\n\t\t\t<div class=\"elementor-spacer-inner\"><\/div>\n\t\t<\/div>\n\t\t\t\t\t\t<\/div>\n\t\t\t\t<\/div>\n\t\t\t\t<\/div>\n\t\t<div class=\"elementor-element elementor-element-7551071 e-flex e-con-boxed qodef-custom-cursor--deactivate e-con e-parent\" data-id=\"7551071\" data-element_type=\"container\">\n\t\t\t\t\t<div class=\"e-con-inner\">\n\t\t\t\t<div class=\"elementor-element elementor-element-862c45a elementor-widget elementor-widget-spacer\" data-id=\"862c45a\" data-element_type=\"widget\" data-widget_type=\"spacer.default\">\n\t\t\t\t<div class=\"elementor-widget-container\">\n\t\t\t\t\t\t\t<div class=\"elementor-spacer\">\n\t\t\t<div class=\"elementor-spacer-inner\"><\/div>\n\t\t<\/div>\n\t\t\t\t\t\t<\/div>\n\t\t\t\t<\/div>\n\t\t\t\t\t<\/div>\n\t\t\t\t<\/div>\n\t\t<div class=\"elementor-element elementor-element-cbd252e e-con-full qodef-custom-cursor--activate e-flex e-con e-parent\" data-id=\"cbd252e\" data-element_type=\"container\" data-settings=\"{&quot;background_background&quot;:&quot;classic&quot;}\">\n\t\t\t\t<div class=\"elementor-element elementor-element-8118b3a elementor-widget elementor-widget-spacer\" data-id=\"8118b3a\" data-element_type=\"widget\" data-widget_type=\"spacer.default\">\n\t\t\t\t<div class=\"elementor-widget-container\">\n\t\t\t\t\t\t\t<div class=\"elementor-spacer\">\n\t\t\t<div class=\"elementor-spacer-inner\"><\/div>\n\t\t<\/div>\n\t\t\t\t\t\t<\/div>\n\t\t\t\t<\/div>\n\t\t\t\t<div class=\"elementor-element elementor-element-ce77a8e elementor-widget__width-initial elementor-invisible elementor-widget elementor-widget-text-editor\" data-id=\"ce77a8e\" data-element_type=\"widget\" data-settings=\"{&quot;_animation&quot;:&quot;fadeIn&quot;}\" data-widget_type=\"text-editor.default\">\n\t\t\t\t<div class=\"elementor-widget-container\">\n\t\t\t\t\t\t\t\t\t<h4>Wir sorgen f\u00fcr den langfristigen Werterhalt und die Funktionalit\u00e4t Ihrer Oberfl\u00e4chen<\/h4>\t\t\t\t\t\t\t\t<\/div>\n\t\t\t\t<\/div>\n\t\t\t\t<div class=\"elementor-element elementor-element-5af5c55 elementor-widget elementor-widget-spacer\" data-id=\"5af5c55\" data-element_type=\"widget\" data-widget_type=\"spacer.default\">\n\t\t\t\t<div class=\"elementor-widget-container\">\n\t\t\t\t\t\t\t<div class=\"elementor-spacer\">\n\t\t\t<div class=\"elementor-spacer-inner\"><\/div>\n\t\t<\/div>\n\t\t\t\t\t\t<\/div>\n\t\t\t\t<\/div>\n\t\t\t\t<\/div>\n\t\t<div class=\"elementor-element elementor-element-1c22f08 e-flex e-con-boxed qodef-custom-cursor--deactivate e-con e-parent\" data-id=\"1c22f08\" data-element_type=\"container\">\n\t\t\t\t\t<div class=\"e-con-inner\">\n\t\t\t\t<div class=\"elementor-element elementor-element-c0c958b elementor-widget elementor-widget-spacer\" data-id=\"c0c958b\" data-element_type=\"widget\" data-widget_type=\"spacer.default\">\n\t\t\t\t<div class=\"elementor-widget-container\">\n\t\t\t\t\t\t\t<div class=\"elementor-spacer\">\n\t\t\t<div class=\"elementor-spacer-inner\"><\/div>\n\t\t<\/div>\n\t\t\t\t\t\t<\/div>\n\t\t\t\t<\/div>\n\t\t\t\t<div class=\"elementor-element elementor-element-dd73dad elementor-invisible elementor-widget elementor-widget-text-editor\" data-id=\"dd73dad\" data-element_type=\"widget\" data-settings=\"{&quot;_animation&quot;:&quot;fadeIn&quot;}\" data-widget_type=\"text-editor.default\">\n\t\t\t\t<div class=\"elementor-widget-container\">\n\t\t\t\t\t\t\t\t\t<h5>Als Teil der Henkel-Gruppe bietet die CORRGO AG das komplette Dienstleistungsportfolio im Bereich der Instandhaltung und Instandsetzung von Produktionsanlagen aus Edelstahl und Sonderlegierungen \u2013 alles aus einer Hand.<\/h5><h5>Wir unterst\u00fctzen Sie beim langfristigen Werterhalt und der Funktionalit\u00e4t Ihrer Oberfl\u00e4chen.<\/h5><h5>Wir begleiten Sie bereits in der Planungsphase einer Anlage bei der Erstellung von Werkstoffspezifikationen und mit technischer Beratung zum hygienischen Anlagendesign sowie rechtzeitiger Planung chemischer Initialreinigung und Passivierung.<\/h5><h5>Fl\u00e4chige korrosive Bel\u00e4ge wie Rouging und Blacking w\u00e4hrend des Betriebs entfernen wir effizient und stets mit der umweltfreundlichsten Methode.<\/h5><h5>Lokale Korrosion wie Pitting, Lochfrass- und Spaltkorrosion etc. sowie mechanische Besch\u00e4digungen wie z.B. Kratzer sanieren wir zuverl\u00e4ssig mit unseren selbstentwickelten elektrochemischen Verfahren.<\/h5><h5>Ausserdem bieten wir die Sanitisierung und Dekontamination von mikrobiologischen Bel\u00e4gen, die Entfernung von Verkalkungen, Rost und jeglicher Produktr\u00fcckst\u00e4nde.\u00a0<\/h5><h5>Bei der Auswahl der geeigneten chemischen- oder elektrochemischen Sanierungsmethode kommen vorab mikrobiologische und werkstofftechnische Analysemethoden zum Einsatz, die schnell und zuverl\u00e4ssig Ursachen von Prozessabweichungen ermitteln.<\/h5><h5>Unterst\u00fctzend werden hierbei auch Endoskopie und Mikroskopie durchgef\u00fchrt.<\/h5><h5>Da wir um die Sensibilit\u00e4t der Produkte unserer Kunden im pharmazeutischen und biotechnischen Produktionsumfeld wissen, ist es wichtig f\u00fcr uns, die Entstehung von Prozessabweichungen zu verstehen.<\/h5><h5>Unsere jahrzehntelange Erfahrung erlaubt uns eine rasche Einordnung der Einflussfaktoren.<\/h5><h5>Alle Verfahren k\u00f6nnen mit modernem Equipment und geschultem Fachpersonal vor-Ort durchgef\u00fchrt werden, auch im Reinraum.<\/h5><h5>Der Fokus auf Arbeitssicherheit sowie die detaillierte Arbeitsvorbereitung und Dokumentation unserer reproduzierbaren Verfahren im GMP-Umfeld sind f\u00fcr uns selbstverst\u00e4ndlich.<\/h5><h5>Mit einer wachsenden Gruppe von erfahrenen Spezialisten widmen wir uns dynamisch und flexibel den hohen Anforderungen unserer anspruchsvollen Kunden.<\/h5><h5>Wir bieten praxisbezogene Schulungen zum Stand der Technik und der gesetzlichen Vorgaben sowie allen Fragen rund um das Thema Hygiene, gerne auch in Ihrem Hause.<\/h5><h5>Unser Dienstleistungsportfolio wird durch unsere j\u00fcngste Abteilung PharmaPulse komplettiert, die sich mit innovativen Methoden der Dekontamination, Sanitisierung und Unterhaltsreinigung auf die Behandlung von Aussenoberfl\u00e4chen konzentriert. Sie stellt die ideale Erg\u00e4nzung zu unseren Standardverfahren dar, die sich zumeist mit medienber\u00fchrten Innenoberfl\u00e4chen besch\u00e4ftigen.<\/h5><h5>Besonders stolz sind wir auf unser Qualit\u00e4tsmanagementsystem und die aktuelle EcoVadis Medaille in Gold, die unsere ISO-Auszeichnungen 9001, 14001 und 45001 erg\u00e4nzt.<\/h5><h5>Wir entfernen gesichert alle Arten von unerw\u00fcnschten Bel\u00e4gen, ohne Ihre Oberfl\u00e4chen anzugreifen und begleiten Sie langfristig.<\/h5>\t\t\t\t\t\t\t\t<\/div>\n\t\t\t\t<\/div>\n\t\t\t\t<div class=\"elementor-element elementor-element-6d6aaa4 elementor-widget elementor-widget-spacer\" data-id=\"6d6aaa4\" data-element_type=\"widget\" data-widget_type=\"spacer.default\">\n\t\t\t\t<div class=\"elementor-widget-container\">\n\t\t\t\t\t\t\t<div class=\"elementor-spacer\">\n\t\t\t<div class=\"elementor-spacer-inner\"><\/div>\n\t\t<\/div>\n\t\t\t\t\t\t<\/div>\n\t\t\t\t<\/div>\n\t\t\t\t\t<\/div>\n\t\t\t\t<\/div>\n\t\t<div class=\"elementor-element elementor-element-3a371c8 e-flex e-con-boxed qodef-custom-cursor--deactivate e-con e-parent\" data-id=\"3a371c8\" data-element_type=\"container\" data-settings=\"{&quot;background_background&quot;:&quot;classic&quot;}\">\n\t\t\t\t\t<div class=\"e-con-inner\">\n\t\t<div class=\"elementor-element elementor-element-65bb6f3 e-con-full e-flex qodef-custom-cursor--deactivate e-con e-child\" data-id=\"65bb6f3\" data-element_type=\"container\">\n\t\t\t\t<div class=\"elementor-element elementor-element-3e9b90c elementor-invisible elementor-widget elementor-widget-text-editor\" data-id=\"3e9b90c\" data-element_type=\"widget\" data-settings=\"{&quot;_animation&quot;:&quot;slideInLeft&quot;}\" data-widget_type=\"text-editor.default\">\n\t\t\t\t<div class=\"elementor-widget-container\">\n\t\t\t\t\t\t\t\t\t<h5><strong>Informieren Sie sich \u00fcber unsere massgeschneiderten L\u00f6sungen<\/strong><\/h5>\t\t\t\t\t\t\t\t<\/div>\n\t\t\t\t<\/div>\n\t\t\t\t<\/div>\n\t\t<div class=\"elementor-element elementor-element-4d68162 e-con-full e-flex qodef-custom-cursor--deactivate e-con e-child\" data-id=\"4d68162\" data-element_type=\"container\">\n\t\t\t\t<div class=\"elementor-element elementor-element-614f742 elementor-invisible elementor-widget elementor-widget-qi_addons_for_elementor_button\" data-id=\"614f742\" data-element_type=\"widget\" data-settings=\"{&quot;_animation&quot;:&quot;zoomIn&quot;}\" data-widget_type=\"qi_addons_for_elementor_button.default\">\n\t\t\t\t<div class=\"elementor-widget-container\">\n\t\t\t\t\t<a class=\"qodef-shortcode qodef-m qodef-qi-button qodef-html--link qodef-layout--outlined qodef-type--standard qodef-size--large qodef-icon--right qodef-hover--icon-move-horizontal-short\" href=\"https:\/\/corrgo.ch\/dienstleistungen\/\" target=\"_self\">\n\t<span class=\"qodef-m-text\">DIENSTLEISTUNGEN<\/span>\n\t<\/a>\n\t\t\t\t<\/div>\n\t\t\t\t<\/div>\n\t\t\t\t<\/div>\n\t\t\t\t\t<\/div>\n\t\t\t\t<\/div>\n\t\t<div class=\"elementor-element elementor-element-44a73de e-con-full e-flex qodef-custom-cursor--deactivate e-con e-parent\" data-id=\"44a73de\" data-element_type=\"container\">\n\t\t\t\t<div class=\"elementor-element elementor-element-46211e5 elementor-widget elementor-widget-slider_revolution\" data-id=\"46211e5\" data-element_type=\"widget\" data-widget_type=\"slider_revolution.default\">\n\t\t\t\t<div class=\"elementor-widget-container\">\n\t\t\t\t\t\n\t\t<div class=\"wp-block-themepunch-revslider\">\n\t\t\t\t<p class=\"rs-p-wp-fix\"><\/p>\n\t\t\t\t<sr7-module data-alias=\"SLIDER-ABOUT-US\" data-id=\"8\" id=\"SR7_8_1\" class=\"rs-ov-hidden\" data-version=\"6.7.41\">\n\t\t\t\t\t<sr7-adjuster><\/sr7-adjuster>\n\t\t\t\t\t<sr7-content>\n\t\t\t\t\t\t<sr7-slide id=\"SR7_8_1-16\" data-key=\"16\">\n\t\t\t\t\t\t\t<sr7-bg id=\"SR7_8_1-16-1\" class=\"sr7-layer\"><noscript><img decoding=\"async\" src=\"https:\/\/corrgo.ch\/wp-content\/uploads\/2025\/03\/sanitization_decontamination_3.jpg\" alt=\"\" title=\"sanitization_decontamination_3\"><\/noscript><\/sr7-bg>\n\t\t\t\t\t\t<\/sr7-slide>\n\t\t\t\t\t\t<sr7-slide id=\"SR7_8_1-46\" data-key=\"46\">\n\t\t\t\t\t\t\t<sr7-bg id=\"SR7_8_1-46-1\" class=\"sr7-layer\"><noscript><img decoding=\"async\" src=\"https:\/\/corrgo.ch\/wp-content\/uploads\/2025\/03\/derouging_deblacking_6.jpg\" alt=\"\" title=\"derouging_deblacking_6\"><\/noscript><\/sr7-bg>\n\t\t\t\t\t\t<\/sr7-slide>\n\t\t\t\t\t\t<sr7-slide id=\"SR7_8_1-15\" data-key=\"15\">\n\t\t\t\t\t\t\t<sr7-bg id=\"SR7_8_1-15-1\" class=\"sr7-layer\"><noscript><img decoding=\"async\" src=\"https:\/\/corrgo.ch\/wp-content\/uploads\/2024\/10\/corrgo_oberfl.jpg\" alt=\"\" title=\"corrgo_oberfl\"><\/noscript><\/sr7-bg>\n\t\t\t\t\t\t<\/sr7-slide>\n\t\t\t\t\t\t<sr7-slide id=\"SR7_8_1-17\" data-key=\"17\">\n\t\t\t\t\t\t\t<sr7-bg id=\"SR7_8_1-17-1\" class=\"sr7-layer\"><noscript><img decoding=\"async\" src=\"https:\/\/corrgo.ch\/wp-content\/uploads\/2025\/01\/lab_analytics_3.jpg\" alt=\"\" title=\"lab_analytics_3\"><\/noscript><\/sr7-bg>\n\t\t\t\t\t\t<\/sr7-slide>\n\t\t\t\t\t\t<sr7-slide id=\"SR7_8_1-18\" data-key=\"18\">\n\t\t\t\t\t\t\t<sr7-bg id=\"SR7_8_1-18-1\" class=\"sr7-layer\"><noscript><img decoding=\"async\" src=\"https:\/\/corrgo.ch\/wp-content\/uploads\/2025\/03\/sanitization_decontamination_1.jpg\" alt=\"\" title=\"sanitization_decontamination_1\"><\/noscript><\/sr7-bg>\n\t\t\t\t\t\t<\/sr7-slide>\n\t\t\t\t\t\t<sr7-slide id=\"SR7_8_1-182\" data-key=\"182\">\n\t\t\t\t\t\t\t<sr7-bg id=\"SR7_8_1-182-1\" class=\"sr7-layer\"><noscript><img decoding=\"async\" src=\"https:\/\/corrgo.ch\/wp-content\/uploads\/2025\/03\/1-Corrgo_Colored_Hell_0050_002.jpg\" alt=\"\" title=\"Corrgo_Colored_Hell_0050_002\"><\/noscript><\/sr7-bg>\n\t\t\t\t\t\t<\/sr7-slide>\n\t\t\t\t\t\t<sr7-slide id=\"SR7_8_1-183\" data-key=\"183\">\n\t\t\t\t\t\t\t<sr7-bg id=\"SR7_8_1-183-1\" class=\"sr7-layer\"><noscript><img decoding=\"async\" src=\"https:\/\/corrgo.ch\/wp-content\/uploads\/2025\/03\/1-Corrgo_Colored_Hell_0050_004.jpg\" alt=\"\" title=\"Corrgo_Colored_Hell_0050_004\"><\/noscript><\/sr7-bg>\n\t\t\t\t\t\t<\/sr7-slide>\n\t\t\t\t\t\t<sr7-slide id=\"SR7_8_1-19\" data-key=\"19\">\n\t\t\t\t\t\t<\/sr7-slide>\n\t\t\t\t\t<\/sr7-content>\n\t\t\t\t\t<image_lists style=\"display:none\">\n\t\t\t\t\t\t<img data-src=\"\/\/corrgo.ch\/wp-content\/uploads\/2024\/10\/corrgo_oberfl.jpg\" data-libid=\"3970\" data-lib=\"medialibrary\" title=\"corrgo_oberfl\" width=\"0\" height=\"0\" data-dbsrc=\"Ly9jb3JyZ28uY2gvd3AtY29udGVudC91cGxvYWRzLzIwMjQvMTAvY29ycmdvX29iZXJmbC5qcGc=\"\/>\n\t\t\t\t\t\t<img data-src=\"\/\/corrgo.ch\/wp-content\/uploads\/2025\/03\/sanitization_decontamination_3.jpg\" data-libid=\"4839\" data-lib=\"medialibrary\" title=\"sanitization_decontamination_3\" width=\"0\" height=\"0\" data-dbsrc=\"Ly9jb3JyZ28uY2gvd3AtY29udGVudC91cGxvYWRzLzIwMjUvMDMvc2FuaXRpemF0aW9uX2RlY29udGFtaW5hdGlvbl8zLmpwZw==\"\/>\n\t\t\t\t\t\t<img data-src=\"\/\/corrgo.ch\/wp-content\/uploads\/2025\/01\/lab_analytics_3.jpg\" data-libid=\"4448\" data-lib=\"medialibrary\" title=\"lab_analytics_3\" width=\"0\" height=\"0\" data-dbsrc=\"Ly9jb3JyZ28uY2gvd3AtY29udGVudC91cGxvYWRzLzIwMjUvMDEvbGFiX2FuYWx5dGljc18zLmpwZw==\"\/>\n\t\t\t\t\t\t<img loading=\"lazy\" data-src=\"\/\/corrgo.ch\/wp-content\/uploads\/2025\/03\/sanitization_decontamination_1.jpg\" data-libid=\"4843\" data-lib=\"medialibrary\" title=\"sanitization_decontamination_1\" width=\"0\" height=\"0\" data-dbsrc=\"Ly9jb3JyZ28uY2gvd3AtY29udGVudC91cGxvYWRzLzIwMjUvMDMvc2FuaXRpemF0aW9uX2RlY29udGFtaW5hdGlvbl8xLmpwZw==\"\/>\n\t\t\t\t\t\t<img loading=\"lazy\" data-src=\"\/\/corrgo.ch\/wp-content\/uploads\/2025\/03\/portfolio2.jpg\" data-libid=\"4824\" data-lib=\"medialibrary\" title=\"portfolio2\" width=\"0\" height=\"0\" data-dbsrc=\"Ly9jb3JyZ28uY2gvd3AtY29udGVudC91cGxvYWRzLzIwMjUvMDMvcG9ydGZvbGlvMi5qcGc=\"\/>\n\t\t\t\t\t\t<img loading=\"lazy\" data-src=\"\/\/corrgo.ch\/wp-content\/uploads\/2025\/03\/1-Corrgo_Colored_Hell_0050_002.jpg\" data-libid=\"4648\" data-lib=\"medialibrary\" title=\"Corrgo_Colored_Hell_0050_002\" width=\"0\" height=\"0\" data-dbsrc=\"Ly9jb3JyZ28uY2gvd3AtY29udGVudC91cGxvYWRzLzIwMjUvMDMvMS1Db3JyZ29fQ29sb3JlZF9IZWxsXzAwNTBfMDAyLmpwZw==\"\/>\n\t\t\t\t\t\t<img loading=\"lazy\" data-src=\"\/\/corrgo.ch\/wp-content\/uploads\/2025\/03\/1-Corrgo_Colored_Hell_0050_004.jpg\" data-libid=\"4649\" data-lib=\"medialibrary\" title=\"Corrgo_Colored_Hell_0050_004\" width=\"0\" height=\"0\" data-dbsrc=\"Ly9jb3JyZ28uY2gvd3AtY29udGVudC91cGxvYWRzLzIwMjUvMDMvMS1Db3JyZ29fQ29sb3JlZF9IZWxsXzAwNTBfMDA0LmpwZw==\"\/>\n\t\t\t\t\t<\/image_lists>\n\t\t\t\t<\/sr7-module>\n\t\t\t\t<script>\n\t\t\t\t\tSR7.PMH ??={}; SR7.PMH[\"SR7_8_1\"] = {cn:100,state:false,fn: function() { if (_tpt!==undefined && _tpt.prepareModuleHeight !== undefined) {  _tpt.prepareModuleHeight({id:\"SR7_8_1\",el:[550,550,768,960,720],type:'standard',shdw:'0',gh:[550,550,550,550,550],gw:[1240,1240,1024,778,480],vpt:['-100px&#039;,&#039;-100px&#039;,&#039;-100px&#039;,&#039;-100px&#039;,&#039;-100px'],size:{fullWidth:true, fullHeight:false},mh:'0',onh:0,onw:0,bg:{color:'{\"orig\":\"transparent\",\"type\":\"solid\",\"string\":\"transparent\"}'}});   SR7.PMH[\"SR7_8_1\"].state=true;} else if(SR7.PMH[\"SR7_8_1\"].cn-->0)\tsetTimeout( SR7.PMH[\"SR7_8_1\"].fn,19);}};SR7.PMH[\"SR7_8_1\" ].fn();\n\t\t\t\t<\/script>\n<\/div>\n\n\t\t\t\t\t\t<\/div>\n\t\t\t\t<\/div>\n\t\t\t\t<\/div>\n\t\t\t\t<\/div>\n\t\t","protected":false},"excerpt":{"rendered":"<p>\u00dcber uns Wir sorgen f\u00fcr den langfristigen Werterhalt und die Funktionalit\u00e4t Ihrer Oberfl\u00e4chen Als Teil der Henkel-Gruppe bietet die CORRGO AG das komplette Dienstleistungsportfolio im Bereich der Instandhaltung und Instandsetzung von Produktionsanlagen aus Edelstahl und Sonderlegierungen \u2013 alles aus einer Hand. Wir unterst\u00fctzen Sie beim langfristigen Werterhalt und der Funktionalit\u00e4t Ihrer Oberfl\u00e4chen. Wir begleiten Sie [&hellip;]<\/p>\n","protected":false},"author":1,"featured_media":0,"parent":0,"menu_order":0,"comment_status":"closed","ping_status":"closed","template":"page-full-width.php","meta":[],"class_list":["post-3512","page","type-page","status-publish","hentry"],"_links":{"self":[{"href":"https:\/\/corrgo.ch\/en\/wp-json\/wp\/v2\/pages\/3512","targetHints":{"allow":["GET"]}}],"collection":[{"href":"https:\/\/corrgo.ch\/en\/wp-json\/wp\/v2\/pages"}],"about":[{"href":"https:\/\/corrgo.ch\/en\/wp-json\/wp\/v2\/types\/page"}],"author":[{"embeddable":true,"href":"https:\/\/corrgo.ch\/en\/wp-json\/wp\/v2\/users\/1"}],"replies":[{"embeddable":true,"href":"https:\/\/corrgo.ch\/en\/wp-json\/wp\/v2\/comments?post=3512"}],"version-history":[{"count":135,"href":"https:\/\/corrgo.ch\/en\/wp-json\/wp\/v2\/pages\/3512\/revisions"}],"predecessor-version":[{"id":5255,"href":"https:\/\/corrgo.ch\/en\/wp-json\/wp\/v2\/pages\/3512\/revisions\/5255"}],"wp:attachment":[{"href":"https:\/\/corrgo.ch\/en\/wp-json\/wp\/v2\/media?parent=3512"}],"curies":[{"name":"wp","href":"https:\/\/api.w.org\/{rel}","templated":true}]}}